{"id":13,"date":"2025-04-05T15:13:52","date_gmt":"2025-04-05T18:13:52","guid":{"rendered":"https:\/\/anegocios.com.br\/aprovacao\/lysandre\/?page_id=13"},"modified":"2025-04-15T10:33:48","modified_gmt":"2025-04-15T13:33:48","slug":"reembolso_devolucoes","status":"publish","type":"page","link":"https:\/\/anegocios.com.br\/aprovacao\/lysandre\/reembolso_devolucoes\/","title":{"rendered":"Pol\u00edtica de reembolso e devolu\u00e7\u00f5es"},"content":{"rendered":"\t\t<div data-elementor-type=\"wp-page\" data-elementor-id=\"13\" class=\"elementor elementor-13\" data-elementor-post-type=\"page\">\n\t\t\t\t<div class=\"elementor-element elementor-element-7f799bc e-flex e-con-boxed e-con e-parent\" data-id=\"7f799bc\" data-element_type=\"container\" data-e-type=\"container\" data-settings=\"{&quot;background_background&quot;:&quot;classic&quot;}\">\n\t\t\t\t\t<div class=\"e-con-inner\">\n\t\t\t\t<div class=\"elementor-element elementor-element-add0d5d elementor-align-center elementor-widget elementor-widget-breadcrumbs\" data-id=\"add0d5d\" data-element_type=\"widget\" data-e-type=\"widget\" data-widget_type=\"breadcrumbs.default\">\n\t\t\t\t<div class=\"elementor-widget-container\">\n\t\t\t\t\t<p id=\"breadcrumbs\"><span><span><a href=\"https:\/\/anegocios.com.br\/aprovacao\/lysandre\/\">In\u00edcio<\/a><\/span><\/span><\/p>\t\t\t\t<\/div>\n\t\t\t\t<\/div>\n\t\t\t\t\t<\/div>\n\t\t\t\t<\/div>\n\t\t<div class=\"elementor-element elementor-element-35d3836 e-flex e-con-boxed e-con e-parent\" data-id=\"35d3836\" data-element_type=\"container\" data-e-type=\"container\">\n\t\t\t\t\t<div class=\"e-con-inner\">\n\t\t\t\t<div class=\"elementor-element elementor-element-12c8d41 elementor-widget elementor-widget-text-editor\" data-id=\"12c8d41\" data-element_type=\"widget\" data-e-type=\"widget\" data-widget_type=\"text-editor.default\">\n\t\t\t\t<div class=\"elementor-widget-container\">\n\t\t\t\t\t\t\t\t\t<p class=\"\" data-start=\"222\" data-end=\"509\">Na <strong data-start=\"225\" data-end=\"244\">Lyusandre Modas<\/strong>, prezamos pela sua satisfa\u00e7\u00e3o e queremos garantir uma experi\u00eancia de compra segura e transparente. Esta pol\u00edtica est\u00e1 de acordo com o <strong data-start=\"379\" data-end=\"433\">C\u00f3digo de Defesa do Consumidor (Lei n\u00ba 8.078\/1990)<\/strong> e esclarece seus direitos em caso de devolu\u00e7\u00e3o ou solicita\u00e7\u00e3o de reembolso.<\/p>\n<h3 class=\"\" data-start=\"516\" data-end=\"569\"><strong data-start=\"520\" data-end=\"569\">1. Direito de Arrependimento (Art. 49 do CDC)<\/strong><\/h3>\n<p class=\"\" data-start=\"571\" data-end=\"781\">De acordo com a legisla\u00e7\u00e3o, compras realizadas fora do estabelecimento f\u00edsico (como pela internet) permitem ao cliente o <strong data-start=\"692\" data-end=\"751\">direito de arrependimento em at\u00e9 7 (sete) dias corridos<\/strong> ap\u00f3s o recebimento do pedido.<\/p>\n<p class=\"\" data-start=\"783\" data-end=\"841\"><strong data-start=\"783\" data-end=\"841\">Para que o reembolso seja realizado, \u00e9 necess\u00e1rio que:<\/strong><\/p>\n<ul data-start=\"842\" data-end=\"1127\">\n<li class=\"\" data-start=\"842\" data-end=\"956\">\n<p class=\"\" data-start=\"844\" data-end=\"956\">O produto esteja <strong data-start=\"861\" data-end=\"872\">sem uso<\/strong>, em <strong data-start=\"877\" data-end=\"896\">perfeito estado<\/strong>, com <strong data-start=\"902\" data-end=\"915\">etiquetas<\/strong>, <strong data-start=\"917\" data-end=\"927\">lacres<\/strong> e na <strong data-start=\"933\" data-end=\"955\">embalagem original<\/strong>.<\/p>\n<\/li>\n<li class=\"\" data-start=\"957\" data-end=\"1023\">\n<p class=\"\" data-start=\"959\" data-end=\"1023\">Todos os acess\u00f3rios e brindes recebidos tamb\u00e9m sejam devolvidos.<\/p>\n<\/li>\n<li class=\"\" data-start=\"1024\" data-end=\"1127\">\n<p class=\"\" data-start=\"1026\" data-end=\"1127\">A solicita\u00e7\u00e3o de devolu\u00e7\u00e3o seja feita dentro do prazo, atrav\u00e9s de um de nossos canais de atendimento.<\/p>\n<\/li>\n<\/ul>\n<p class=\"\" data-start=\"1129\" data-end=\"1209\"><strong data-start=\"1129\" data-end=\"1209\">O custo do frete de devolu\u00e7\u00e3o nesses casos ser\u00e1 arcado pela Lyusandre Modas.<\/strong><\/p>\n<h3 class=\"\" data-start=\"1216\" data-end=\"1256\"><strong data-start=\"1220\" data-end=\"1256\">2. Produto com Defeito ou Avaria<\/strong><\/h3>\n<p class=\"\" data-start=\"1258\" data-end=\"1458\">Se o produto recebido apresentar <strong data-start=\"1291\" data-end=\"1316\">defeito de fabrica\u00e7\u00e3o<\/strong> ou <strong data-start=\"1320\" data-end=\"1352\">avaria causada no transporte<\/strong>, o cliente poder\u00e1 solicitar a troca ou reembolso em at\u00e9 <strong data-start=\"1409\" data-end=\"1438\">30 (trinta) dias corridos<\/strong> ap\u00f3s o recebimento.<\/p>\n<p class=\"\" data-start=\"1460\" data-end=\"1483\"><strong data-start=\"1460\" data-end=\"1483\">Op\u00e7\u00f5es dispon\u00edveis:<\/strong><\/p>\n<ul data-start=\"1484\" data-end=\"1633\">\n<li class=\"\" data-start=\"1484\" data-end=\"1534\">\n<p class=\"\" data-start=\"1486\" data-end=\"1534\">Troca por outro produto igual ou de mesmo valor;<\/p>\n<\/li>\n<li class=\"\" data-start=\"1535\" data-end=\"1567\">\n<p class=\"\" data-start=\"1537\" data-end=\"1567\">Reembolso total do valor pago;<\/p>\n<\/li>\n<li class=\"\" data-start=\"1568\" data-end=\"1633\">\n<p class=\"\" data-start=\"1570\" data-end=\"1633\">Abatimento proporcional, se o cliente desejar ficar com o item.<\/p>\n<\/li>\n<\/ul>\n<p class=\"\" data-start=\"1635\" data-end=\"1777\"><strong data-start=\"1635\" data-end=\"1650\">Importante:<\/strong> N\u00e3o realizamos trocas ou reembolsos de produtos danificados por mau uso, lavagem inadequada, modifica\u00e7\u00f5es ou desgaste natural.<\/p>\n<h3 class=\"\" data-start=\"1784\" data-end=\"1804\"><strong data-start=\"1788\" data-end=\"1804\">3. Reembolso<\/strong><\/h3>\n<p class=\"\" data-start=\"1806\" data-end=\"1874\">O reembolso ser\u00e1 processado conforme a forma de pagamento utilizada:<\/p>\n<ul data-start=\"1876\" data-end=\"2137\">\n<li class=\"\" data-start=\"1876\" data-end=\"1979\">\n<p class=\"\" data-start=\"1878\" data-end=\"1979\"><strong data-start=\"1878\" data-end=\"1900\">Cart\u00e3o de cr\u00e9dito:<\/strong> Estorno na fatura, conforme prazos da operadora (pode levar at\u00e9 duas faturas).<\/p>\n<\/li>\n<li class=\"\" data-start=\"1980\" data-end=\"2137\">\n<p class=\"\" data-start=\"1982\" data-end=\"2137\"><strong data-start=\"1982\" data-end=\"2000\">PIX ou boleto:<\/strong> Reembolso via transfer\u00eancia banc\u00e1ria para conta de mesma titularidade, em at\u00e9 <strong data-start=\"2079\" data-end=\"2096\">10 dias \u00fateis<\/strong> ap\u00f3s a an\u00e1lise e aprova\u00e7\u00e3o da devolu\u00e7\u00e3o.<\/p>\n<\/li>\n<\/ul>\n<h3 class=\"\" data-start=\"2144\" data-end=\"2205\"><strong data-start=\"2148\" data-end=\"2205\">4. Procedimento para Solicitar Devolu\u00e7\u00e3o ou Reembolso<\/strong><\/h3>\n<ol data-start=\"2207\" data-end=\"2688\">\n<li class=\"\" data-start=\"2207\" data-end=\"2444\">\n<p class=\"\" data-start=\"2210\" data-end=\"2325\">Envie um e-mail para <strong data-start=\"2231\" data-end=\"2258\"><a rel=\"noopener\" data-start=\"2233\" data-end=\"2256\">contato@lysandre.com.br<\/a><\/strong> ou entre em contato pelo WhatsApp <strong data-start=\"2293\" data-end=\"2312\">(11) 98344-8404<\/strong>, informando:<\/p>\n<ul data-start=\"2329\" data-end=\"2444\">\n<li class=\"\" data-start=\"2329\" data-end=\"2347\">\n<p class=\"\" data-start=\"2331\" data-end=\"2347\">N\u00famero do pedido<\/p>\n<\/li>\n<li class=\"\" data-start=\"2351\" data-end=\"2366\">\n<p class=\"\" data-start=\"2353\" data-end=\"2366\">Nome completo<\/p>\n<\/li>\n<li class=\"\" data-start=\"2370\" data-end=\"2391\">\n<p class=\"\" data-start=\"2372\" data-end=\"2391\">Motivo da devolu\u00e7\u00e3o<\/p>\n<\/li>\n<li class=\"\" data-start=\"2395\" data-end=\"2444\">\n<p class=\"\" data-start=\"2397\" data-end=\"2444\">Fotos do produto (em caso de avaria ou defeito)<\/p>\n<\/li>\n<\/ul>\n<\/li>\n<li class=\"\" data-start=\"2446\" data-end=\"2543\">\n<p class=\"\" data-start=\"2449\" data-end=\"2543\">Ap\u00f3s o recebimento da solicita\u00e7\u00e3o, nossa equipe enviar\u00e1 as instru\u00e7\u00f5es para o envio do produto.<\/p>\n<\/li>\n<li class=\"\" data-start=\"2545\" data-end=\"2688\">\n<p class=\"\" data-start=\"2548\" data-end=\"2688\">Ap\u00f3s o recebimento e an\u00e1lise do item (em at\u00e9 7 dias \u00fateis), entraremos em contato para informar a aprova\u00e7\u00e3o e realizar o reembolso ou troca.<\/p>\n<\/li>\n<\/ol>\n<h3 class=\"\" data-start=\"2695\" data-end=\"2727\"><strong data-start=\"2699\" data-end=\"2727\">5. D\u00favidas e Atendimento<\/strong><\/h3>\n<p class=\"\" data-start=\"2729\" data-end=\"2836\">Caso tenha qualquer d\u00favida sobre esta pol\u00edtica ou deseje iniciar uma solicita\u00e7\u00e3o, entre em contato conosco:<\/p>\n<p class=\"\" data-start=\"2838\" data-end=\"2960\">\ud83d\udce7 <strong data-start=\"2841\" data-end=\"2868\"><a rel=\"noopener\" data-start=\"2843\" data-end=\"2866\">contato@lysandre.com.br<\/a><\/strong><br data-start=\"2868\" data-end=\"2871\" \/>\ud83d\udcf1 WhatsApp: <strong data-start=\"2884\" data-end=\"2903\">(11) 98344-8404<\/strong><br data-start=\"2903\" data-end=\"2906\" \/>\ud83d\udd58 Atendimento de segunda a sexta-feira, das 9h \u00e0s 17h<\/p>\t\t\t\t\t\t\t\t<\/div>\n\t\t\t\t<\/div>\n\t\t\t\t\t<\/div>\n\t\t\t\t<\/div>\n\t\t\t\t<\/div>\n\t\t","protected":false},"excerpt":{"rendered":"<p>Na Lyusandre Modas, prezamos pela sua satisfa\u00e7\u00e3o e queremos garantir uma experi\u00eancia de compra segura e transparente. Esta pol\u00edtica est\u00e1 de acordo com o C\u00f3digo de Defesa do Consumidor (Lei n\u00ba 8.078\/1990) e esclarece seus direitos em caso de devolu\u00e7\u00e3o ou solicita\u00e7\u00e3o de reembolso. 1. Direito de Arrependimento (Art. 49 do CDC) De acordo com [&hellip;]<\/p>\n","protected":false},"author":1,"featured_media":0,"parent":0,"menu_order":0,"comment_status":"closed","ping_status":"closed","template":"","meta":{"_acf_changed":false,"footnotes":""},"class_list":["post-13","page","type-page","status-publish","hentry"],"acf":[],"yoast_head":"<!-- This site is optimized with the Yoast SEO plugin v27.5 - https:\/\/yoast.com\/product\/yoast-seo-wordpress\/ -->\n<title>Pol\u00edtica de reembolso e devolu\u00e7\u00f5es - Lysandre Modas<\/title>\n<meta name=\"robots\" content=\"noindex, follow, max-snippet:-1, max-image-preview:large, max-video-preview:-1\" \/>\n<meta property=\"og:locale\" content=\"pt_BR\" \/>\n<meta property=\"og:type\" content=\"article\" \/>\n<meta property=\"og:title\" content=\"Pol\u00edtica de reembolso e devolu\u00e7\u00f5es - Lysandre Modas\" \/>\n<meta property=\"og:description\" content=\"Na Lyusandre Modas, prezamos pela sua satisfa\u00e7\u00e3o e queremos garantir uma experi\u00eancia de compra segura e transparente. Esta pol\u00edtica est\u00e1 de acordo com o C\u00f3digo de Defesa do Consumidor (Lei n\u00ba 8.078\/1990) e esclarece seus direitos em caso de devolu\u00e7\u00e3o ou solicita\u00e7\u00e3o de reembolso. 1. Direito de Arrependimento (Art. 49 do CDC) De acordo com [&hellip;]\" \/>\n<meta property=\"og:url\" content=\"https:\/\/anegocios.com.br\/aprovacao\/lysandre\/reembolso_devolucoes\/\" \/>\n<meta property=\"og:site_name\" content=\"Lysandre Modas\" \/>\n<meta property=\"article:modified_time\" content=\"2025-04-15T13:33:48+00:00\" \/>\n<meta name=\"twitter:card\" content=\"summary_large_image\" \/>\n<meta name=\"twitter:label1\" content=\"Est. tempo de leitura\" \/>\n\t<meta name=\"twitter:data1\" content=\"3 minutos\" \/>\n<script type=\"application\/ld+json\" class=\"yoast-schema-graph\">{\"@context\":\"https:\\\/\\\/schema.org\",\"@graph\":[{\"@type\":\"WebPage\",\"@id\":\"https:\\\/\\\/anegocios.com.br\\\/aprovacao\\\/lysandre\\\/reembolso_devolucoes\\\/\",\"url\":\"https:\\\/\\\/anegocios.com.br\\\/aprovacao\\\/lysandre\\\/reembolso_devolucoes\\\/\",\"name\":\"Pol\u00edtica de reembolso e devolu\u00e7\u00f5es - Lysandre Modas\",\"isPartOf\":{\"@id\":\"https:\\\/\\\/anegocios.com.br\\\/aprovacao\\\/lysandre\\\/#website\"},\"datePublished\":\"2025-04-05T18:13:52+00:00\",\"dateModified\":\"2025-04-15T13:33:48+00:00\",\"breadcrumb\":{\"@id\":\"https:\\\/\\\/anegocios.com.br\\\/aprovacao\\\/lysandre\\\/reembolso_devolucoes\\\/#breadcrumb\"},\"inLanguage\":\"pt-BR\",\"potentialAction\":[{\"@type\":\"ReadAction\",\"target\":[\"https:\\\/\\\/anegocios.com.br\\\/aprovacao\\\/lysandre\\\/reembolso_devolucoes\\\/\"]}]},{\"@type\":\"BreadcrumbList\",\"@id\":\"https:\\\/\\\/anegocios.com.br\\\/aprovacao\\\/lysandre\\\/reembolso_devolucoes\\\/#breadcrumb\",\"itemListElement\":[{\"@type\":\"ListItem\",\"position\":1,\"name\":\"In\u00edcio\",\"item\":\"https:\\\/\\\/anegocios.com.br\\\/aprovacao\\\/lysandre\\\/\"},{\"@type\":\"ListItem\",\"position\":2,\"name\":\"Pol\u00edtica de reembolso e devolu\u00e7\u00f5es\"}]},{\"@type\":\"WebSite\",\"@id\":\"https:\\\/\\\/anegocios.com.br\\\/aprovacao\\\/lysandre\\\/#website\",\"url\":\"https:\\\/\\\/anegocios.com.br\\\/aprovacao\\\/lysandre\\\/\",\"name\":\"Lysandre Modas\",\"description\":\"\",\"potentialAction\":[{\"@type\":\"SearchAction\",\"target\":{\"@type\":\"EntryPoint\",\"urlTemplate\":\"https:\\\/\\\/anegocios.com.br\\\/aprovacao\\\/lysandre\\\/?s={search_term_string}\"},\"query-input\":{\"@type\":\"PropertyValueSpecification\",\"valueRequired\":true,\"valueName\":\"search_term_string\"}}],\"inLanguage\":\"pt-BR\"}]}<\/script>\n<!-- \/ Yoast SEO plugin. -->","yoast_head_json":{"title":"Pol\u00edtica de reembolso e devolu\u00e7\u00f5es - Lysandre Modas","robots":{"index":"noindex","follow":"follow","max-snippet":"max-snippet:-1","max-image-preview":"max-image-preview:large","max-video-preview":"max-video-preview:-1"},"og_locale":"pt_BR","og_type":"article","og_title":"Pol\u00edtica de reembolso e devolu\u00e7\u00f5es - Lysandre Modas","og_description":"Na Lyusandre Modas, prezamos pela sua satisfa\u00e7\u00e3o e queremos garantir uma experi\u00eancia de compra segura e transparente. Esta pol\u00edtica est\u00e1 de acordo com o C\u00f3digo de Defesa do Consumidor (Lei n\u00ba 8.078\/1990) e esclarece seus direitos em caso de devolu\u00e7\u00e3o ou solicita\u00e7\u00e3o de reembolso. 1. Direito de Arrependimento (Art. 49 do CDC) De acordo com [&hellip;]","og_url":"https:\/\/anegocios.com.br\/aprovacao\/lysandre\/reembolso_devolucoes\/","og_site_name":"Lysandre Modas","article_modified_time":"2025-04-15T13:33:48+00:00","twitter_card":"summary_large_image","twitter_misc":{"Est. tempo de leitura":"3 minutos"},"schema":{"@context":"https:\/\/schema.org","@graph":[{"@type":"WebPage","@id":"https:\/\/anegocios.com.br\/aprovacao\/lysandre\/reembolso_devolucoes\/","url":"https:\/\/anegocios.com.br\/aprovacao\/lysandre\/reembolso_devolucoes\/","name":"Pol\u00edtica de reembolso e devolu\u00e7\u00f5es - Lysandre Modas","isPartOf":{"@id":"https:\/\/anegocios.com.br\/aprovacao\/lysandre\/#website"},"datePublished":"2025-04-05T18:13:52+00:00","dateModified":"2025-04-15T13:33:48+00:00","breadcrumb":{"@id":"https:\/\/anegocios.com.br\/aprovacao\/lysandre\/reembolso_devolucoes\/#breadcrumb"},"inLanguage":"pt-BR","potentialAction":[{"@type":"ReadAction","target":["https:\/\/anegocios.com.br\/aprovacao\/lysandre\/reembolso_devolucoes\/"]}]},{"@type":"BreadcrumbList","@id":"https:\/\/anegocios.com.br\/aprovacao\/lysandre\/reembolso_devolucoes\/#breadcrumb","itemListElement":[{"@type":"ListItem","position":1,"name":"In\u00edcio","item":"https:\/\/anegocios.com.br\/aprovacao\/lysandre\/"},{"@type":"ListItem","position":2,"name":"Pol\u00edtica de reembolso e devolu\u00e7\u00f5es"}]},{"@type":"WebSite","@id":"https:\/\/anegocios.com.br\/aprovacao\/lysandre\/#website","url":"https:\/\/anegocios.com.br\/aprovacao\/lysandre\/","name":"Lysandre Modas","description":"","potentialAction":[{"@type":"SearchAction","target":{"@type":"EntryPoint","urlTemplate":"https:\/\/anegocios.com.br\/aprovacao\/lysandre\/?s={search_term_string}"},"query-input":{"@type":"PropertyValueSpecification","valueRequired":true,"valueName":"search_term_string"}}],"inLanguage":"pt-BR"}]}},"_links":{"self":[{"href":"https:\/\/anegocios.com.br\/aprovacao\/lysandre\/wp-json\/wp\/v2\/pages\/13","targetHints":{"allow":["GET"]}}],"collection":[{"href":"https:\/\/anegocios.com.br\/aprovacao\/lysandre\/wp-json\/wp\/v2\/pages"}],"about":[{"href":"https:\/\/anegocios.com.br\/aprovacao\/lysandre\/wp-json\/wp\/v2\/types\/page"}],"author":[{"embeddable":true,"href":"https:\/\/anegocios.com.br\/aprovacao\/lysandre\/wp-json\/wp\/v2\/users\/1"}],"replies":[{"embeddable":true,"href":"https:\/\/anegocios.com.br\/aprovacao\/lysandre\/wp-json\/wp\/v2\/comments?post=13"}],"version-history":[{"count":3,"href":"https:\/\/anegocios.com.br\/aprovacao\/lysandre\/wp-json\/wp\/v2\/pages\/13\/revisions"}],"predecessor-version":[{"id":6120,"href":"https:\/\/anegocios.com.br\/aprovacao\/lysandre\/wp-json\/wp\/v2\/pages\/13\/revisions\/6120"}],"wp:attachment":[{"href":"https:\/\/anegocios.com.br\/aprovacao\/lysandre\/wp-json\/wp\/v2\/media?parent=13"}],"curies":[{"name":"wp","href":"https:\/\/api.w.org\/{rel}","templated":true}]}}