{"id":1035,"date":"2025-04-11T11:40:37","date_gmt":"2025-04-11T14:40:37","guid":{"rendered":"https:\/\/anegocios.com.br\/aprovacao\/lysandre\/?post_type=product&#038;p=1035"},"modified":"2025-04-11T11:43:44","modified_gmt":"2025-04-11T14:43:44","slug":"saia-ziper-jacare-vermelha-c-botoes","status":"publish","type":"product","link":"https:\/\/anegocios.com.br\/aprovacao\/lysandre\/produto\/saia-ziper-jacare-vermelha-c-botoes\/","title":{"rendered":"Saia z\u00edper jacar\u00e9 vermelha c\/bot\u00f5es"},"content":{"rendered":"<p><iframe title=\"LYSANDRE.COM.BR\" width=\"800\" height=\"450\" src=\"https:\/\/www.youtube.com\/embed\/jWCZQboPqOc?feature=oembed\" frameborder=\"0\" allow=\"accelerometer; autoplay; clipboard-write; encrypted-media; gyroscope; picture-in-picture; web-share\" referrerpolicy=\"strict-origin-when-cross-origin\" allowfullscreen><\/iframe><\/p>\n<p>Muitos ainda desconhecem o bengaline, mas quem \u00e9 apresentado \u00e0 essa trama, se apaixona. O tecido, normalmente de viscose ou algod\u00e3o, mescla fibras naturais e artificiais e BASTANTE elastano. \u00a0O resultado \u00e9 sempre uma pe\u00e7a confort\u00e1vel e com caimento perfeito. E, vamos combinar, na correria do dia a dia, \u00e9 altamente recomendado prezar sempre pelo conforto.<\/p>\n<p><em>Composi\u00e7\u00e3o<\/em>: 96% Poli\u00e9ster + 4% Elastano.<\/p>\n<p>P 36-M 38- G 40 -GG 42 -G1 44- G2 46 -G3 48 -G4 50- G5 52-G6 54 G7 56 -G8 58<\/p>\n","protected":false},"excerpt":{"rendered":"<p>Muitos ainda desconhecem o bengaline, mas quem \u00e9 apresentado \u00e0 essa trama, se apaixona. O tecido, normalmente de viscose ou algod\u00e3o, mescla fibras naturais e artificiais e BASTANTE elastano. \u00a0O resultado \u00e9 sempre uma pe\u00e7a confort\u00e1vel e com caimento perfeito. E, vamos combinar, na correria do dia a dia, \u00e9 altamente recomendado prezar sempre pelo [&hellip;]<\/p>\n","protected":false},"featured_media":1047,"comment_status":"open","ping_status":"closed","template":"","meta":{"_acf_changed":false},"product_brand":[],"product_cat":[21,44,45,46,47],"product_tag":[],"class_list":{"0":"post-1035","1":"product","2":"type-product","3":"status-publish","4":"has-post-thumbnail","6":"product_cat-feminino","7":"product_cat-saia-c-botoes","8":"product_cat-saia-c-ziper-dente-de-jacare","9":"product_cat-saia-secretaria","10":"product_cat-saia-ziper-jacare","12":"first","13":"instock","14":"sale","15":"shipping-taxable","16":"purchasable","17":"product-type-variable"},"acf":[],"yoast_head":"<!-- This site is optimized with the Yoast SEO plugin v27.5 - https:\/\/yoast.com\/product\/yoast-seo-wordpress\/ -->\n<title>Saia z\u00edper jacar\u00e9 vermelha c\/bot\u00f5es - Lysandre Modas<\/title>\n<meta name=\"robots\" content=\"noindex, follow, max-snippet:-1, max-image-preview:large, max-video-preview:-1\" \/>\n<meta property=\"og:locale\" content=\"pt_BR\" \/>\n<meta property=\"og:type\" content=\"article\" \/>\n<meta property=\"og:title\" content=\"Saia z\u00edper jacar\u00e9 vermelha c\/bot\u00f5es - Lysandre Modas\" \/>\n<meta property=\"og:description\" content=\"Muitos ainda desconhecem o bengaline, mas quem \u00e9 apresentado \u00e0 essa trama, se apaixona. O tecido, normalmente de viscose ou algod\u00e3o, mescla fibras naturais e artificiais e BASTANTE elastano. \u00a0O resultado \u00e9 sempre uma pe\u00e7a confort\u00e1vel e com caimento perfeito. E, vamos combinar, na correria do dia a dia, \u00e9 altamente recomendado prezar sempre pelo [&hellip;]\" \/>\n<meta property=\"og:url\" content=\"https:\/\/anegocios.com.br\/aprovacao\/lysandre\/produto\/saia-ziper-jacare-vermelha-c-botoes\/\" \/>\n<meta property=\"og:site_name\" content=\"Lysandre Modas\" \/>\n<meta property=\"article:modified_time\" content=\"2025-04-11T14:43:44+00:00\" \/>\n<meta property=\"og:image\" content=\"https:\/\/anegocios.com.br\/aprovacao\/lysandre\/wp-content\/uploads\/2025\/04\/image00011-otimizadas-1.jpg\" \/>\n\t<meta property=\"og:image:width\" content=\"700\" \/>\n\t<meta property=\"og:image:height\" content=\"993\" \/>\n\t<meta property=\"og:image:type\" content=\"image\/jpeg\" \/>\n<meta name=\"twitter:card\" content=\"summary_large_image\" \/>\n<script type=\"application\/ld+json\" class=\"yoast-schema-graph\">{\"@context\":\"https:\\\/\\\/schema.org\",\"@graph\":[{\"@type\":\"WebPage\",\"@id\":\"https:\\\/\\\/anegocios.com.br\\\/aprovacao\\\/lysandre\\\/produto\\\/saia-ziper-jacare-vermelha-c-botoes\\\/\",\"url\":\"https:\\\/\\\/anegocios.com.br\\\/aprovacao\\\/lysandre\\\/produto\\\/saia-ziper-jacare-vermelha-c-botoes\\\/\",\"name\":\"Saia z\u00edper jacar\u00e9 vermelha c\\\/bot\u00f5es - Lysandre Modas\",\"isPartOf\":{\"@id\":\"https:\\\/\\\/anegocios.com.br\\\/aprovacao\\\/lysandre\\\/#website\"},\"primaryImageOfPage\":{\"@id\":\"https:\\\/\\\/anegocios.com.br\\\/aprovacao\\\/lysandre\\\/produto\\\/saia-ziper-jacare-vermelha-c-botoes\\\/#primaryimage\"},\"image\":{\"@id\":\"https:\\\/\\\/anegocios.com.br\\\/aprovacao\\\/lysandre\\\/produto\\\/saia-ziper-jacare-vermelha-c-botoes\\\/#primaryimage\"},\"thumbnailUrl\":\"https:\\\/\\\/anegocios.com.br\\\/aprovacao\\\/lysandre\\\/wp-content\\\/uploads\\\/2025\\\/04\\\/image00011-otimizadas-1.jpg\",\"datePublished\":\"2025-04-11T14:40:37+00:00\",\"dateModified\":\"2025-04-11T14:43:44+00:00\",\"breadcrumb\":{\"@id\":\"https:\\\/\\\/anegocios.com.br\\\/aprovacao\\\/lysandre\\\/produto\\\/saia-ziper-jacare-vermelha-c-botoes\\\/#breadcrumb\"},\"inLanguage\":\"pt-BR\",\"potentialAction\":[{\"@type\":\"ReadAction\",\"target\":[\"https:\\\/\\\/anegocios.com.br\\\/aprovacao\\\/lysandre\\\/produto\\\/saia-ziper-jacare-vermelha-c-botoes\\\/\"]}]},{\"@type\":\"ImageObject\",\"inLanguage\":\"pt-BR\",\"@id\":\"https:\\\/\\\/anegocios.com.br\\\/aprovacao\\\/lysandre\\\/produto\\\/saia-ziper-jacare-vermelha-c-botoes\\\/#primaryimage\",\"url\":\"https:\\\/\\\/anegocios.com.br\\\/aprovacao\\\/lysandre\\\/wp-content\\\/uploads\\\/2025\\\/04\\\/image00011-otimizadas-1.jpg\",\"contentUrl\":\"https:\\\/\\\/anegocios.com.br\\\/aprovacao\\\/lysandre\\\/wp-content\\\/uploads\\\/2025\\\/04\\\/image00011-otimizadas-1.jpg\",\"width\":700,\"height\":993},{\"@type\":\"BreadcrumbList\",\"@id\":\"https:\\\/\\\/anegocios.com.br\\\/aprovacao\\\/lysandre\\\/produto\\\/saia-ziper-jacare-vermelha-c-botoes\\\/#breadcrumb\",\"itemListElement\":[{\"@type\":\"ListItem\",\"position\":1,\"name\":\"In\u00edcio\",\"item\":\"https:\\\/\\\/anegocios.com.br\\\/aprovacao\\\/lysandre\\\/\"},{\"@type\":\"ListItem\",\"position\":2,\"name\":\"Todos os produtos\",\"item\":\"https:\\\/\\\/anegocios.com.br\\\/aprovacao\\\/lysandre\\\/todos-os-produtos\\\/\"},{\"@type\":\"ListItem\",\"position\":3,\"name\":\"Saia z\u00edper jacar\u00e9 vermelha c\\\/bot\u00f5es\"}]},{\"@type\":\"WebSite\",\"@id\":\"https:\\\/\\\/anegocios.com.br\\\/aprovacao\\\/lysandre\\\/#website\",\"url\":\"https:\\\/\\\/anegocios.com.br\\\/aprovacao\\\/lysandre\\\/\",\"name\":\"Lysandre Modas\",\"description\":\"\",\"potentialAction\":[{\"@type\":\"SearchAction\",\"target\":{\"@type\":\"EntryPoint\",\"urlTemplate\":\"https:\\\/\\\/anegocios.com.br\\\/aprovacao\\\/lysandre\\\/?s={search_term_string}\"},\"query-input\":{\"@type\":\"PropertyValueSpecification\",\"valueRequired\":true,\"valueName\":\"search_term_string\"}}],\"inLanguage\":\"pt-BR\"}]}<\/script>\n<!-- \/ Yoast SEO plugin. -->","yoast_head_json":{"title":"Saia z\u00edper jacar\u00e9 vermelha c\/bot\u00f5es - Lysandre Modas","robots":{"index":"noindex","follow":"follow","max-snippet":"max-snippet:-1","max-image-preview":"max-image-preview:large","max-video-preview":"max-video-preview:-1"},"og_locale":"pt_BR","og_type":"article","og_title":"Saia z\u00edper jacar\u00e9 vermelha c\/bot\u00f5es - Lysandre Modas","og_description":"Muitos ainda desconhecem o bengaline, mas quem \u00e9 apresentado \u00e0 essa trama, se apaixona. O tecido, normalmente de viscose ou algod\u00e3o, mescla fibras naturais e artificiais e BASTANTE elastano. \u00a0O resultado \u00e9 sempre uma pe\u00e7a confort\u00e1vel e com caimento perfeito. E, vamos combinar, na correria do dia a dia, \u00e9 altamente recomendado prezar sempre pelo [&hellip;]","og_url":"https:\/\/anegocios.com.br\/aprovacao\/lysandre\/produto\/saia-ziper-jacare-vermelha-c-botoes\/","og_site_name":"Lysandre Modas","article_modified_time":"2025-04-11T14:43:44+00:00","og_image":[{"width":700,"height":993,"url":"https:\/\/anegocios.com.br\/aprovacao\/lysandre\/wp-content\/uploads\/2025\/04\/image00011-otimizadas-1.jpg","type":"image\/jpeg"}],"twitter_card":"summary_large_image","schema":{"@context":"https:\/\/schema.org","@graph":[{"@type":"WebPage","@id":"https:\/\/anegocios.com.br\/aprovacao\/lysandre\/produto\/saia-ziper-jacare-vermelha-c-botoes\/","url":"https:\/\/anegocios.com.br\/aprovacao\/lysandre\/produto\/saia-ziper-jacare-vermelha-c-botoes\/","name":"Saia z\u00edper jacar\u00e9 vermelha c\/bot\u00f5es - Lysandre Modas","isPartOf":{"@id":"https:\/\/anegocios.com.br\/aprovacao\/lysandre\/#website"},"primaryImageOfPage":{"@id":"https:\/\/anegocios.com.br\/aprovacao\/lysandre\/produto\/saia-ziper-jacare-vermelha-c-botoes\/#primaryimage"},"image":{"@id":"https:\/\/anegocios.com.br\/aprovacao\/lysandre\/produto\/saia-ziper-jacare-vermelha-c-botoes\/#primaryimage"},"thumbnailUrl":"https:\/\/anegocios.com.br\/aprovacao\/lysandre\/wp-content\/uploads\/2025\/04\/image00011-otimizadas-1.jpg","datePublished":"2025-04-11T14:40:37+00:00","dateModified":"2025-04-11T14:43:44+00:00","breadcrumb":{"@id":"https:\/\/anegocios.com.br\/aprovacao\/lysandre\/produto\/saia-ziper-jacare-vermelha-c-botoes\/#breadcrumb"},"inLanguage":"pt-BR","potentialAction":[{"@type":"ReadAction","target":["https:\/\/anegocios.com.br\/aprovacao\/lysandre\/produto\/saia-ziper-jacare-vermelha-c-botoes\/"]}]},{"@type":"ImageObject","inLanguage":"pt-BR","@id":"https:\/\/anegocios.com.br\/aprovacao\/lysandre\/produto\/saia-ziper-jacare-vermelha-c-botoes\/#primaryimage","url":"https:\/\/anegocios.com.br\/aprovacao\/lysandre\/wp-content\/uploads\/2025\/04\/image00011-otimizadas-1.jpg","contentUrl":"https:\/\/anegocios.com.br\/aprovacao\/lysandre\/wp-content\/uploads\/2025\/04\/image00011-otimizadas-1.jpg","width":700,"height":993},{"@type":"BreadcrumbList","@id":"https:\/\/anegocios.com.br\/aprovacao\/lysandre\/produto\/saia-ziper-jacare-vermelha-c-botoes\/#breadcrumb","itemListElement":[{"@type":"ListItem","position":1,"name":"In\u00edcio","item":"https:\/\/anegocios.com.br\/aprovacao\/lysandre\/"},{"@type":"ListItem","position":2,"name":"Todos os produtos","item":"https:\/\/anegocios.com.br\/aprovacao\/lysandre\/todos-os-produtos\/"},{"@type":"ListItem","position":3,"name":"Saia z\u00edper jacar\u00e9 vermelha c\/bot\u00f5es"}]},{"@type":"WebSite","@id":"https:\/\/anegocios.com.br\/aprovacao\/lysandre\/#website","url":"https:\/\/anegocios.com.br\/aprovacao\/lysandre\/","name":"Lysandre Modas","description":"","potentialAction":[{"@type":"SearchAction","target":{"@type":"EntryPoint","urlTemplate":"https:\/\/anegocios.com.br\/aprovacao\/lysandre\/?s={search_term_string}"},"query-input":{"@type":"PropertyValueSpecification","valueRequired":true,"valueName":"search_term_string"}}],"inLanguage":"pt-BR"}]}},"_links":{"self":[{"href":"https:\/\/anegocios.com.br\/aprovacao\/lysandre\/wp-json\/wp\/v2\/product\/1035","targetHints":{"allow":["GET"]}}],"collection":[{"href":"https:\/\/anegocios.com.br\/aprovacao\/lysandre\/wp-json\/wp\/v2\/product"}],"about":[{"href":"https:\/\/anegocios.com.br\/aprovacao\/lysandre\/wp-json\/wp\/v2\/types\/product"}],"replies":[{"embeddable":true,"href":"https:\/\/anegocios.com.br\/aprovacao\/lysandre\/wp-json\/wp\/v2\/comments?post=1035"}],"wp:featuredmedia":[{"embeddable":true,"href":"https:\/\/anegocios.com.br\/aprovacao\/lysandre\/wp-json\/wp\/v2\/media\/1047"}],"wp:attachment":[{"href":"https:\/\/anegocios.com.br\/aprovacao\/lysandre\/wp-json\/wp\/v2\/media?parent=1035"}],"wp:term":[{"taxonomy":"product_brand","embeddable":true,"href":"https:\/\/anegocios.com.br\/aprovacao\/lysandre\/wp-json\/wp\/v2\/product_brand?post=1035"},{"taxonomy":"product_cat","embeddable":true,"href":"https:\/\/anegocios.com.br\/aprovacao\/lysandre\/wp-json\/wp\/v2\/product_cat?post=1035"},{"taxonomy":"product_tag","embeddable":true,"href":"https:\/\/anegocios.com.br\/aprovacao\/lysandre\/wp-json\/wp\/v2\/product_tag?post=1035"}],"curies":[{"name":"wp","href":"https:\/\/api.w.org\/{rel}","templated":true}]}}