{"id":209,"date":"2025-04-11T11:37:53","date_gmt":"2025-04-11T14:37:53","guid":{"rendered":"https:\/\/anegocios.com.br\/aprovacao\/lysandre\/?post_type=product&#038;p=209"},"modified":"2025-04-11T11:44:48","modified_gmt":"2025-04-11T14:44:48","slug":"saia-ariel-caramelo-c-cinto","status":"publish","type":"product","link":"https:\/\/anegocios.com.br\/aprovacao\/lysandre\/produto\/saia-ariel-caramelo-c-cinto\/","title":{"rendered":"Saia Ariel Caramelo c\/Cinto"},"content":{"rendered":"<p>Feito em elastano, o tecido tem um acabamento no que proporciona brilho com efeito que lembra couro, e apesar de lembrar a textura, ele n\u00e3o \u00e9 nada quente. Por isso, est\u00e1 t\u00e3o presenta nas roupas. E ainda, devido \u00e0 elasticidade, a composi\u00e7\u00e3o oferece sustenta\u00e7\u00e3o m\u00e9dia para pr\u00e1tica de exerc\u00edcios moderados.<\/p>\n<p>Para usar no dia a dia, a regra \u00e9 simples: invista em uma pe\u00e7a em cirr\u00ea e combine com outra mais despojada.<\/p>\n<p>85% de Poliamida e 15% de Elastano.<\/p>\n","protected":false},"excerpt":{"rendered":"<p>Feito em elastano, o tecido tem um acabamento no que proporciona brilho com efeito que lembra couro, e apesar de lembrar a textura, ele n\u00e3o \u00e9 nada quente. Por isso, est\u00e1 t\u00e3o presenta nas roupas. E ainda, devido \u00e0 elasticidade, a composi\u00e7\u00e3o oferece sustenta\u00e7\u00e3o m\u00e9dia para pr\u00e1tica de exerc\u00edcios moderados. Para usar no dia a [&hellip;]<\/p>\n","protected":false},"featured_media":238,"comment_status":"open","ping_status":"closed","template":"","meta":{"_acf_changed":false},"product_brand":[],"product_cat":[55,56,51,46],"product_tag":[],"class_list":{"0":"post-209","1":"product","2":"type-product","3":"status-publish","4":"has-post-thumbnail","6":"product_cat-saia-c-babado","7":"product_cat-saia-c-cinto","8":"product_cat-saia-lisa","9":"product_cat-saia-secretaria","11":"first","12":"instock","13":"sale","14":"shipping-taxable","15":"purchasable","16":"product-type-variable"},"acf":[],"yoast_head":"<!-- This site is optimized with the Yoast SEO plugin v27.5 - https:\/\/yoast.com\/product\/yoast-seo-wordpress\/ -->\n<title>Saia Ariel Caramelo c\/Cinto - Lysandre Modas<\/title>\n<meta name=\"robots\" content=\"noindex, follow, max-snippet:-1, max-image-preview:large, max-video-preview:-1\" \/>\n<meta property=\"og:locale\" content=\"pt_BR\" \/>\n<meta property=\"og:type\" content=\"article\" \/>\n<meta property=\"og:title\" content=\"Saia Ariel Caramelo c\/Cinto - Lysandre Modas\" \/>\n<meta property=\"og:description\" content=\"Feito em elastano, o tecido tem um acabamento no que proporciona brilho com efeito que lembra couro, e apesar de lembrar a textura, ele n\u00e3o \u00e9 nada quente. Por isso, est\u00e1 t\u00e3o presenta nas roupas. E ainda, devido \u00e0 elasticidade, a composi\u00e7\u00e3o oferece sustenta\u00e7\u00e3o m\u00e9dia para pr\u00e1tica de exerc\u00edcios moderados. Para usar no dia a [&hellip;]\" \/>\n<meta property=\"og:url\" content=\"https:\/\/anegocios.com.br\/aprovacao\/lysandre\/produto\/saia-ariel-caramelo-c-cinto\/\" \/>\n<meta property=\"og:site_name\" content=\"Lysandre Modas\" \/>\n<meta property=\"article:modified_time\" content=\"2025-04-11T14:44:48+00:00\" \/>\n<meta property=\"og:image\" content=\"https:\/\/anegocios.com.br\/aprovacao\/lysandre\/wp-content\/uploads\/2025\/04\/IMG_0621_Facetune_02-11-2020-22-49-32-2.jpg\" \/>\n\t<meta property=\"og:image:width\" content=\"600\" \/>\n\t<meta property=\"og:image:height\" content=\"750\" \/>\n\t<meta property=\"og:image:type\" content=\"image\/jpeg\" \/>\n<meta name=\"twitter:card\" content=\"summary_large_image\" \/>\n<script type=\"application\/ld+json\" class=\"yoast-schema-graph\">{\"@context\":\"https:\\\/\\\/schema.org\",\"@graph\":[{\"@type\":\"WebPage\",\"@id\":\"https:\\\/\\\/anegocios.com.br\\\/aprovacao\\\/lysandre\\\/produto\\\/saia-ariel-caramelo-c-cinto\\\/\",\"url\":\"https:\\\/\\\/anegocios.com.br\\\/aprovacao\\\/lysandre\\\/produto\\\/saia-ariel-caramelo-c-cinto\\\/\",\"name\":\"Saia Ariel Caramelo c\\\/Cinto - Lysandre Modas\",\"isPartOf\":{\"@id\":\"https:\\\/\\\/anegocios.com.br\\\/aprovacao\\\/lysandre\\\/#website\"},\"primaryImageOfPage\":{\"@id\":\"https:\\\/\\\/anegocios.com.br\\\/aprovacao\\\/lysandre\\\/produto\\\/saia-ariel-caramelo-c-cinto\\\/#primaryimage\"},\"image\":{\"@id\":\"https:\\\/\\\/anegocios.com.br\\\/aprovacao\\\/lysandre\\\/produto\\\/saia-ariel-caramelo-c-cinto\\\/#primaryimage\"},\"thumbnailUrl\":\"https:\\\/\\\/anegocios.com.br\\\/aprovacao\\\/lysandre\\\/wp-content\\\/uploads\\\/2025\\\/04\\\/IMG_0621_Facetune_02-11-2020-22-49-32-2.jpg\",\"datePublished\":\"2025-04-11T14:37:53+00:00\",\"dateModified\":\"2025-04-11T14:44:48+00:00\",\"breadcrumb\":{\"@id\":\"https:\\\/\\\/anegocios.com.br\\\/aprovacao\\\/lysandre\\\/produto\\\/saia-ariel-caramelo-c-cinto\\\/#breadcrumb\"},\"inLanguage\":\"pt-BR\",\"potentialAction\":[{\"@type\":\"ReadAction\",\"target\":[\"https:\\\/\\\/anegocios.com.br\\\/aprovacao\\\/lysandre\\\/produto\\\/saia-ariel-caramelo-c-cinto\\\/\"]}]},{\"@type\":\"ImageObject\",\"inLanguage\":\"pt-BR\",\"@id\":\"https:\\\/\\\/anegocios.com.br\\\/aprovacao\\\/lysandre\\\/produto\\\/saia-ariel-caramelo-c-cinto\\\/#primaryimage\",\"url\":\"https:\\\/\\\/anegocios.com.br\\\/aprovacao\\\/lysandre\\\/wp-content\\\/uploads\\\/2025\\\/04\\\/IMG_0621_Facetune_02-11-2020-22-49-32-2.jpg\",\"contentUrl\":\"https:\\\/\\\/anegocios.com.br\\\/aprovacao\\\/lysandre\\\/wp-content\\\/uploads\\\/2025\\\/04\\\/IMG_0621_Facetune_02-11-2020-22-49-32-2.jpg\",\"width\":600,\"height\":750},{\"@type\":\"BreadcrumbList\",\"@id\":\"https:\\\/\\\/anegocios.com.br\\\/aprovacao\\\/lysandre\\\/produto\\\/saia-ariel-caramelo-c-cinto\\\/#breadcrumb\",\"itemListElement\":[{\"@type\":\"ListItem\",\"position\":1,\"name\":\"In\u00edcio\",\"item\":\"https:\\\/\\\/anegocios.com.br\\\/aprovacao\\\/lysandre\\\/\"},{\"@type\":\"ListItem\",\"position\":2,\"name\":\"Todos os produtos\",\"item\":\"https:\\\/\\\/anegocios.com.br\\\/aprovacao\\\/lysandre\\\/todos-os-produtos\\\/\"},{\"@type\":\"ListItem\",\"position\":3,\"name\":\"Saia Ariel Caramelo c\\\/Cinto\"}]},{\"@type\":\"WebSite\",\"@id\":\"https:\\\/\\\/anegocios.com.br\\\/aprovacao\\\/lysandre\\\/#website\",\"url\":\"https:\\\/\\\/anegocios.com.br\\\/aprovacao\\\/lysandre\\\/\",\"name\":\"Lysandre Modas\",\"description\":\"\",\"potentialAction\":[{\"@type\":\"SearchAction\",\"target\":{\"@type\":\"EntryPoint\",\"urlTemplate\":\"https:\\\/\\\/anegocios.com.br\\\/aprovacao\\\/lysandre\\\/?s={search_term_string}\"},\"query-input\":{\"@type\":\"PropertyValueSpecification\",\"valueRequired\":true,\"valueName\":\"search_term_string\"}}],\"inLanguage\":\"pt-BR\"}]}<\/script>\n<!-- \/ Yoast SEO plugin. -->","yoast_head_json":{"title":"Saia Ariel Caramelo c\/Cinto - Lysandre Modas","robots":{"index":"noindex","follow":"follow","max-snippet":"max-snippet:-1","max-image-preview":"max-image-preview:large","max-video-preview":"max-video-preview:-1"},"og_locale":"pt_BR","og_type":"article","og_title":"Saia Ariel Caramelo c\/Cinto - Lysandre Modas","og_description":"Feito em elastano, o tecido tem um acabamento no que proporciona brilho com efeito que lembra couro, e apesar de lembrar a textura, ele n\u00e3o \u00e9 nada quente. Por isso, est\u00e1 t\u00e3o presenta nas roupas. E ainda, devido \u00e0 elasticidade, a composi\u00e7\u00e3o oferece sustenta\u00e7\u00e3o m\u00e9dia para pr\u00e1tica de exerc\u00edcios moderados. Para usar no dia a [&hellip;]","og_url":"https:\/\/anegocios.com.br\/aprovacao\/lysandre\/produto\/saia-ariel-caramelo-c-cinto\/","og_site_name":"Lysandre Modas","article_modified_time":"2025-04-11T14:44:48+00:00","og_image":[{"width":600,"height":750,"url":"https:\/\/anegocios.com.br\/aprovacao\/lysandre\/wp-content\/uploads\/2025\/04\/IMG_0621_Facetune_02-11-2020-22-49-32-2.jpg","type":"image\/jpeg"}],"twitter_card":"summary_large_image","schema":{"@context":"https:\/\/schema.org","@graph":[{"@type":"WebPage","@id":"https:\/\/anegocios.com.br\/aprovacao\/lysandre\/produto\/saia-ariel-caramelo-c-cinto\/","url":"https:\/\/anegocios.com.br\/aprovacao\/lysandre\/produto\/saia-ariel-caramelo-c-cinto\/","name":"Saia Ariel Caramelo c\/Cinto - Lysandre Modas","isPartOf":{"@id":"https:\/\/anegocios.com.br\/aprovacao\/lysandre\/#website"},"primaryImageOfPage":{"@id":"https:\/\/anegocios.com.br\/aprovacao\/lysandre\/produto\/saia-ariel-caramelo-c-cinto\/#primaryimage"},"image":{"@id":"https:\/\/anegocios.com.br\/aprovacao\/lysandre\/produto\/saia-ariel-caramelo-c-cinto\/#primaryimage"},"thumbnailUrl":"https:\/\/anegocios.com.br\/aprovacao\/lysandre\/wp-content\/uploads\/2025\/04\/IMG_0621_Facetune_02-11-2020-22-49-32-2.jpg","datePublished":"2025-04-11T14:37:53+00:00","dateModified":"2025-04-11T14:44:48+00:00","breadcrumb":{"@id":"https:\/\/anegocios.com.br\/aprovacao\/lysandre\/produto\/saia-ariel-caramelo-c-cinto\/#breadcrumb"},"inLanguage":"pt-BR","potentialAction":[{"@type":"ReadAction","target":["https:\/\/anegocios.com.br\/aprovacao\/lysandre\/produto\/saia-ariel-caramelo-c-cinto\/"]}]},{"@type":"ImageObject","inLanguage":"pt-BR","@id":"https:\/\/anegocios.com.br\/aprovacao\/lysandre\/produto\/saia-ariel-caramelo-c-cinto\/#primaryimage","url":"https:\/\/anegocios.com.br\/aprovacao\/lysandre\/wp-content\/uploads\/2025\/04\/IMG_0621_Facetune_02-11-2020-22-49-32-2.jpg","contentUrl":"https:\/\/anegocios.com.br\/aprovacao\/lysandre\/wp-content\/uploads\/2025\/04\/IMG_0621_Facetune_02-11-2020-22-49-32-2.jpg","width":600,"height":750},{"@type":"BreadcrumbList","@id":"https:\/\/anegocios.com.br\/aprovacao\/lysandre\/produto\/saia-ariel-caramelo-c-cinto\/#breadcrumb","itemListElement":[{"@type":"ListItem","position":1,"name":"In\u00edcio","item":"https:\/\/anegocios.com.br\/aprovacao\/lysandre\/"},{"@type":"ListItem","position":2,"name":"Todos os produtos","item":"https:\/\/anegocios.com.br\/aprovacao\/lysandre\/todos-os-produtos\/"},{"@type":"ListItem","position":3,"name":"Saia Ariel Caramelo c\/Cinto"}]},{"@type":"WebSite","@id":"https:\/\/anegocios.com.br\/aprovacao\/lysandre\/#website","url":"https:\/\/anegocios.com.br\/aprovacao\/lysandre\/","name":"Lysandre Modas","description":"","potentialAction":[{"@type":"SearchAction","target":{"@type":"EntryPoint","urlTemplate":"https:\/\/anegocios.com.br\/aprovacao\/lysandre\/?s={search_term_string}"},"query-input":{"@type":"PropertyValueSpecification","valueRequired":true,"valueName":"search_term_string"}}],"inLanguage":"pt-BR"}]}},"_links":{"self":[{"href":"https:\/\/anegocios.com.br\/aprovacao\/lysandre\/wp-json\/wp\/v2\/product\/209","targetHints":{"allow":["GET"]}}],"collection":[{"href":"https:\/\/anegocios.com.br\/aprovacao\/lysandre\/wp-json\/wp\/v2\/product"}],"about":[{"href":"https:\/\/anegocios.com.br\/aprovacao\/lysandre\/wp-json\/wp\/v2\/types\/product"}],"replies":[{"embeddable":true,"href":"https:\/\/anegocios.com.br\/aprovacao\/lysandre\/wp-json\/wp\/v2\/comments?post=209"}],"wp:featuredmedia":[{"embeddable":true,"href":"https:\/\/anegocios.com.br\/aprovacao\/lysandre\/wp-json\/wp\/v2\/media\/238"}],"wp:attachment":[{"href":"https:\/\/anegocios.com.br\/aprovacao\/lysandre\/wp-json\/wp\/v2\/media?parent=209"}],"wp:term":[{"taxonomy":"product_brand","embeddable":true,"href":"https:\/\/anegocios.com.br\/aprovacao\/lysandre\/wp-json\/wp\/v2\/product_brand?post=209"},{"taxonomy":"product_cat","embeddable":true,"href":"https:\/\/anegocios.com.br\/aprovacao\/lysandre\/wp-json\/wp\/v2\/product_cat?post=209"},{"taxonomy":"product_tag","embeddable":true,"href":"https:\/\/anegocios.com.br\/aprovacao\/lysandre\/wp-json\/wp\/v2\/product_tag?post=209"}],"curies":[{"name":"wp","href":"https:\/\/api.w.org\/{rel}","templated":true}]}}