{"id":2167,"date":"2025-04-11T11:43:56","date_gmt":"2025-04-11T14:43:56","guid":{"rendered":"https:\/\/anegocios.com.br\/aprovacao\/lysandre\/?post_type=product&#038;p=2167"},"modified":"2025-04-11T11:44:48","modified_gmt":"2025-04-11T14:44:48","slug":"blusa-flordelis-estampada-c-flores","status":"publish","type":"product","link":"https:\/\/anegocios.com.br\/aprovacao\/lysandre\/produto\/blusa-flordelis-estampada-c-flores\/","title":{"rendered":"Blusa Flordelis Estampada c\/Flores"},"content":{"rendered":"<p dir=\"ltr\">Tecido com composi\u00e7\u00e3o em seda n\u00e3o absorvem calor, s\u00e3o bem fresquinhas. O tecido de composi\u00e7\u00e3o natural tem o toque mais gostoso e garante mais conforto para a pele. N\u00e3o causa irrita\u00e7\u00f5es \u00e0 pele, resiste ao calor, e absorve umidade, por isso que ela deixa passar boa parte da transpira\u00e7\u00e3o, mantendo uma sensa\u00e7\u00e3o de frescor em dias quentes.<\/p>\n<p dir=\"ltr\"><strong>\u00a0<\/strong><strong>Composi\u00e7\u00e3o: <\/strong>97% Poli\u00e9ster e 3% Elastano.<\/p>\n","protected":false},"excerpt":{"rendered":"<p>Tecido com composi\u00e7\u00e3o em seda n\u00e3o absorvem calor, s\u00e3o bem fresquinhas. O tecido de composi\u00e7\u00e3o natural tem o toque mais gostoso e garante mais conforto para a pele. N\u00e3o causa irrita\u00e7\u00f5es \u00e0 pele, resiste ao calor, e absorve umidade, por isso que ela deixa passar boa parte da transpira\u00e7\u00e3o, mantendo uma sensa\u00e7\u00e3o de frescor em [&hellip;]<\/p>\n","protected":false},"featured_media":2207,"comment_status":"open","ping_status":"closed","template":"","meta":{"_acf_changed":false},"product_brand":[],"product_cat":[23,22,86],"product_tag":[],"class_list":{"0":"post-2167","1":"product","2":"type-product","3":"status-publish","4":"has-post-thumbnail","6":"product_cat-blusa-manga-curta","7":"product_cat-blusas","8":"product_cat-blusas-estampadas","10":"first","11":"instock","12":"shipping-taxable","13":"purchasable","14":"product-type-variable"},"acf":[],"yoast_head":"<!-- This site is optimized with the Yoast SEO plugin v27.5 - https:\/\/yoast.com\/product\/yoast-seo-wordpress\/ -->\n<title>Blusa Flordelis Estampada c\/Flores - Lysandre Modas<\/title>\n<meta name=\"robots\" content=\"noindex, follow, max-snippet:-1, max-image-preview:large, max-video-preview:-1\" \/>\n<meta property=\"og:locale\" content=\"pt_BR\" \/>\n<meta property=\"og:type\" content=\"article\" \/>\n<meta property=\"og:title\" content=\"Blusa Flordelis Estampada c\/Flores - Lysandre Modas\" \/>\n<meta property=\"og:description\" content=\"Tecido com composi\u00e7\u00e3o em seda n\u00e3o absorvem calor, s\u00e3o bem fresquinhas. O tecido de composi\u00e7\u00e3o natural tem o toque mais gostoso e garante mais conforto para a pele. N\u00e3o causa irrita\u00e7\u00f5es \u00e0 pele, resiste ao calor, e absorve umidade, por isso que ela deixa passar boa parte da transpira\u00e7\u00e3o, mantendo uma sensa\u00e7\u00e3o de frescor em [&hellip;]\" \/>\n<meta property=\"og:url\" content=\"https:\/\/anegocios.com.br\/aprovacao\/lysandre\/produto\/blusa-flordelis-estampada-c-flores\/\" \/>\n<meta property=\"og:site_name\" content=\"Lysandre Modas\" \/>\n<meta property=\"article:modified_time\" content=\"2025-04-11T14:44:48+00:00\" \/>\n<meta property=\"og:image\" content=\"https:\/\/anegocios.com.br\/aprovacao\/lysandre\/wp-content\/uploads\/2025\/04\/image00139-otimizadas-rotated-2.jpg\" \/>\n\t<meta property=\"og:image:width\" content=\"700\" \/>\n\t<meta property=\"og:image:height\" content=\"993\" \/>\n\t<meta property=\"og:image:type\" content=\"image\/jpeg\" \/>\n<meta name=\"twitter:card\" content=\"summary_large_image\" \/>\n<script type=\"application\/ld+json\" class=\"yoast-schema-graph\">{\"@context\":\"https:\\\/\\\/schema.org\",\"@graph\":[{\"@type\":\"WebPage\",\"@id\":\"https:\\\/\\\/anegocios.com.br\\\/aprovacao\\\/lysandre\\\/produto\\\/blusa-flordelis-estampada-c-flores\\\/\",\"url\":\"https:\\\/\\\/anegocios.com.br\\\/aprovacao\\\/lysandre\\\/produto\\\/blusa-flordelis-estampada-c-flores\\\/\",\"name\":\"Blusa Flordelis Estampada c\\\/Flores - Lysandre Modas\",\"isPartOf\":{\"@id\":\"https:\\\/\\\/anegocios.com.br\\\/aprovacao\\\/lysandre\\\/#website\"},\"primaryImageOfPage\":{\"@id\":\"https:\\\/\\\/anegocios.com.br\\\/aprovacao\\\/lysandre\\\/produto\\\/blusa-flordelis-estampada-c-flores\\\/#primaryimage\"},\"image\":{\"@id\":\"https:\\\/\\\/anegocios.com.br\\\/aprovacao\\\/lysandre\\\/produto\\\/blusa-flordelis-estampada-c-flores\\\/#primaryimage\"},\"thumbnailUrl\":\"https:\\\/\\\/anegocios.com.br\\\/aprovacao\\\/lysandre\\\/wp-content\\\/uploads\\\/2025\\\/04\\\/image00139-otimizadas-rotated-2.jpg\",\"datePublished\":\"2025-04-11T14:43:56+00:00\",\"dateModified\":\"2025-04-11T14:44:48+00:00\",\"breadcrumb\":{\"@id\":\"https:\\\/\\\/anegocios.com.br\\\/aprovacao\\\/lysandre\\\/produto\\\/blusa-flordelis-estampada-c-flores\\\/#breadcrumb\"},\"inLanguage\":\"pt-BR\",\"potentialAction\":[{\"@type\":\"ReadAction\",\"target\":[\"https:\\\/\\\/anegocios.com.br\\\/aprovacao\\\/lysandre\\\/produto\\\/blusa-flordelis-estampada-c-flores\\\/\"]}]},{\"@type\":\"ImageObject\",\"inLanguage\":\"pt-BR\",\"@id\":\"https:\\\/\\\/anegocios.com.br\\\/aprovacao\\\/lysandre\\\/produto\\\/blusa-flordelis-estampada-c-flores\\\/#primaryimage\",\"url\":\"https:\\\/\\\/anegocios.com.br\\\/aprovacao\\\/lysandre\\\/wp-content\\\/uploads\\\/2025\\\/04\\\/image00139-otimizadas-rotated-2.jpg\",\"contentUrl\":\"https:\\\/\\\/anegocios.com.br\\\/aprovacao\\\/lysandre\\\/wp-content\\\/uploads\\\/2025\\\/04\\\/image00139-otimizadas-rotated-2.jpg\",\"width\":700,\"height\":993},{\"@type\":\"BreadcrumbList\",\"@id\":\"https:\\\/\\\/anegocios.com.br\\\/aprovacao\\\/lysandre\\\/produto\\\/blusa-flordelis-estampada-c-flores\\\/#breadcrumb\",\"itemListElement\":[{\"@type\":\"ListItem\",\"position\":1,\"name\":\"In\u00edcio\",\"item\":\"https:\\\/\\\/anegocios.com.br\\\/aprovacao\\\/lysandre\\\/\"},{\"@type\":\"ListItem\",\"position\":2,\"name\":\"Todos os produtos\",\"item\":\"https:\\\/\\\/anegocios.com.br\\\/aprovacao\\\/lysandre\\\/todos-os-produtos\\\/\"},{\"@type\":\"ListItem\",\"position\":3,\"name\":\"Blusa Flordelis Estampada c\\\/Flores\"}]},{\"@type\":\"WebSite\",\"@id\":\"https:\\\/\\\/anegocios.com.br\\\/aprovacao\\\/lysandre\\\/#website\",\"url\":\"https:\\\/\\\/anegocios.com.br\\\/aprovacao\\\/lysandre\\\/\",\"name\":\"Lysandre Modas\",\"description\":\"\",\"potentialAction\":[{\"@type\":\"SearchAction\",\"target\":{\"@type\":\"EntryPoint\",\"urlTemplate\":\"https:\\\/\\\/anegocios.com.br\\\/aprovacao\\\/lysandre\\\/?s={search_term_string}\"},\"query-input\":{\"@type\":\"PropertyValueSpecification\",\"valueRequired\":true,\"valueName\":\"search_term_string\"}}],\"inLanguage\":\"pt-BR\"}]}<\/script>\n<!-- \/ Yoast SEO plugin. -->","yoast_head_json":{"title":"Blusa Flordelis Estampada c\/Flores - Lysandre Modas","robots":{"index":"noindex","follow":"follow","max-snippet":"max-snippet:-1","max-image-preview":"max-image-preview:large","max-video-preview":"max-video-preview:-1"},"og_locale":"pt_BR","og_type":"article","og_title":"Blusa Flordelis Estampada c\/Flores - Lysandre Modas","og_description":"Tecido com composi\u00e7\u00e3o em seda n\u00e3o absorvem calor, s\u00e3o bem fresquinhas. O tecido de composi\u00e7\u00e3o natural tem o toque mais gostoso e garante mais conforto para a pele. N\u00e3o causa irrita\u00e7\u00f5es \u00e0 pele, resiste ao calor, e absorve umidade, por isso que ela deixa passar boa parte da transpira\u00e7\u00e3o, mantendo uma sensa\u00e7\u00e3o de frescor em [&hellip;]","og_url":"https:\/\/anegocios.com.br\/aprovacao\/lysandre\/produto\/blusa-flordelis-estampada-c-flores\/","og_site_name":"Lysandre Modas","article_modified_time":"2025-04-11T14:44:48+00:00","og_image":[{"width":700,"height":993,"url":"https:\/\/anegocios.com.br\/aprovacao\/lysandre\/wp-content\/uploads\/2025\/04\/image00139-otimizadas-rotated-2.jpg","type":"image\/jpeg"}],"twitter_card":"summary_large_image","schema":{"@context":"https:\/\/schema.org","@graph":[{"@type":"WebPage","@id":"https:\/\/anegocios.com.br\/aprovacao\/lysandre\/produto\/blusa-flordelis-estampada-c-flores\/","url":"https:\/\/anegocios.com.br\/aprovacao\/lysandre\/produto\/blusa-flordelis-estampada-c-flores\/","name":"Blusa Flordelis Estampada c\/Flores - Lysandre Modas","isPartOf":{"@id":"https:\/\/anegocios.com.br\/aprovacao\/lysandre\/#website"},"primaryImageOfPage":{"@id":"https:\/\/anegocios.com.br\/aprovacao\/lysandre\/produto\/blusa-flordelis-estampada-c-flores\/#primaryimage"},"image":{"@id":"https:\/\/anegocios.com.br\/aprovacao\/lysandre\/produto\/blusa-flordelis-estampada-c-flores\/#primaryimage"},"thumbnailUrl":"https:\/\/anegocios.com.br\/aprovacao\/lysandre\/wp-content\/uploads\/2025\/04\/image00139-otimizadas-rotated-2.jpg","datePublished":"2025-04-11T14:43:56+00:00","dateModified":"2025-04-11T14:44:48+00:00","breadcrumb":{"@id":"https:\/\/anegocios.com.br\/aprovacao\/lysandre\/produto\/blusa-flordelis-estampada-c-flores\/#breadcrumb"},"inLanguage":"pt-BR","potentialAction":[{"@type":"ReadAction","target":["https:\/\/anegocios.com.br\/aprovacao\/lysandre\/produto\/blusa-flordelis-estampada-c-flores\/"]}]},{"@type":"ImageObject","inLanguage":"pt-BR","@id":"https:\/\/anegocios.com.br\/aprovacao\/lysandre\/produto\/blusa-flordelis-estampada-c-flores\/#primaryimage","url":"https:\/\/anegocios.com.br\/aprovacao\/lysandre\/wp-content\/uploads\/2025\/04\/image00139-otimizadas-rotated-2.jpg","contentUrl":"https:\/\/anegocios.com.br\/aprovacao\/lysandre\/wp-content\/uploads\/2025\/04\/image00139-otimizadas-rotated-2.jpg","width":700,"height":993},{"@type":"BreadcrumbList","@id":"https:\/\/anegocios.com.br\/aprovacao\/lysandre\/produto\/blusa-flordelis-estampada-c-flores\/#breadcrumb","itemListElement":[{"@type":"ListItem","position":1,"name":"In\u00edcio","item":"https:\/\/anegocios.com.br\/aprovacao\/lysandre\/"},{"@type":"ListItem","position":2,"name":"Todos os produtos","item":"https:\/\/anegocios.com.br\/aprovacao\/lysandre\/todos-os-produtos\/"},{"@type":"ListItem","position":3,"name":"Blusa Flordelis Estampada c\/Flores"}]},{"@type":"WebSite","@id":"https:\/\/anegocios.com.br\/aprovacao\/lysandre\/#website","url":"https:\/\/anegocios.com.br\/aprovacao\/lysandre\/","name":"Lysandre Modas","description":"","potentialAction":[{"@type":"SearchAction","target":{"@type":"EntryPoint","urlTemplate":"https:\/\/anegocios.com.br\/aprovacao\/lysandre\/?s={search_term_string}"},"query-input":{"@type":"PropertyValueSpecification","valueRequired":true,"valueName":"search_term_string"}}],"inLanguage":"pt-BR"}]}},"_links":{"self":[{"href":"https:\/\/anegocios.com.br\/aprovacao\/lysandre\/wp-json\/wp\/v2\/product\/2167","targetHints":{"allow":["GET"]}}],"collection":[{"href":"https:\/\/anegocios.com.br\/aprovacao\/lysandre\/wp-json\/wp\/v2\/product"}],"about":[{"href":"https:\/\/anegocios.com.br\/aprovacao\/lysandre\/wp-json\/wp\/v2\/types\/product"}],"replies":[{"embeddable":true,"href":"https:\/\/anegocios.com.br\/aprovacao\/lysandre\/wp-json\/wp\/v2\/comments?post=2167"}],"wp:featuredmedia":[{"embeddable":true,"href":"https:\/\/anegocios.com.br\/aprovacao\/lysandre\/wp-json\/wp\/v2\/media\/2207"}],"wp:attachment":[{"href":"https:\/\/anegocios.com.br\/aprovacao\/lysandre\/wp-json\/wp\/v2\/media?parent=2167"}],"wp:term":[{"taxonomy":"product_brand","embeddable":true,"href":"https:\/\/anegocios.com.br\/aprovacao\/lysandre\/wp-json\/wp\/v2\/product_brand?post=2167"},{"taxonomy":"product_cat","embeddable":true,"href":"https:\/\/anegocios.com.br\/aprovacao\/lysandre\/wp-json\/wp\/v2\/product_cat?post=2167"},{"taxonomy":"product_tag","embeddable":true,"href":"https:\/\/anegocios.com.br\/aprovacao\/lysandre\/wp-json\/wp\/v2\/product_tag?post=2167"}],"curies":[{"name":"wp","href":"https:\/\/api.w.org\/{rel}","templated":true}]}}