{"id":2497,"date":"2025-04-11T11:44:49","date_gmt":"2025-04-11T14:44:49","guid":{"rendered":"https:\/\/anegocios.com.br\/aprovacao\/lysandre\/?post_type=product&#038;p=2497"},"modified":"2025-04-11T11:44:58","modified_gmt":"2025-04-11T14:44:58","slug":"saia-cirela-preta-com-cinto","status":"publish","type":"product","link":"https:\/\/anegocios.com.br\/aprovacao\/lysandre\/produto\/saia-cirela-preta-com-cinto\/","title":{"rendered":"Saia Cirela Preta Com Cinto"},"content":{"rendered":"<p dir=\"ltr\">As principais caracter\u00edsticas da malha Suplex s\u00e3o a elasticidade e a recupera\u00e7\u00e3o do tamanho original. S\u00e3o dur\u00e1veis, male\u00e1veis, resistentes e macios, a flexibilidade da malha Suplex \u00e9 superior e alonga-se em todas as dire\u00e7\u00f5es. O Suplex \u00e9 indicado para confec\u00e7\u00f5es de roupas casuais, moda fitness, vestidos e entre outras aplica\u00e7\u00f5es.<\/p>\n<div class=\"col-main grid-full in-col1 no-gutter\">\n<article class=\"product-view\">\n<div class=\"grid-container-spaced\">\n<div id=\"tabs-produto\">\n<div id=\"atributos\" class=\"tab-content\">\n<table class=\"df_tb \">\n<tbody>\n<tr>\n<td>Composi\u00e7\u00e3o:<\/td>\n<td>91% Poli\u00e9ster e 9% Elastano.<\/td>\n<\/tr>\n<\/tbody>\n<\/table>\n<\/div>\n<\/div>\n<\/div>\n<\/article>\n","protected":false},"excerpt":{"rendered":"<p>As principais caracter\u00edsticas da malha Suplex s\u00e3o a elasticidade e a recupera\u00e7\u00e3o do tamanho original. S\u00e3o dur\u00e1veis, male\u00e1veis, resistentes e macios, a flexibilidade da malha Suplex \u00e9 superior e alonga-se em todas as dire\u00e7\u00f5es. O Suplex \u00e9 indicado para confec\u00e7\u00f5es de roupas casuais, moda fitness, vestidos e entre outras aplica\u00e7\u00f5es. Composi\u00e7\u00e3o: 91% Poli\u00e9ster e 9% [&hellip;]<\/p>\n","protected":false},"featured_media":2531,"comment_status":"open","ping_status":"closed","template":"","meta":{"_acf_changed":false},"product_brand":[],"product_cat":[55,56,51,46],"product_tag":[],"class_list":{"0":"post-2497","1":"product","2":"type-product","3":"status-publish","4":"has-post-thumbnail","6":"product_cat-saia-c-babado","7":"product_cat-saia-c-cinto","8":"product_cat-saia-lisa","9":"product_cat-saia-secretaria","11":"first","12":"instock","13":"shipping-taxable","14":"purchasable","15":"product-type-variable"},"acf":[],"yoast_head":"<!-- This site is optimized with the Yoast SEO plugin v27.5 - https:\/\/yoast.com\/product\/yoast-seo-wordpress\/ -->\n<title>Saia Cirela Preta Com Cinto - Lysandre Modas<\/title>\n<meta name=\"robots\" content=\"noindex, follow, max-snippet:-1, max-image-preview:large, max-video-preview:-1\" \/>\n<meta property=\"og:locale\" content=\"pt_BR\" \/>\n<meta property=\"og:type\" content=\"article\" \/>\n<meta property=\"og:title\" content=\"Saia Cirela Preta Com Cinto - Lysandre Modas\" \/>\n<meta property=\"og:description\" content=\"As principais caracter\u00edsticas da malha Suplex s\u00e3o a elasticidade e a recupera\u00e7\u00e3o do tamanho original. S\u00e3o dur\u00e1veis, male\u00e1veis, resistentes e macios, a flexibilidade da malha Suplex \u00e9 superior e alonga-se em todas as dire\u00e7\u00f5es. O Suplex \u00e9 indicado para confec\u00e7\u00f5es de roupas casuais, moda fitness, vestidos e entre outras aplica\u00e7\u00f5es. Composi\u00e7\u00e3o: 91% Poli\u00e9ster e 9% [&hellip;]\" \/>\n<meta property=\"og:url\" content=\"https:\/\/anegocios.com.br\/aprovacao\/lysandre\/produto\/saia-cirela-preta-com-cinto\/\" \/>\n<meta property=\"og:site_name\" content=\"Lysandre Modas\" \/>\n<meta property=\"article:modified_time\" content=\"2025-04-11T14:44:58+00:00\" \/>\n<meta property=\"og:image\" content=\"https:\/\/anegocios.com.br\/aprovacao\/lysandre\/wp-content\/uploads\/2025\/04\/IMG_8534_Facetune_06-04-2022-06-52-18-otimizadas-1.jpg\" \/>\n\t<meta property=\"og:image:width\" content=\"700\" \/>\n\t<meta property=\"og:image:height\" content=\"993\" \/>\n\t<meta property=\"og:image:type\" content=\"image\/jpeg\" \/>\n<meta name=\"twitter:card\" content=\"summary_large_image\" \/>\n<script type=\"application\/ld+json\" class=\"yoast-schema-graph\">{\"@context\":\"https:\\\/\\\/schema.org\",\"@graph\":[{\"@type\":\"WebPage\",\"@id\":\"https:\\\/\\\/anegocios.com.br\\\/aprovacao\\\/lysandre\\\/produto\\\/saia-cirela-preta-com-cinto\\\/\",\"url\":\"https:\\\/\\\/anegocios.com.br\\\/aprovacao\\\/lysandre\\\/produto\\\/saia-cirela-preta-com-cinto\\\/\",\"name\":\"Saia Cirela Preta Com Cinto - Lysandre Modas\",\"isPartOf\":{\"@id\":\"https:\\\/\\\/anegocios.com.br\\\/aprovacao\\\/lysandre\\\/#website\"},\"primaryImageOfPage\":{\"@id\":\"https:\\\/\\\/anegocios.com.br\\\/aprovacao\\\/lysandre\\\/produto\\\/saia-cirela-preta-com-cinto\\\/#primaryimage\"},\"image\":{\"@id\":\"https:\\\/\\\/anegocios.com.br\\\/aprovacao\\\/lysandre\\\/produto\\\/saia-cirela-preta-com-cinto\\\/#primaryimage\"},\"thumbnailUrl\":\"https:\\\/\\\/anegocios.com.br\\\/aprovacao\\\/lysandre\\\/wp-content\\\/uploads\\\/2025\\\/04\\\/IMG_8534_Facetune_06-04-2022-06-52-18-otimizadas-1.jpg\",\"datePublished\":\"2025-04-11T14:44:49+00:00\",\"dateModified\":\"2025-04-11T14:44:58+00:00\",\"breadcrumb\":{\"@id\":\"https:\\\/\\\/anegocios.com.br\\\/aprovacao\\\/lysandre\\\/produto\\\/saia-cirela-preta-com-cinto\\\/#breadcrumb\"},\"inLanguage\":\"pt-BR\",\"potentialAction\":[{\"@type\":\"ReadAction\",\"target\":[\"https:\\\/\\\/anegocios.com.br\\\/aprovacao\\\/lysandre\\\/produto\\\/saia-cirela-preta-com-cinto\\\/\"]}]},{\"@type\":\"ImageObject\",\"inLanguage\":\"pt-BR\",\"@id\":\"https:\\\/\\\/anegocios.com.br\\\/aprovacao\\\/lysandre\\\/produto\\\/saia-cirela-preta-com-cinto\\\/#primaryimage\",\"url\":\"https:\\\/\\\/anegocios.com.br\\\/aprovacao\\\/lysandre\\\/wp-content\\\/uploads\\\/2025\\\/04\\\/IMG_8534_Facetune_06-04-2022-06-52-18-otimizadas-1.jpg\",\"contentUrl\":\"https:\\\/\\\/anegocios.com.br\\\/aprovacao\\\/lysandre\\\/wp-content\\\/uploads\\\/2025\\\/04\\\/IMG_8534_Facetune_06-04-2022-06-52-18-otimizadas-1.jpg\",\"width\":700,\"height\":993},{\"@type\":\"BreadcrumbList\",\"@id\":\"https:\\\/\\\/anegocios.com.br\\\/aprovacao\\\/lysandre\\\/produto\\\/saia-cirela-preta-com-cinto\\\/#breadcrumb\",\"itemListElement\":[{\"@type\":\"ListItem\",\"position\":1,\"name\":\"In\u00edcio\",\"item\":\"https:\\\/\\\/anegocios.com.br\\\/aprovacao\\\/lysandre\\\/\"},{\"@type\":\"ListItem\",\"position\":2,\"name\":\"Todos os produtos\",\"item\":\"https:\\\/\\\/anegocios.com.br\\\/aprovacao\\\/lysandre\\\/todos-os-produtos\\\/\"},{\"@type\":\"ListItem\",\"position\":3,\"name\":\"Saia Cirela Preta Com Cinto\"}]},{\"@type\":\"WebSite\",\"@id\":\"https:\\\/\\\/anegocios.com.br\\\/aprovacao\\\/lysandre\\\/#website\",\"url\":\"https:\\\/\\\/anegocios.com.br\\\/aprovacao\\\/lysandre\\\/\",\"name\":\"Lysandre Modas\",\"description\":\"\",\"potentialAction\":[{\"@type\":\"SearchAction\",\"target\":{\"@type\":\"EntryPoint\",\"urlTemplate\":\"https:\\\/\\\/anegocios.com.br\\\/aprovacao\\\/lysandre\\\/?s={search_term_string}\"},\"query-input\":{\"@type\":\"PropertyValueSpecification\",\"valueRequired\":true,\"valueName\":\"search_term_string\"}}],\"inLanguage\":\"pt-BR\"}]}<\/script>\n<!-- \/ Yoast SEO plugin. -->","yoast_head_json":{"title":"Saia Cirela Preta Com Cinto - Lysandre Modas","robots":{"index":"noindex","follow":"follow","max-snippet":"max-snippet:-1","max-image-preview":"max-image-preview:large","max-video-preview":"max-video-preview:-1"},"og_locale":"pt_BR","og_type":"article","og_title":"Saia Cirela Preta Com Cinto - Lysandre Modas","og_description":"As principais caracter\u00edsticas da malha Suplex s\u00e3o a elasticidade e a recupera\u00e7\u00e3o do tamanho original. S\u00e3o dur\u00e1veis, male\u00e1veis, resistentes e macios, a flexibilidade da malha Suplex \u00e9 superior e alonga-se em todas as dire\u00e7\u00f5es. O Suplex \u00e9 indicado para confec\u00e7\u00f5es de roupas casuais, moda fitness, vestidos e entre outras aplica\u00e7\u00f5es. Composi\u00e7\u00e3o: 91% Poli\u00e9ster e 9% [&hellip;]","og_url":"https:\/\/anegocios.com.br\/aprovacao\/lysandre\/produto\/saia-cirela-preta-com-cinto\/","og_site_name":"Lysandre Modas","article_modified_time":"2025-04-11T14:44:58+00:00","og_image":[{"width":700,"height":993,"url":"https:\/\/anegocios.com.br\/aprovacao\/lysandre\/wp-content\/uploads\/2025\/04\/IMG_8534_Facetune_06-04-2022-06-52-18-otimizadas-1.jpg","type":"image\/jpeg"}],"twitter_card":"summary_large_image","schema":{"@context":"https:\/\/schema.org","@graph":[{"@type":"WebPage","@id":"https:\/\/anegocios.com.br\/aprovacao\/lysandre\/produto\/saia-cirela-preta-com-cinto\/","url":"https:\/\/anegocios.com.br\/aprovacao\/lysandre\/produto\/saia-cirela-preta-com-cinto\/","name":"Saia Cirela Preta Com Cinto - Lysandre Modas","isPartOf":{"@id":"https:\/\/anegocios.com.br\/aprovacao\/lysandre\/#website"},"primaryImageOfPage":{"@id":"https:\/\/anegocios.com.br\/aprovacao\/lysandre\/produto\/saia-cirela-preta-com-cinto\/#primaryimage"},"image":{"@id":"https:\/\/anegocios.com.br\/aprovacao\/lysandre\/produto\/saia-cirela-preta-com-cinto\/#primaryimage"},"thumbnailUrl":"https:\/\/anegocios.com.br\/aprovacao\/lysandre\/wp-content\/uploads\/2025\/04\/IMG_8534_Facetune_06-04-2022-06-52-18-otimizadas-1.jpg","datePublished":"2025-04-11T14:44:49+00:00","dateModified":"2025-04-11T14:44:58+00:00","breadcrumb":{"@id":"https:\/\/anegocios.com.br\/aprovacao\/lysandre\/produto\/saia-cirela-preta-com-cinto\/#breadcrumb"},"inLanguage":"pt-BR","potentialAction":[{"@type":"ReadAction","target":["https:\/\/anegocios.com.br\/aprovacao\/lysandre\/produto\/saia-cirela-preta-com-cinto\/"]}]},{"@type":"ImageObject","inLanguage":"pt-BR","@id":"https:\/\/anegocios.com.br\/aprovacao\/lysandre\/produto\/saia-cirela-preta-com-cinto\/#primaryimage","url":"https:\/\/anegocios.com.br\/aprovacao\/lysandre\/wp-content\/uploads\/2025\/04\/IMG_8534_Facetune_06-04-2022-06-52-18-otimizadas-1.jpg","contentUrl":"https:\/\/anegocios.com.br\/aprovacao\/lysandre\/wp-content\/uploads\/2025\/04\/IMG_8534_Facetune_06-04-2022-06-52-18-otimizadas-1.jpg","width":700,"height":993},{"@type":"BreadcrumbList","@id":"https:\/\/anegocios.com.br\/aprovacao\/lysandre\/produto\/saia-cirela-preta-com-cinto\/#breadcrumb","itemListElement":[{"@type":"ListItem","position":1,"name":"In\u00edcio","item":"https:\/\/anegocios.com.br\/aprovacao\/lysandre\/"},{"@type":"ListItem","position":2,"name":"Todos os produtos","item":"https:\/\/anegocios.com.br\/aprovacao\/lysandre\/todos-os-produtos\/"},{"@type":"ListItem","position":3,"name":"Saia Cirela Preta Com Cinto"}]},{"@type":"WebSite","@id":"https:\/\/anegocios.com.br\/aprovacao\/lysandre\/#website","url":"https:\/\/anegocios.com.br\/aprovacao\/lysandre\/","name":"Lysandre Modas","description":"","potentialAction":[{"@type":"SearchAction","target":{"@type":"EntryPoint","urlTemplate":"https:\/\/anegocios.com.br\/aprovacao\/lysandre\/?s={search_term_string}"},"query-input":{"@type":"PropertyValueSpecification","valueRequired":true,"valueName":"search_term_string"}}],"inLanguage":"pt-BR"}]}},"_links":{"self":[{"href":"https:\/\/anegocios.com.br\/aprovacao\/lysandre\/wp-json\/wp\/v2\/product\/2497","targetHints":{"allow":["GET"]}}],"collection":[{"href":"https:\/\/anegocios.com.br\/aprovacao\/lysandre\/wp-json\/wp\/v2\/product"}],"about":[{"href":"https:\/\/anegocios.com.br\/aprovacao\/lysandre\/wp-json\/wp\/v2\/types\/product"}],"replies":[{"embeddable":true,"href":"https:\/\/anegocios.com.br\/aprovacao\/lysandre\/wp-json\/wp\/v2\/comments?post=2497"}],"wp:featuredmedia":[{"embeddable":true,"href":"https:\/\/anegocios.com.br\/aprovacao\/lysandre\/wp-json\/wp\/v2\/media\/2531"}],"wp:attachment":[{"href":"https:\/\/anegocios.com.br\/aprovacao\/lysandre\/wp-json\/wp\/v2\/media?parent=2497"}],"wp:term":[{"taxonomy":"product_brand","embeddable":true,"href":"https:\/\/anegocios.com.br\/aprovacao\/lysandre\/wp-json\/wp\/v2\/product_brand?post=2497"},{"taxonomy":"product_cat","embeddable":true,"href":"https:\/\/anegocios.com.br\/aprovacao\/lysandre\/wp-json\/wp\/v2\/product_cat?post=2497"},{"taxonomy":"product_tag","embeddable":true,"href":"https:\/\/anegocios.com.br\/aprovacao\/lysandre\/wp-json\/wp\/v2\/product_tag?post=2497"}],"curies":[{"name":"wp","href":"https:\/\/api.w.org\/{rel}","templated":true}]}}