{"id":2609,"date":"2025-04-11T11:45:06","date_gmt":"2025-04-11T14:45:06","guid":{"rendered":"https:\/\/anegocios.com.br\/aprovacao\/lysandre\/?post_type=product&#038;p=2609"},"modified":"2025-04-11T11:45:32","modified_gmt":"2025-04-11T14:45:32","slug":"vestido-longo-cecilia-folhagem","status":"publish","type":"product","link":"https:\/\/anegocios.com.br\/aprovacao\/lysandre\/produto\/vestido-longo-cecilia-folhagem\/","title":{"rendered":"Vestido Longo Cecilia\/ Folhagem"},"content":{"rendered":"<p>Composi\u00e7\u00e3o: 100% poli\u00e9ster.<\/p>\n<p>O Crepe \u00e9 um tecido atemporal e muita vers\u00e1til por ter tantas varia\u00e7\u00f5es.<br \/>\nO Crepe Moss \u00e9 de apar\u00eancia fosca e bem creponada. Tem caimento e peso m\u00e9dios. \u00c9 macio e de leve elasticidade, se adequa muito bem a pe\u00e7as mais soltas, tanto para moda festa quando dia a dia.<\/p>\n<p>&nbsp;<\/p>\n<p>Compre com tranquilidade e seguran\u00e7a que seus pedidos chegar\u00e3o onde estiver.<\/p>\n<p>A loja lysandre modas fica localizada no Braz em S\u00e3o Paulo na Rua Oriente, 500, terceiro andar, sala 313.<\/p>\n<p>Atendimento de segunda a sexta feira das 8 \u00e1s 16 horas e aos s\u00e1bados das 8 \u00e1s 14 horas.<\/p>\n<p><u>Enviamos a todo o Brasil.<\/u>l!<\/p>\n","protected":false},"excerpt":{"rendered":"<p>Composi\u00e7\u00e3o: 100% poli\u00e9ster. O Crepe \u00e9 um tecido atemporal e muita vers\u00e1til por ter tantas varia\u00e7\u00f5es. O Crepe Moss \u00e9 de apar\u00eancia fosca e bem creponada. Tem caimento e peso m\u00e9dios. \u00c9 macio e de leve elasticidade, se adequa muito bem a pe\u00e7as mais soltas, tanto para moda festa quando dia a dia. &nbsp; Compre [&hellip;]<\/p>\n","protected":false},"featured_media":2618,"comment_status":"open","ping_status":"closed","template":"","meta":{"_acf_changed":false},"product_brand":[],"product_cat":[80,91,73],"product_tag":[],"class_list":{"0":"post-2609","1":"product","2":"type-product","3":"status-publish","4":"has-post-thumbnail","6":"product_cat-vestido-estampado","7":"product_cat-vestido-longo","8":"product_cat-vestidos","10":"first","11":"instock","12":"shipping-taxable","13":"purchasable","14":"product-type-variable"},"acf":[],"yoast_head":"<!-- This site is optimized with the Yoast SEO plugin v27.5 - https:\/\/yoast.com\/product\/yoast-seo-wordpress\/ -->\n<title>Vestido Longo Cecilia\/ Folhagem - Lysandre Modas<\/title>\n<meta name=\"robots\" content=\"noindex, follow, max-snippet:-1, max-image-preview:large, max-video-preview:-1\" \/>\n<meta property=\"og:locale\" content=\"pt_BR\" \/>\n<meta property=\"og:type\" content=\"article\" \/>\n<meta property=\"og:title\" content=\"Vestido Longo Cecilia\/ Folhagem - Lysandre Modas\" \/>\n<meta property=\"og:description\" content=\"Composi\u00e7\u00e3o: 100% poli\u00e9ster. O Crepe \u00e9 um tecido atemporal e muita vers\u00e1til por ter tantas varia\u00e7\u00f5es. O Crepe Moss \u00e9 de apar\u00eancia fosca e bem creponada. Tem caimento e peso m\u00e9dios. \u00c9 macio e de leve elasticidade, se adequa muito bem a pe\u00e7as mais soltas, tanto para moda festa quando dia a dia. &nbsp; Compre [&hellip;]\" \/>\n<meta property=\"og:url\" content=\"https:\/\/anegocios.com.br\/aprovacao\/lysandre\/produto\/vestido-longo-cecilia-folhagem\/\" \/>\n<meta property=\"og:site_name\" content=\"Lysandre Modas\" \/>\n<meta property=\"article:modified_time\" content=\"2025-04-11T14:45:32+00:00\" \/>\n<meta property=\"og:image\" content=\"https:\/\/anegocios.com.br\/aprovacao\/lysandre\/wp-content\/uploads\/2025\/04\/IMG_7971-otimizadas.jpg\" \/>\n\t<meta property=\"og:image:width\" content=\"700\" \/>\n\t<meta property=\"og:image:height\" content=\"993\" \/>\n\t<meta property=\"og:image:type\" content=\"image\/jpeg\" \/>\n<meta name=\"twitter:card\" content=\"summary_large_image\" \/>\n<meta name=\"twitter:label1\" content=\"Est. tempo de leitura\" \/>\n\t<meta name=\"twitter:data1\" content=\"1 minuto\" \/>\n<script type=\"application\/ld+json\" class=\"yoast-schema-graph\">{\"@context\":\"https:\\\/\\\/schema.org\",\"@graph\":[{\"@type\":\"WebPage\",\"@id\":\"https:\\\/\\\/anegocios.com.br\\\/aprovacao\\\/lysandre\\\/produto\\\/vestido-longo-cecilia-folhagem\\\/\",\"url\":\"https:\\\/\\\/anegocios.com.br\\\/aprovacao\\\/lysandre\\\/produto\\\/vestido-longo-cecilia-folhagem\\\/\",\"name\":\"Vestido Longo Cecilia\\\/ Folhagem - Lysandre Modas\",\"isPartOf\":{\"@id\":\"https:\\\/\\\/anegocios.com.br\\\/aprovacao\\\/lysandre\\\/#website\"},\"primaryImageOfPage\":{\"@id\":\"https:\\\/\\\/anegocios.com.br\\\/aprovacao\\\/lysandre\\\/produto\\\/vestido-longo-cecilia-folhagem\\\/#primaryimage\"},\"image\":{\"@id\":\"https:\\\/\\\/anegocios.com.br\\\/aprovacao\\\/lysandre\\\/produto\\\/vestido-longo-cecilia-folhagem\\\/#primaryimage\"},\"thumbnailUrl\":\"https:\\\/\\\/anegocios.com.br\\\/aprovacao\\\/lysandre\\\/wp-content\\\/uploads\\\/2025\\\/04\\\/IMG_7971-otimizadas.jpg\",\"datePublished\":\"2025-04-11T14:45:06+00:00\",\"dateModified\":\"2025-04-11T14:45:32+00:00\",\"breadcrumb\":{\"@id\":\"https:\\\/\\\/anegocios.com.br\\\/aprovacao\\\/lysandre\\\/produto\\\/vestido-longo-cecilia-folhagem\\\/#breadcrumb\"},\"inLanguage\":\"pt-BR\",\"potentialAction\":[{\"@type\":\"ReadAction\",\"target\":[\"https:\\\/\\\/anegocios.com.br\\\/aprovacao\\\/lysandre\\\/produto\\\/vestido-longo-cecilia-folhagem\\\/\"]}]},{\"@type\":\"ImageObject\",\"inLanguage\":\"pt-BR\",\"@id\":\"https:\\\/\\\/anegocios.com.br\\\/aprovacao\\\/lysandre\\\/produto\\\/vestido-longo-cecilia-folhagem\\\/#primaryimage\",\"url\":\"https:\\\/\\\/anegocios.com.br\\\/aprovacao\\\/lysandre\\\/wp-content\\\/uploads\\\/2025\\\/04\\\/IMG_7971-otimizadas.jpg\",\"contentUrl\":\"https:\\\/\\\/anegocios.com.br\\\/aprovacao\\\/lysandre\\\/wp-content\\\/uploads\\\/2025\\\/04\\\/IMG_7971-otimizadas.jpg\",\"width\":700,\"height\":993},{\"@type\":\"BreadcrumbList\",\"@id\":\"https:\\\/\\\/anegocios.com.br\\\/aprovacao\\\/lysandre\\\/produto\\\/vestido-longo-cecilia-folhagem\\\/#breadcrumb\",\"itemListElement\":[{\"@type\":\"ListItem\",\"position\":1,\"name\":\"In\u00edcio\",\"item\":\"https:\\\/\\\/anegocios.com.br\\\/aprovacao\\\/lysandre\\\/\"},{\"@type\":\"ListItem\",\"position\":2,\"name\":\"Todos os produtos\",\"item\":\"https:\\\/\\\/anegocios.com.br\\\/aprovacao\\\/lysandre\\\/todos-os-produtos\\\/\"},{\"@type\":\"ListItem\",\"position\":3,\"name\":\"Vestido Longo Cecilia\\\/ Folhagem\"}]},{\"@type\":\"WebSite\",\"@id\":\"https:\\\/\\\/anegocios.com.br\\\/aprovacao\\\/lysandre\\\/#website\",\"url\":\"https:\\\/\\\/anegocios.com.br\\\/aprovacao\\\/lysandre\\\/\",\"name\":\"Lysandre Modas\",\"description\":\"\",\"potentialAction\":[{\"@type\":\"SearchAction\",\"target\":{\"@type\":\"EntryPoint\",\"urlTemplate\":\"https:\\\/\\\/anegocios.com.br\\\/aprovacao\\\/lysandre\\\/?s={search_term_string}\"},\"query-input\":{\"@type\":\"PropertyValueSpecification\",\"valueRequired\":true,\"valueName\":\"search_term_string\"}}],\"inLanguage\":\"pt-BR\"}]}<\/script>\n<!-- \/ Yoast SEO plugin. -->","yoast_head_json":{"title":"Vestido Longo Cecilia\/ Folhagem - Lysandre Modas","robots":{"index":"noindex","follow":"follow","max-snippet":"max-snippet:-1","max-image-preview":"max-image-preview:large","max-video-preview":"max-video-preview:-1"},"og_locale":"pt_BR","og_type":"article","og_title":"Vestido Longo Cecilia\/ Folhagem - Lysandre Modas","og_description":"Composi\u00e7\u00e3o: 100% poli\u00e9ster. O Crepe \u00e9 um tecido atemporal e muita vers\u00e1til por ter tantas varia\u00e7\u00f5es. O Crepe Moss \u00e9 de apar\u00eancia fosca e bem creponada. Tem caimento e peso m\u00e9dios. \u00c9 macio e de leve elasticidade, se adequa muito bem a pe\u00e7as mais soltas, tanto para moda festa quando dia a dia. &nbsp; Compre [&hellip;]","og_url":"https:\/\/anegocios.com.br\/aprovacao\/lysandre\/produto\/vestido-longo-cecilia-folhagem\/","og_site_name":"Lysandre Modas","article_modified_time":"2025-04-11T14:45:32+00:00","og_image":[{"width":700,"height":993,"url":"https:\/\/anegocios.com.br\/aprovacao\/lysandre\/wp-content\/uploads\/2025\/04\/IMG_7971-otimizadas.jpg","type":"image\/jpeg"}],"twitter_card":"summary_large_image","twitter_misc":{"Est. tempo de leitura":"1 minuto"},"schema":{"@context":"https:\/\/schema.org","@graph":[{"@type":"WebPage","@id":"https:\/\/anegocios.com.br\/aprovacao\/lysandre\/produto\/vestido-longo-cecilia-folhagem\/","url":"https:\/\/anegocios.com.br\/aprovacao\/lysandre\/produto\/vestido-longo-cecilia-folhagem\/","name":"Vestido Longo Cecilia\/ Folhagem - Lysandre Modas","isPartOf":{"@id":"https:\/\/anegocios.com.br\/aprovacao\/lysandre\/#website"},"primaryImageOfPage":{"@id":"https:\/\/anegocios.com.br\/aprovacao\/lysandre\/produto\/vestido-longo-cecilia-folhagem\/#primaryimage"},"image":{"@id":"https:\/\/anegocios.com.br\/aprovacao\/lysandre\/produto\/vestido-longo-cecilia-folhagem\/#primaryimage"},"thumbnailUrl":"https:\/\/anegocios.com.br\/aprovacao\/lysandre\/wp-content\/uploads\/2025\/04\/IMG_7971-otimizadas.jpg","datePublished":"2025-04-11T14:45:06+00:00","dateModified":"2025-04-11T14:45:32+00:00","breadcrumb":{"@id":"https:\/\/anegocios.com.br\/aprovacao\/lysandre\/produto\/vestido-longo-cecilia-folhagem\/#breadcrumb"},"inLanguage":"pt-BR","potentialAction":[{"@type":"ReadAction","target":["https:\/\/anegocios.com.br\/aprovacao\/lysandre\/produto\/vestido-longo-cecilia-folhagem\/"]}]},{"@type":"ImageObject","inLanguage":"pt-BR","@id":"https:\/\/anegocios.com.br\/aprovacao\/lysandre\/produto\/vestido-longo-cecilia-folhagem\/#primaryimage","url":"https:\/\/anegocios.com.br\/aprovacao\/lysandre\/wp-content\/uploads\/2025\/04\/IMG_7971-otimizadas.jpg","contentUrl":"https:\/\/anegocios.com.br\/aprovacao\/lysandre\/wp-content\/uploads\/2025\/04\/IMG_7971-otimizadas.jpg","width":700,"height":993},{"@type":"BreadcrumbList","@id":"https:\/\/anegocios.com.br\/aprovacao\/lysandre\/produto\/vestido-longo-cecilia-folhagem\/#breadcrumb","itemListElement":[{"@type":"ListItem","position":1,"name":"In\u00edcio","item":"https:\/\/anegocios.com.br\/aprovacao\/lysandre\/"},{"@type":"ListItem","position":2,"name":"Todos os produtos","item":"https:\/\/anegocios.com.br\/aprovacao\/lysandre\/todos-os-produtos\/"},{"@type":"ListItem","position":3,"name":"Vestido Longo Cecilia\/ Folhagem"}]},{"@type":"WebSite","@id":"https:\/\/anegocios.com.br\/aprovacao\/lysandre\/#website","url":"https:\/\/anegocios.com.br\/aprovacao\/lysandre\/","name":"Lysandre Modas","description":"","potentialAction":[{"@type":"SearchAction","target":{"@type":"EntryPoint","urlTemplate":"https:\/\/anegocios.com.br\/aprovacao\/lysandre\/?s={search_term_string}"},"query-input":{"@type":"PropertyValueSpecification","valueRequired":true,"valueName":"search_term_string"}}],"inLanguage":"pt-BR"}]}},"_links":{"self":[{"href":"https:\/\/anegocios.com.br\/aprovacao\/lysandre\/wp-json\/wp\/v2\/product\/2609","targetHints":{"allow":["GET"]}}],"collection":[{"href":"https:\/\/anegocios.com.br\/aprovacao\/lysandre\/wp-json\/wp\/v2\/product"}],"about":[{"href":"https:\/\/anegocios.com.br\/aprovacao\/lysandre\/wp-json\/wp\/v2\/types\/product"}],"replies":[{"embeddable":true,"href":"https:\/\/anegocios.com.br\/aprovacao\/lysandre\/wp-json\/wp\/v2\/comments?post=2609"}],"wp:featuredmedia":[{"embeddable":true,"href":"https:\/\/anegocios.com.br\/aprovacao\/lysandre\/wp-json\/wp\/v2\/media\/2618"}],"wp:attachment":[{"href":"https:\/\/anegocios.com.br\/aprovacao\/lysandre\/wp-json\/wp\/v2\/media?parent=2609"}],"wp:term":[{"taxonomy":"product_brand","embeddable":true,"href":"https:\/\/anegocios.com.br\/aprovacao\/lysandre\/wp-json\/wp\/v2\/product_brand?post=2609"},{"taxonomy":"product_cat","embeddable":true,"href":"https:\/\/anegocios.com.br\/aprovacao\/lysandre\/wp-json\/wp\/v2\/product_cat?post=2609"},{"taxonomy":"product_tag","embeddable":true,"href":"https:\/\/anegocios.com.br\/aprovacao\/lysandre\/wp-json\/wp\/v2\/product_tag?post=2609"}],"curies":[{"name":"wp","href":"https:\/\/api.w.org\/{rel}","templated":true}]}}