{"id":2630,"date":"2025-04-11T11:45:11","date_gmt":"2025-04-11T14:45:11","guid":{"rendered":"https:\/\/anegocios.com.br\/aprovacao\/lysandre\/?post_type=product&#038;p=2630"},"modified":"2025-04-11T11:45:32","modified_gmt":"2025-04-11T14:45:32","slug":"vestido-valquiria-roze","status":"publish","type":"product","link":"https:\/\/anegocios.com.br\/aprovacao\/lysandre\/produto\/vestido-valquiria-roze\/","title":{"rendered":"Vestido Valqu\u00edria\/Roze"},"content":{"rendered":"<p style=\"font-weight: 400\"><span style=\"font-weight: inherit;font-style: inherit\">Esse tecido \u00e9 eleg\u00e2ncia pura! O Prada \u00e9 muito vers\u00e1til, gra\u00e7as a um lado fosco bem casual chic e o outro com um brilho acetinado perfeito para pe\u00e7as que s\u00e3o a cara do luxo. Seu caimento mais pesado n\u00e3o cria marcas, al\u00e9m de acompanhar bem as curvas do corpo. Por isso, \u00e9 um tecido perfeito para pe\u00e7as de alfaiataria mais estruturadas, como blazers, coletes e saias de todos os modelos, sempre com a op\u00e7\u00e3o de escolher a textura preferida para cada pe\u00e7a. Tamb\u00e9m \u00e9 muito usado na moda festa, gra\u00e7as ao seu caimento que fica bem tanto nos corpetes e saias mais justas quanto vestidos estilo sereia e linha A. Al\u00e9m de mais pesado, esse tecido tamb\u00e9m n\u00e3o \u00e9 transparente e dispensa o forro na maioria das pe\u00e7as, sendo necess\u00e1rio apenas para um acabamento mais requintado. Voc\u00ea n\u00e3o pode deixar de experimentar!<\/span><\/p>\n<ul>\n<li style=\"font-style: inherit\"><span style=\"font-weight: inherit;font-style: inherit\">Composi\u00e7\u00e3o: <span style=\"font-weight: 400;font-style: inherit\">97% Poli\u00e9ster\u00a0e 3% Elastano<\/span><\/span><\/li>\n<\/ul>\n<p>&nbsp;<\/p>\n<p>Compre com tranquilidade e seguran\u00e7a que seus pedidos chegar\u00e3o onde estiver.<\/p>\n<p>A loja lysandre modas fica localizada no Braz em S\u00e3o Paulo na Rua Oriente, 500, terceiro andar, sala 313.<\/p>\n<p>Atendimento de segunda a sexta feira das 8 \u00e1s 16 horas e aos s\u00e1bados das 8 \u00e1s 14 horas.<\/p>\n<p><u>Enviamos a todo o Brasil.<\/u>l!<\/p>\n","protected":false},"excerpt":{"rendered":"<p>Esse tecido \u00e9 eleg\u00e2ncia pura! O Prada \u00e9 muito vers\u00e1til, gra\u00e7as a um lado fosco bem casual chic e o outro com um brilho acetinado perfeito para pe\u00e7as que s\u00e3o a cara do luxo. Seu caimento mais pesado n\u00e3o cria marcas, al\u00e9m de acompanhar bem as curvas do corpo. Por isso, \u00e9 um tecido perfeito [&hellip;]<\/p>\n","protected":false},"featured_media":2656,"comment_status":"open","ping_status":"closed","template":"","meta":{"_acf_changed":false},"product_brand":[],"product_cat":[96,76,83],"product_tag":[128],"class_list":{"0":"post-2630","1":"product","2":"type-product","3":"status-publish","4":"has-post-thumbnail","6":"product_cat-vestido-curto","7":"product_cat-vestido-tubinho","8":"product_cat-vestidos-liso","9":"product_tag-lysandremodas-moda-modamodaevangelicaatacadocrentechique-modaestreitamodagospellysandremodas-modacrente-modaexecutiva-modajovem-modakids-modasocial","11":"first","12":"instock","13":"shipping-taxable","14":"purchasable","15":"product-type-variable"},"acf":[],"yoast_head":"<!-- This site is optimized with the Yoast SEO plugin v27.5 - https:\/\/yoast.com\/product\/yoast-seo-wordpress\/ -->\n<title>Vestido Valqu\u00edria\/Roze - Lysandre Modas<\/title>\n<meta name=\"robots\" content=\"noindex, follow, max-snippet:-1, max-image-preview:large, max-video-preview:-1\" \/>\n<meta property=\"og:locale\" content=\"pt_BR\" \/>\n<meta property=\"og:type\" content=\"article\" \/>\n<meta property=\"og:title\" content=\"Vestido Valqu\u00edria\/Roze - Lysandre Modas\" \/>\n<meta property=\"og:description\" content=\"Esse tecido \u00e9 eleg\u00e2ncia pura! O Prada \u00e9 muito vers\u00e1til, gra\u00e7as a um lado fosco bem casual chic e o outro com um brilho acetinado perfeito para pe\u00e7as que s\u00e3o a cara do luxo. Seu caimento mais pesado n\u00e3o cria marcas, al\u00e9m de acompanhar bem as curvas do corpo. Por isso, \u00e9 um tecido perfeito [&hellip;]\" \/>\n<meta property=\"og:url\" content=\"https:\/\/anegocios.com.br\/aprovacao\/lysandre\/produto\/vestido-valquiria-roze\/\" \/>\n<meta property=\"og:site_name\" content=\"Lysandre Modas\" \/>\n<meta property=\"article:modified_time\" content=\"2025-04-11T14:45:32+00:00\" \/>\n<meta property=\"og:image\" content=\"https:\/\/anegocios.com.br\/aprovacao\/lysandre\/wp-content\/uploads\/2025\/04\/IMG_4109_Facetune_12-02-2022-08-44-47-otimizadas.jpg\" \/>\n\t<meta property=\"og:image:width\" content=\"700\" \/>\n\t<meta property=\"og:image:height\" content=\"933\" \/>\n\t<meta property=\"og:image:type\" content=\"image\/jpeg\" \/>\n<meta name=\"twitter:card\" content=\"summary_large_image\" \/>\n<meta name=\"twitter:label1\" content=\"Est. tempo de leitura\" \/>\n\t<meta name=\"twitter:data1\" content=\"1 minuto\" \/>\n<script type=\"application\/ld+json\" class=\"yoast-schema-graph\">{\"@context\":\"https:\\\/\\\/schema.org\",\"@graph\":[{\"@type\":\"WebPage\",\"@id\":\"https:\\\/\\\/anegocios.com.br\\\/aprovacao\\\/lysandre\\\/produto\\\/vestido-valquiria-roze\\\/\",\"url\":\"https:\\\/\\\/anegocios.com.br\\\/aprovacao\\\/lysandre\\\/produto\\\/vestido-valquiria-roze\\\/\",\"name\":\"Vestido Valqu\u00edria\\\/Roze - Lysandre Modas\",\"isPartOf\":{\"@id\":\"https:\\\/\\\/anegocios.com.br\\\/aprovacao\\\/lysandre\\\/#website\"},\"primaryImageOfPage\":{\"@id\":\"https:\\\/\\\/anegocios.com.br\\\/aprovacao\\\/lysandre\\\/produto\\\/vestido-valquiria-roze\\\/#primaryimage\"},\"image\":{\"@id\":\"https:\\\/\\\/anegocios.com.br\\\/aprovacao\\\/lysandre\\\/produto\\\/vestido-valquiria-roze\\\/#primaryimage\"},\"thumbnailUrl\":\"https:\\\/\\\/anegocios.com.br\\\/aprovacao\\\/lysandre\\\/wp-content\\\/uploads\\\/2025\\\/04\\\/IMG_4109_Facetune_12-02-2022-08-44-47-otimizadas.jpg\",\"datePublished\":\"2025-04-11T14:45:11+00:00\",\"dateModified\":\"2025-04-11T14:45:32+00:00\",\"breadcrumb\":{\"@id\":\"https:\\\/\\\/anegocios.com.br\\\/aprovacao\\\/lysandre\\\/produto\\\/vestido-valquiria-roze\\\/#breadcrumb\"},\"inLanguage\":\"pt-BR\",\"potentialAction\":[{\"@type\":\"ReadAction\",\"target\":[\"https:\\\/\\\/anegocios.com.br\\\/aprovacao\\\/lysandre\\\/produto\\\/vestido-valquiria-roze\\\/\"]}]},{\"@type\":\"ImageObject\",\"inLanguage\":\"pt-BR\",\"@id\":\"https:\\\/\\\/anegocios.com.br\\\/aprovacao\\\/lysandre\\\/produto\\\/vestido-valquiria-roze\\\/#primaryimage\",\"url\":\"https:\\\/\\\/anegocios.com.br\\\/aprovacao\\\/lysandre\\\/wp-content\\\/uploads\\\/2025\\\/04\\\/IMG_4109_Facetune_12-02-2022-08-44-47-otimizadas.jpg\",\"contentUrl\":\"https:\\\/\\\/anegocios.com.br\\\/aprovacao\\\/lysandre\\\/wp-content\\\/uploads\\\/2025\\\/04\\\/IMG_4109_Facetune_12-02-2022-08-44-47-otimizadas.jpg\",\"width\":700,\"height\":933},{\"@type\":\"BreadcrumbList\",\"@id\":\"https:\\\/\\\/anegocios.com.br\\\/aprovacao\\\/lysandre\\\/produto\\\/vestido-valquiria-roze\\\/#breadcrumb\",\"itemListElement\":[{\"@type\":\"ListItem\",\"position\":1,\"name\":\"In\u00edcio\",\"item\":\"https:\\\/\\\/anegocios.com.br\\\/aprovacao\\\/lysandre\\\/\"},{\"@type\":\"ListItem\",\"position\":2,\"name\":\"Todos os produtos\",\"item\":\"https:\\\/\\\/anegocios.com.br\\\/aprovacao\\\/lysandre\\\/todos-os-produtos\\\/\"},{\"@type\":\"ListItem\",\"position\":3,\"name\":\"Vestido Valqu\u00edria\\\/Roze\"}]},{\"@type\":\"WebSite\",\"@id\":\"https:\\\/\\\/anegocios.com.br\\\/aprovacao\\\/lysandre\\\/#website\",\"url\":\"https:\\\/\\\/anegocios.com.br\\\/aprovacao\\\/lysandre\\\/\",\"name\":\"Lysandre Modas\",\"description\":\"\",\"potentialAction\":[{\"@type\":\"SearchAction\",\"target\":{\"@type\":\"EntryPoint\",\"urlTemplate\":\"https:\\\/\\\/anegocios.com.br\\\/aprovacao\\\/lysandre\\\/?s={search_term_string}\"},\"query-input\":{\"@type\":\"PropertyValueSpecification\",\"valueRequired\":true,\"valueName\":\"search_term_string\"}}],\"inLanguage\":\"pt-BR\"}]}<\/script>\n<!-- \/ Yoast SEO plugin. -->","yoast_head_json":{"title":"Vestido Valqu\u00edria\/Roze - Lysandre Modas","robots":{"index":"noindex","follow":"follow","max-snippet":"max-snippet:-1","max-image-preview":"max-image-preview:large","max-video-preview":"max-video-preview:-1"},"og_locale":"pt_BR","og_type":"article","og_title":"Vestido Valqu\u00edria\/Roze - Lysandre Modas","og_description":"Esse tecido \u00e9 eleg\u00e2ncia pura! O Prada \u00e9 muito vers\u00e1til, gra\u00e7as a um lado fosco bem casual chic e o outro com um brilho acetinado perfeito para pe\u00e7as que s\u00e3o a cara do luxo. Seu caimento mais pesado n\u00e3o cria marcas, al\u00e9m de acompanhar bem as curvas do corpo. Por isso, \u00e9 um tecido perfeito [&hellip;]","og_url":"https:\/\/anegocios.com.br\/aprovacao\/lysandre\/produto\/vestido-valquiria-roze\/","og_site_name":"Lysandre Modas","article_modified_time":"2025-04-11T14:45:32+00:00","og_image":[{"width":700,"height":933,"url":"https:\/\/anegocios.com.br\/aprovacao\/lysandre\/wp-content\/uploads\/2025\/04\/IMG_4109_Facetune_12-02-2022-08-44-47-otimizadas.jpg","type":"image\/jpeg"}],"twitter_card":"summary_large_image","twitter_misc":{"Est. tempo de leitura":"1 minuto"},"schema":{"@context":"https:\/\/schema.org","@graph":[{"@type":"WebPage","@id":"https:\/\/anegocios.com.br\/aprovacao\/lysandre\/produto\/vestido-valquiria-roze\/","url":"https:\/\/anegocios.com.br\/aprovacao\/lysandre\/produto\/vestido-valquiria-roze\/","name":"Vestido Valqu\u00edria\/Roze - Lysandre Modas","isPartOf":{"@id":"https:\/\/anegocios.com.br\/aprovacao\/lysandre\/#website"},"primaryImageOfPage":{"@id":"https:\/\/anegocios.com.br\/aprovacao\/lysandre\/produto\/vestido-valquiria-roze\/#primaryimage"},"image":{"@id":"https:\/\/anegocios.com.br\/aprovacao\/lysandre\/produto\/vestido-valquiria-roze\/#primaryimage"},"thumbnailUrl":"https:\/\/anegocios.com.br\/aprovacao\/lysandre\/wp-content\/uploads\/2025\/04\/IMG_4109_Facetune_12-02-2022-08-44-47-otimizadas.jpg","datePublished":"2025-04-11T14:45:11+00:00","dateModified":"2025-04-11T14:45:32+00:00","breadcrumb":{"@id":"https:\/\/anegocios.com.br\/aprovacao\/lysandre\/produto\/vestido-valquiria-roze\/#breadcrumb"},"inLanguage":"pt-BR","potentialAction":[{"@type":"ReadAction","target":["https:\/\/anegocios.com.br\/aprovacao\/lysandre\/produto\/vestido-valquiria-roze\/"]}]},{"@type":"ImageObject","inLanguage":"pt-BR","@id":"https:\/\/anegocios.com.br\/aprovacao\/lysandre\/produto\/vestido-valquiria-roze\/#primaryimage","url":"https:\/\/anegocios.com.br\/aprovacao\/lysandre\/wp-content\/uploads\/2025\/04\/IMG_4109_Facetune_12-02-2022-08-44-47-otimizadas.jpg","contentUrl":"https:\/\/anegocios.com.br\/aprovacao\/lysandre\/wp-content\/uploads\/2025\/04\/IMG_4109_Facetune_12-02-2022-08-44-47-otimizadas.jpg","width":700,"height":933},{"@type":"BreadcrumbList","@id":"https:\/\/anegocios.com.br\/aprovacao\/lysandre\/produto\/vestido-valquiria-roze\/#breadcrumb","itemListElement":[{"@type":"ListItem","position":1,"name":"In\u00edcio","item":"https:\/\/anegocios.com.br\/aprovacao\/lysandre\/"},{"@type":"ListItem","position":2,"name":"Todos os produtos","item":"https:\/\/anegocios.com.br\/aprovacao\/lysandre\/todos-os-produtos\/"},{"@type":"ListItem","position":3,"name":"Vestido Valqu\u00edria\/Roze"}]},{"@type":"WebSite","@id":"https:\/\/anegocios.com.br\/aprovacao\/lysandre\/#website","url":"https:\/\/anegocios.com.br\/aprovacao\/lysandre\/","name":"Lysandre Modas","description":"","potentialAction":[{"@type":"SearchAction","target":{"@type":"EntryPoint","urlTemplate":"https:\/\/anegocios.com.br\/aprovacao\/lysandre\/?s={search_term_string}"},"query-input":{"@type":"PropertyValueSpecification","valueRequired":true,"valueName":"search_term_string"}}],"inLanguage":"pt-BR"}]}},"_links":{"self":[{"href":"https:\/\/anegocios.com.br\/aprovacao\/lysandre\/wp-json\/wp\/v2\/product\/2630","targetHints":{"allow":["GET"]}}],"collection":[{"href":"https:\/\/anegocios.com.br\/aprovacao\/lysandre\/wp-json\/wp\/v2\/product"}],"about":[{"href":"https:\/\/anegocios.com.br\/aprovacao\/lysandre\/wp-json\/wp\/v2\/types\/product"}],"replies":[{"embeddable":true,"href":"https:\/\/anegocios.com.br\/aprovacao\/lysandre\/wp-json\/wp\/v2\/comments?post=2630"}],"wp:featuredmedia":[{"embeddable":true,"href":"https:\/\/anegocios.com.br\/aprovacao\/lysandre\/wp-json\/wp\/v2\/media\/2656"}],"wp:attachment":[{"href":"https:\/\/anegocios.com.br\/aprovacao\/lysandre\/wp-json\/wp\/v2\/media?parent=2630"}],"wp:term":[{"taxonomy":"product_brand","embeddable":true,"href":"https:\/\/anegocios.com.br\/aprovacao\/lysandre\/wp-json\/wp\/v2\/product_brand?post=2630"},{"taxonomy":"product_cat","embeddable":true,"href":"https:\/\/anegocios.com.br\/aprovacao\/lysandre\/wp-json\/wp\/v2\/product_cat?post=2630"},{"taxonomy":"product_tag","embeddable":true,"href":"https:\/\/anegocios.com.br\/aprovacao\/lysandre\/wp-json\/wp\/v2\/product_tag?post=2630"}],"curies":[{"name":"wp","href":"https:\/\/api.w.org\/{rel}","templated":true}]}}