{"id":2647,"date":"2025-04-11T11:45:11","date_gmt":"2025-04-11T14:45:11","guid":{"rendered":"https:\/\/anegocios.com.br\/aprovacao\/lysandre\/?post_type=product&#038;p=2647"},"modified":"2025-04-11T11:45:42","modified_gmt":"2025-04-11T14:45:42","slug":"saia-vanessa-c-cinto-mostarda","status":"publish","type":"product","link":"https:\/\/anegocios.com.br\/aprovacao\/lysandre\/produto\/saia-vanessa-c-cinto-mostarda\/","title":{"rendered":"Saia Vanessa c\/ Cinto Mostarda"},"content":{"rendered":"<p>COMPOSI\u00c7\u00c3O: 95% poli\u00e9ster e 5% elastano.<\/p>\n<p>A malha crepe tem um \u00f3timo caimento para pe\u00e7as mais encorpadas, sua elasticidade ajuda a modelar o corpo de forma incr\u00edvel. Tem o caimento pesado e sua estrutura lembra a malha de montaria, por\u00e9m, bem mais leve e com textura pigmentada de aspecto fosco. Devido a sua elasticidade, ele \u00e9 ideal para confec\u00e7\u00e3o de pe\u00e7as justinhas ao corpo, como vestidos, saias, croppeds, podendo ser para moda festa ou casual.. An\u00fancio referente a 1 metro de tecido crepe de malha ( 1,00 x 1,60 ) A malha crepe tem um \u00f3timo caimento para pe\u00e7as mais encorpadas, sua elasticidade ajuda a modelar o corpo de forma incr\u00edvel. Tem o caimento pesado e sua estrutura lembra a malha de montaria, por\u00e9m, bem mais leve e com textura pigmentada de aspecto fosco. Devido a sua elasticidade, ele \u00e9 ideal para confec\u00e7\u00e3o de pe\u00e7as justinhas ao corpo, como vestidos, saias, croppeds, podendo ser para moda festa ou casual..<\/p>\n<p>&nbsp;<\/p>\n<p>Compre com tranquilidade e seguran\u00e7a que seus pedidos chegar\u00e3o onde estiver.<\/p>\n<p>A loja lysandre modas fica localizada no Braz em S\u00e3o Paulo na Rua Oriente, 500, terceiro andar, sala 313.<\/p>\n<p>Atendimento de segunda a sexta feira das 8 \u00e1s 16 horas e aos s\u00e1bados das 8 \u00e0s 14 horas.<\/p>\n<p><u>Enviamos a todo o Brasil.<\/u>l!<\/p>\n","protected":false},"excerpt":{"rendered":"<p>COMPOSI\u00c7\u00c3O: 95% poli\u00e9ster e 5% elastano. A malha crepe tem um \u00f3timo caimento para pe\u00e7as mais encorpadas, sua elasticidade ajuda a modelar o corpo de forma incr\u00edvel. Tem o caimento pesado e sua estrutura lembra a malha de montaria, por\u00e9m, bem mais leve e com textura pigmentada de aspecto fosco. Devido a sua elasticidade, ele [&hellip;]<\/p>\n","protected":false},"featured_media":2668,"comment_status":"open","ping_status":"closed","template":"","meta":{"_acf_changed":false},"product_brand":[],"product_cat":[56,108,102,104,51],"product_tag":[128],"class_list":{"0":"post-2647","1":"product","2":"type-product","3":"status-publish","4":"has-post-thumbnail","6":"product_cat-saia-c-cinto","7":"product_cat-saia-evase","8":"product_cat-saia-gode","9":"product_cat-saia-gode-lisa","10":"product_cat-saia-lisa","11":"product_tag-lysandremodas-moda-modamodaevangelicaatacadocrentechique-modaestreitamodagospellysandremodas-modacrente-modaexecutiva-modajovem-modakids-modasocial","13":"first","14":"instock","15":"shipping-taxable","16":"purchasable","17":"product-type-variable"},"acf":[],"yoast_head":"<!-- This site is optimized with the Yoast SEO plugin v27.5 - https:\/\/yoast.com\/product\/yoast-seo-wordpress\/ -->\n<title>Saia Vanessa c\/ Cinto Mostarda - Lysandre Modas<\/title>\n<meta name=\"robots\" content=\"noindex, follow, max-snippet:-1, max-image-preview:large, max-video-preview:-1\" \/>\n<meta property=\"og:locale\" content=\"pt_BR\" \/>\n<meta property=\"og:type\" content=\"article\" \/>\n<meta property=\"og:title\" content=\"Saia Vanessa c\/ Cinto Mostarda - Lysandre Modas\" \/>\n<meta property=\"og:description\" content=\"COMPOSI\u00c7\u00c3O: 95% poli\u00e9ster e 5% elastano. A malha crepe tem um \u00f3timo caimento para pe\u00e7as mais encorpadas, sua elasticidade ajuda a modelar o corpo de forma incr\u00edvel. Tem o caimento pesado e sua estrutura lembra a malha de montaria, por\u00e9m, bem mais leve e com textura pigmentada de aspecto fosco. Devido a sua elasticidade, ele [&hellip;]\" \/>\n<meta property=\"og:url\" content=\"https:\/\/anegocios.com.br\/aprovacao\/lysandre\/produto\/saia-vanessa-c-cinto-mostarda\/\" \/>\n<meta property=\"og:site_name\" content=\"Lysandre Modas\" \/>\n<meta property=\"article:modified_time\" content=\"2025-04-11T14:45:42+00:00\" \/>\n<meta property=\"og:image\" content=\"https:\/\/anegocios.com.br\/aprovacao\/lysandre\/wp-content\/uploads\/2025\/04\/IMG_6931-scaled-2.jpg\" \/>\n\t<meta property=\"og:image:width\" content=\"1600\" \/>\n\t<meta property=\"og:image:height\" content=\"2400\" \/>\n\t<meta property=\"og:image:type\" content=\"image\/jpeg\" \/>\n<meta name=\"twitter:card\" content=\"summary_large_image\" \/>\n<meta name=\"twitter:label1\" content=\"Est. tempo de leitura\" \/>\n\t<meta name=\"twitter:data1\" content=\"1 minuto\" \/>\n<script type=\"application\/ld+json\" class=\"yoast-schema-graph\">{\"@context\":\"https:\\\/\\\/schema.org\",\"@graph\":[{\"@type\":\"WebPage\",\"@id\":\"https:\\\/\\\/anegocios.com.br\\\/aprovacao\\\/lysandre\\\/produto\\\/saia-vanessa-c-cinto-mostarda\\\/\",\"url\":\"https:\\\/\\\/anegocios.com.br\\\/aprovacao\\\/lysandre\\\/produto\\\/saia-vanessa-c-cinto-mostarda\\\/\",\"name\":\"Saia Vanessa c\\\/ Cinto Mostarda - Lysandre Modas\",\"isPartOf\":{\"@id\":\"https:\\\/\\\/anegocios.com.br\\\/aprovacao\\\/lysandre\\\/#website\"},\"primaryImageOfPage\":{\"@id\":\"https:\\\/\\\/anegocios.com.br\\\/aprovacao\\\/lysandre\\\/produto\\\/saia-vanessa-c-cinto-mostarda\\\/#primaryimage\"},\"image\":{\"@id\":\"https:\\\/\\\/anegocios.com.br\\\/aprovacao\\\/lysandre\\\/produto\\\/saia-vanessa-c-cinto-mostarda\\\/#primaryimage\"},\"thumbnailUrl\":\"https:\\\/\\\/anegocios.com.br\\\/aprovacao\\\/lysandre\\\/wp-content\\\/uploads\\\/2025\\\/04\\\/IMG_6931-scaled-2.jpg\",\"datePublished\":\"2025-04-11T14:45:11+00:00\",\"dateModified\":\"2025-04-11T14:45:42+00:00\",\"breadcrumb\":{\"@id\":\"https:\\\/\\\/anegocios.com.br\\\/aprovacao\\\/lysandre\\\/produto\\\/saia-vanessa-c-cinto-mostarda\\\/#breadcrumb\"},\"inLanguage\":\"pt-BR\",\"potentialAction\":[{\"@type\":\"ReadAction\",\"target\":[\"https:\\\/\\\/anegocios.com.br\\\/aprovacao\\\/lysandre\\\/produto\\\/saia-vanessa-c-cinto-mostarda\\\/\"]}]},{\"@type\":\"ImageObject\",\"inLanguage\":\"pt-BR\",\"@id\":\"https:\\\/\\\/anegocios.com.br\\\/aprovacao\\\/lysandre\\\/produto\\\/saia-vanessa-c-cinto-mostarda\\\/#primaryimage\",\"url\":\"https:\\\/\\\/anegocios.com.br\\\/aprovacao\\\/lysandre\\\/wp-content\\\/uploads\\\/2025\\\/04\\\/IMG_6931-scaled-2.jpg\",\"contentUrl\":\"https:\\\/\\\/anegocios.com.br\\\/aprovacao\\\/lysandre\\\/wp-content\\\/uploads\\\/2025\\\/04\\\/IMG_6931-scaled-2.jpg\",\"width\":1600,\"height\":2400},{\"@type\":\"BreadcrumbList\",\"@id\":\"https:\\\/\\\/anegocios.com.br\\\/aprovacao\\\/lysandre\\\/produto\\\/saia-vanessa-c-cinto-mostarda\\\/#breadcrumb\",\"itemListElement\":[{\"@type\":\"ListItem\",\"position\":1,\"name\":\"In\u00edcio\",\"item\":\"https:\\\/\\\/anegocios.com.br\\\/aprovacao\\\/lysandre\\\/\"},{\"@type\":\"ListItem\",\"position\":2,\"name\":\"Todos os produtos\",\"item\":\"https:\\\/\\\/anegocios.com.br\\\/aprovacao\\\/lysandre\\\/todos-os-produtos\\\/\"},{\"@type\":\"ListItem\",\"position\":3,\"name\":\"Saia Vanessa c\\\/ Cinto Mostarda\"}]},{\"@type\":\"WebSite\",\"@id\":\"https:\\\/\\\/anegocios.com.br\\\/aprovacao\\\/lysandre\\\/#website\",\"url\":\"https:\\\/\\\/anegocios.com.br\\\/aprovacao\\\/lysandre\\\/\",\"name\":\"Lysandre Modas\",\"description\":\"\",\"potentialAction\":[{\"@type\":\"SearchAction\",\"target\":{\"@type\":\"EntryPoint\",\"urlTemplate\":\"https:\\\/\\\/anegocios.com.br\\\/aprovacao\\\/lysandre\\\/?s={search_term_string}\"},\"query-input\":{\"@type\":\"PropertyValueSpecification\",\"valueRequired\":true,\"valueName\":\"search_term_string\"}}],\"inLanguage\":\"pt-BR\"}]}<\/script>\n<!-- \/ Yoast SEO plugin. -->","yoast_head_json":{"title":"Saia Vanessa c\/ Cinto Mostarda - Lysandre Modas","robots":{"index":"noindex","follow":"follow","max-snippet":"max-snippet:-1","max-image-preview":"max-image-preview:large","max-video-preview":"max-video-preview:-1"},"og_locale":"pt_BR","og_type":"article","og_title":"Saia Vanessa c\/ Cinto Mostarda - Lysandre Modas","og_description":"COMPOSI\u00c7\u00c3O: 95% poli\u00e9ster e 5% elastano. A malha crepe tem um \u00f3timo caimento para pe\u00e7as mais encorpadas, sua elasticidade ajuda a modelar o corpo de forma incr\u00edvel. Tem o caimento pesado e sua estrutura lembra a malha de montaria, por\u00e9m, bem mais leve e com textura pigmentada de aspecto fosco. Devido a sua elasticidade, ele [&hellip;]","og_url":"https:\/\/anegocios.com.br\/aprovacao\/lysandre\/produto\/saia-vanessa-c-cinto-mostarda\/","og_site_name":"Lysandre Modas","article_modified_time":"2025-04-11T14:45:42+00:00","og_image":[{"width":1600,"height":2400,"url":"https:\/\/anegocios.com.br\/aprovacao\/lysandre\/wp-content\/uploads\/2025\/04\/IMG_6931-scaled-2.jpg","type":"image\/jpeg"}],"twitter_card":"summary_large_image","twitter_misc":{"Est. tempo de leitura":"1 minuto"},"schema":{"@context":"https:\/\/schema.org","@graph":[{"@type":"WebPage","@id":"https:\/\/anegocios.com.br\/aprovacao\/lysandre\/produto\/saia-vanessa-c-cinto-mostarda\/","url":"https:\/\/anegocios.com.br\/aprovacao\/lysandre\/produto\/saia-vanessa-c-cinto-mostarda\/","name":"Saia Vanessa c\/ Cinto Mostarda - Lysandre Modas","isPartOf":{"@id":"https:\/\/anegocios.com.br\/aprovacao\/lysandre\/#website"},"primaryImageOfPage":{"@id":"https:\/\/anegocios.com.br\/aprovacao\/lysandre\/produto\/saia-vanessa-c-cinto-mostarda\/#primaryimage"},"image":{"@id":"https:\/\/anegocios.com.br\/aprovacao\/lysandre\/produto\/saia-vanessa-c-cinto-mostarda\/#primaryimage"},"thumbnailUrl":"https:\/\/anegocios.com.br\/aprovacao\/lysandre\/wp-content\/uploads\/2025\/04\/IMG_6931-scaled-2.jpg","datePublished":"2025-04-11T14:45:11+00:00","dateModified":"2025-04-11T14:45:42+00:00","breadcrumb":{"@id":"https:\/\/anegocios.com.br\/aprovacao\/lysandre\/produto\/saia-vanessa-c-cinto-mostarda\/#breadcrumb"},"inLanguage":"pt-BR","potentialAction":[{"@type":"ReadAction","target":["https:\/\/anegocios.com.br\/aprovacao\/lysandre\/produto\/saia-vanessa-c-cinto-mostarda\/"]}]},{"@type":"ImageObject","inLanguage":"pt-BR","@id":"https:\/\/anegocios.com.br\/aprovacao\/lysandre\/produto\/saia-vanessa-c-cinto-mostarda\/#primaryimage","url":"https:\/\/anegocios.com.br\/aprovacao\/lysandre\/wp-content\/uploads\/2025\/04\/IMG_6931-scaled-2.jpg","contentUrl":"https:\/\/anegocios.com.br\/aprovacao\/lysandre\/wp-content\/uploads\/2025\/04\/IMG_6931-scaled-2.jpg","width":1600,"height":2400},{"@type":"BreadcrumbList","@id":"https:\/\/anegocios.com.br\/aprovacao\/lysandre\/produto\/saia-vanessa-c-cinto-mostarda\/#breadcrumb","itemListElement":[{"@type":"ListItem","position":1,"name":"In\u00edcio","item":"https:\/\/anegocios.com.br\/aprovacao\/lysandre\/"},{"@type":"ListItem","position":2,"name":"Todos os produtos","item":"https:\/\/anegocios.com.br\/aprovacao\/lysandre\/todos-os-produtos\/"},{"@type":"ListItem","position":3,"name":"Saia Vanessa c\/ Cinto Mostarda"}]},{"@type":"WebSite","@id":"https:\/\/anegocios.com.br\/aprovacao\/lysandre\/#website","url":"https:\/\/anegocios.com.br\/aprovacao\/lysandre\/","name":"Lysandre Modas","description":"","potentialAction":[{"@type":"SearchAction","target":{"@type":"EntryPoint","urlTemplate":"https:\/\/anegocios.com.br\/aprovacao\/lysandre\/?s={search_term_string}"},"query-input":{"@type":"PropertyValueSpecification","valueRequired":true,"valueName":"search_term_string"}}],"inLanguage":"pt-BR"}]}},"_links":{"self":[{"href":"https:\/\/anegocios.com.br\/aprovacao\/lysandre\/wp-json\/wp\/v2\/product\/2647","targetHints":{"allow":["GET"]}}],"collection":[{"href":"https:\/\/anegocios.com.br\/aprovacao\/lysandre\/wp-json\/wp\/v2\/product"}],"about":[{"href":"https:\/\/anegocios.com.br\/aprovacao\/lysandre\/wp-json\/wp\/v2\/types\/product"}],"replies":[{"embeddable":true,"href":"https:\/\/anegocios.com.br\/aprovacao\/lysandre\/wp-json\/wp\/v2\/comments?post=2647"}],"wp:featuredmedia":[{"embeddable":true,"href":"https:\/\/anegocios.com.br\/aprovacao\/lysandre\/wp-json\/wp\/v2\/media\/2668"}],"wp:attachment":[{"href":"https:\/\/anegocios.com.br\/aprovacao\/lysandre\/wp-json\/wp\/v2\/media?parent=2647"}],"wp:term":[{"taxonomy":"product_brand","embeddable":true,"href":"https:\/\/anegocios.com.br\/aprovacao\/lysandre\/wp-json\/wp\/v2\/product_brand?post=2647"},{"taxonomy":"product_cat","embeddable":true,"href":"https:\/\/anegocios.com.br\/aprovacao\/lysandre\/wp-json\/wp\/v2\/product_cat?post=2647"},{"taxonomy":"product_tag","embeddable":true,"href":"https:\/\/anegocios.com.br\/aprovacao\/lysandre\/wp-json\/wp\/v2\/product_tag?post=2647"}],"curies":[{"name":"wp","href":"https:\/\/api.w.org\/{rel}","templated":true}]}}