{"id":3823,"date":"2025-04-11T11:49:03","date_gmt":"2025-04-11T14:49:03","guid":{"rendered":"https:\/\/anegocios.com.br\/aprovacao\/lysandre\/?post_type=product&#038;p=3823"},"modified":"2025-04-11T11:49:07","modified_gmt":"2025-04-11T14:49:07","slug":"blusa-miranda-estampada-5","status":"publish","type":"product","link":"https:\/\/anegocios.com.br\/aprovacao\/lysandre\/produto\/blusa-miranda-estampada-5\/","title":{"rendered":"Blusa Miranda Estampada"},"content":{"rendered":"<p><span style=\"vertical-align: inherit\"><span style=\"vertical-align: inherit\"><span style=\"vertical-align: inherit\"><span style=\"vertical-align: inherit\"><span style=\"vertical-align: inherit\"><span style=\"vertical-align: inherit\"><span style=\"vertical-align: inherit\"><span style=\"vertical-align: inherit\"><span style=\"vertical-align: inherit\"><span style=\"vertical-align: inherit\">A Seda natural, aquela produzida a partir dos casulos do bicho da seda, \u00e9 a fibra textil natural mais forte do mundo. <\/span><\/span><\/span><\/span><\/span><\/span><\/span><\/span><\/span><span style=\"vertical-align: inherit\"><span style=\"vertical-align: inherit\"><span style=\"vertical-align: inherit\"><span style=\"vertical-align: inherit\"><span style=\"vertical-align: inherit\"><span style=\"vertical-align: inherit\"><span style=\"vertical-align: inherit\"><span style=\"vertical-align: inherit\"><span style=\"vertical-align: inherit\">Isso, somado a sua enorme maciez, fez da Seda um tecido muito desej\u00e1vel na hist\u00f3ria e extremamente importante para as rotas comerciais que ligavam a China, Oriente M\u00e9dio e Europa, atrav\u00e9s da rota da Seda.<\/span><\/span><\/span><\/span><\/span><\/span><\/span><\/span><\/span><\/span><\/p>\n<p><span style=\"vertical-align: inherit\"><span style=\"vertical-align: inherit\"><span style=\"vertical-align: inherit\"><span style=\"vertical-align: inherit\"><span style=\"vertical-align: inherit\"><span style=\"vertical-align: inherit\"><span style=\"vertical-align: inherit\"><span style=\"vertical-align: inherit\"><span style=\"vertical-align: inherit\"><span style=\"vertical-align: inherit\">100%poliester com leve sensa\u00e7\u00e3o de elasticidade devido a tra\u00e7\u00e3o.<\/span><\/span><\/span><\/span><\/span><\/span><\/span><\/span><\/span><\/span><\/p>\n<p>&nbsp;<\/p>\n","protected":false},"excerpt":{"rendered":"<p>tabela de medidas<\/p>\n<p>p38\/ m40 \/ g42 \/ gg 44 \/ g1 46 \/ g2 48 \/ g3 48 \/ g4 50<\/p>\n","protected":false},"featured_media":3841,"comment_status":"open","ping_status":"closed","template":"","meta":{"_acf_changed":false},"product_brand":[],"product_cat":[22,25,86,122,135,137],"product_tag":[],"class_list":{"0":"post-3823","1":"product","2":"type-product","3":"status-publish","4":"has-post-thumbnail","6":"product_cat-blusas","7":"product_cat-blusas-c-laco","8":"product_cat-blusas-estampadas","9":"product_cat-blusas-estampadas-masculino","10":"product_cat-linha-digital","11":"product_cat-premium","13":"first","14":"instock","15":"shipping-taxable","16":"purchasable","17":"product-type-variable"},"acf":[],"yoast_head":"<!-- This site is optimized with the Yoast SEO plugin v27.5 - https:\/\/yoast.com\/product\/yoast-seo-wordpress\/ -->\n<title>Blusa Miranda Estampada - Lysandre Modas<\/title>\n<meta name=\"robots\" content=\"noindex, follow, max-snippet:-1, max-image-preview:large, max-video-preview:-1\" \/>\n<meta property=\"og:locale\" content=\"pt_BR\" \/>\n<meta property=\"og:type\" content=\"article\" \/>\n<meta property=\"og:title\" content=\"Blusa Miranda Estampada - Lysandre Modas\" \/>\n<meta property=\"og:description\" content=\"tabela de medidas  p38\/ m40 \/ g42 \/ gg 44 \/ g1 46 \/ g2 48 \/ g3 48 \/ g4 50\" \/>\n<meta property=\"og:url\" content=\"https:\/\/anegocios.com.br\/aprovacao\/lysandre\/produto\/blusa-miranda-estampada-5\/\" \/>\n<meta property=\"og:site_name\" content=\"Lysandre Modas\" \/>\n<meta property=\"article:modified_time\" content=\"2025-04-11T14:49:07+00:00\" \/>\n<meta property=\"og:image\" content=\"https:\/\/anegocios.com.br\/aprovacao\/lysandre\/wp-content\/uploads\/2025\/04\/IMG_3586-otm.jpg\" \/>\n\t<meta property=\"og:image:width\" content=\"537\" \/>\n\t<meta property=\"og:image:height\" content=\"806\" \/>\n\t<meta property=\"og:image:type\" content=\"image\/jpeg\" \/>\n<meta name=\"twitter:card\" content=\"summary_large_image\" \/>\n<script type=\"application\/ld+json\" class=\"yoast-schema-graph\">{\"@context\":\"https:\\\/\\\/schema.org\",\"@graph\":[{\"@type\":\"WebPage\",\"@id\":\"https:\\\/\\\/anegocios.com.br\\\/aprovacao\\\/lysandre\\\/produto\\\/blusa-miranda-estampada-5\\\/\",\"url\":\"https:\\\/\\\/anegocios.com.br\\\/aprovacao\\\/lysandre\\\/produto\\\/blusa-miranda-estampada-5\\\/\",\"name\":\"Blusa Miranda Estampada - Lysandre Modas\",\"isPartOf\":{\"@id\":\"https:\\\/\\\/anegocios.com.br\\\/aprovacao\\\/lysandre\\\/#website\"},\"primaryImageOfPage\":{\"@id\":\"https:\\\/\\\/anegocios.com.br\\\/aprovacao\\\/lysandre\\\/produto\\\/blusa-miranda-estampada-5\\\/#primaryimage\"},\"image\":{\"@id\":\"https:\\\/\\\/anegocios.com.br\\\/aprovacao\\\/lysandre\\\/produto\\\/blusa-miranda-estampada-5\\\/#primaryimage\"},\"thumbnailUrl\":\"https:\\\/\\\/anegocios.com.br\\\/aprovacao\\\/lysandre\\\/wp-content\\\/uploads\\\/2025\\\/04\\\/IMG_3586-otm.jpg\",\"datePublished\":\"2025-04-11T14:49:03+00:00\",\"dateModified\":\"2025-04-11T14:49:07+00:00\",\"breadcrumb\":{\"@id\":\"https:\\\/\\\/anegocios.com.br\\\/aprovacao\\\/lysandre\\\/produto\\\/blusa-miranda-estampada-5\\\/#breadcrumb\"},\"inLanguage\":\"pt-BR\",\"potentialAction\":[{\"@type\":\"ReadAction\",\"target\":[\"https:\\\/\\\/anegocios.com.br\\\/aprovacao\\\/lysandre\\\/produto\\\/blusa-miranda-estampada-5\\\/\"]}]},{\"@type\":\"ImageObject\",\"inLanguage\":\"pt-BR\",\"@id\":\"https:\\\/\\\/anegocios.com.br\\\/aprovacao\\\/lysandre\\\/produto\\\/blusa-miranda-estampada-5\\\/#primaryimage\",\"url\":\"https:\\\/\\\/anegocios.com.br\\\/aprovacao\\\/lysandre\\\/wp-content\\\/uploads\\\/2025\\\/04\\\/IMG_3586-otm.jpg\",\"contentUrl\":\"https:\\\/\\\/anegocios.com.br\\\/aprovacao\\\/lysandre\\\/wp-content\\\/uploads\\\/2025\\\/04\\\/IMG_3586-otm.jpg\",\"width\":537,\"height\":806},{\"@type\":\"BreadcrumbList\",\"@id\":\"https:\\\/\\\/anegocios.com.br\\\/aprovacao\\\/lysandre\\\/produto\\\/blusa-miranda-estampada-5\\\/#breadcrumb\",\"itemListElement\":[{\"@type\":\"ListItem\",\"position\":1,\"name\":\"In\u00edcio\",\"item\":\"https:\\\/\\\/anegocios.com.br\\\/aprovacao\\\/lysandre\\\/\"},{\"@type\":\"ListItem\",\"position\":2,\"name\":\"Todos os produtos\",\"item\":\"https:\\\/\\\/anegocios.com.br\\\/aprovacao\\\/lysandre\\\/todos-os-produtos\\\/\"},{\"@type\":\"ListItem\",\"position\":3,\"name\":\"Blusa Miranda Estampada\"}]},{\"@type\":\"WebSite\",\"@id\":\"https:\\\/\\\/anegocios.com.br\\\/aprovacao\\\/lysandre\\\/#website\",\"url\":\"https:\\\/\\\/anegocios.com.br\\\/aprovacao\\\/lysandre\\\/\",\"name\":\"Lysandre Modas\",\"description\":\"\",\"potentialAction\":[{\"@type\":\"SearchAction\",\"target\":{\"@type\":\"EntryPoint\",\"urlTemplate\":\"https:\\\/\\\/anegocios.com.br\\\/aprovacao\\\/lysandre\\\/?s={search_term_string}\"},\"query-input\":{\"@type\":\"PropertyValueSpecification\",\"valueRequired\":true,\"valueName\":\"search_term_string\"}}],\"inLanguage\":\"pt-BR\"}]}<\/script>\n<!-- \/ Yoast SEO plugin. -->","yoast_head_json":{"title":"Blusa Miranda Estampada - Lysandre Modas","robots":{"index":"noindex","follow":"follow","max-snippet":"max-snippet:-1","max-image-preview":"max-image-preview:large","max-video-preview":"max-video-preview:-1"},"og_locale":"pt_BR","og_type":"article","og_title":"Blusa Miranda Estampada - Lysandre Modas","og_description":"tabela de medidas  p38\/ m40 \/ g42 \/ gg 44 \/ g1 46 \/ g2 48 \/ g3 48 \/ g4 50","og_url":"https:\/\/anegocios.com.br\/aprovacao\/lysandre\/produto\/blusa-miranda-estampada-5\/","og_site_name":"Lysandre Modas","article_modified_time":"2025-04-11T14:49:07+00:00","og_image":[{"width":537,"height":806,"url":"https:\/\/anegocios.com.br\/aprovacao\/lysandre\/wp-content\/uploads\/2025\/04\/IMG_3586-otm.jpg","type":"image\/jpeg"}],"twitter_card":"summary_large_image","schema":{"@context":"https:\/\/schema.org","@graph":[{"@type":"WebPage","@id":"https:\/\/anegocios.com.br\/aprovacao\/lysandre\/produto\/blusa-miranda-estampada-5\/","url":"https:\/\/anegocios.com.br\/aprovacao\/lysandre\/produto\/blusa-miranda-estampada-5\/","name":"Blusa Miranda Estampada - Lysandre Modas","isPartOf":{"@id":"https:\/\/anegocios.com.br\/aprovacao\/lysandre\/#website"},"primaryImageOfPage":{"@id":"https:\/\/anegocios.com.br\/aprovacao\/lysandre\/produto\/blusa-miranda-estampada-5\/#primaryimage"},"image":{"@id":"https:\/\/anegocios.com.br\/aprovacao\/lysandre\/produto\/blusa-miranda-estampada-5\/#primaryimage"},"thumbnailUrl":"https:\/\/anegocios.com.br\/aprovacao\/lysandre\/wp-content\/uploads\/2025\/04\/IMG_3586-otm.jpg","datePublished":"2025-04-11T14:49:03+00:00","dateModified":"2025-04-11T14:49:07+00:00","breadcrumb":{"@id":"https:\/\/anegocios.com.br\/aprovacao\/lysandre\/produto\/blusa-miranda-estampada-5\/#breadcrumb"},"inLanguage":"pt-BR","potentialAction":[{"@type":"ReadAction","target":["https:\/\/anegocios.com.br\/aprovacao\/lysandre\/produto\/blusa-miranda-estampada-5\/"]}]},{"@type":"ImageObject","inLanguage":"pt-BR","@id":"https:\/\/anegocios.com.br\/aprovacao\/lysandre\/produto\/blusa-miranda-estampada-5\/#primaryimage","url":"https:\/\/anegocios.com.br\/aprovacao\/lysandre\/wp-content\/uploads\/2025\/04\/IMG_3586-otm.jpg","contentUrl":"https:\/\/anegocios.com.br\/aprovacao\/lysandre\/wp-content\/uploads\/2025\/04\/IMG_3586-otm.jpg","width":537,"height":806},{"@type":"BreadcrumbList","@id":"https:\/\/anegocios.com.br\/aprovacao\/lysandre\/produto\/blusa-miranda-estampada-5\/#breadcrumb","itemListElement":[{"@type":"ListItem","position":1,"name":"In\u00edcio","item":"https:\/\/anegocios.com.br\/aprovacao\/lysandre\/"},{"@type":"ListItem","position":2,"name":"Todos os produtos","item":"https:\/\/anegocios.com.br\/aprovacao\/lysandre\/todos-os-produtos\/"},{"@type":"ListItem","position":3,"name":"Blusa Miranda Estampada"}]},{"@type":"WebSite","@id":"https:\/\/anegocios.com.br\/aprovacao\/lysandre\/#website","url":"https:\/\/anegocios.com.br\/aprovacao\/lysandre\/","name":"Lysandre Modas","description":"","potentialAction":[{"@type":"SearchAction","target":{"@type":"EntryPoint","urlTemplate":"https:\/\/anegocios.com.br\/aprovacao\/lysandre\/?s={search_term_string}"},"query-input":{"@type":"PropertyValueSpecification","valueRequired":true,"valueName":"search_term_string"}}],"inLanguage":"pt-BR"}]}},"_links":{"self":[{"href":"https:\/\/anegocios.com.br\/aprovacao\/lysandre\/wp-json\/wp\/v2\/product\/3823","targetHints":{"allow":["GET"]}}],"collection":[{"href":"https:\/\/anegocios.com.br\/aprovacao\/lysandre\/wp-json\/wp\/v2\/product"}],"about":[{"href":"https:\/\/anegocios.com.br\/aprovacao\/lysandre\/wp-json\/wp\/v2\/types\/product"}],"replies":[{"embeddable":true,"href":"https:\/\/anegocios.com.br\/aprovacao\/lysandre\/wp-json\/wp\/v2\/comments?post=3823"}],"wp:featuredmedia":[{"embeddable":true,"href":"https:\/\/anegocios.com.br\/aprovacao\/lysandre\/wp-json\/wp\/v2\/media\/3841"}],"wp:attachment":[{"href":"https:\/\/anegocios.com.br\/aprovacao\/lysandre\/wp-json\/wp\/v2\/media?parent=3823"}],"wp:term":[{"taxonomy":"product_brand","embeddable":true,"href":"https:\/\/anegocios.com.br\/aprovacao\/lysandre\/wp-json\/wp\/v2\/product_brand?post=3823"},{"taxonomy":"product_cat","embeddable":true,"href":"https:\/\/anegocios.com.br\/aprovacao\/lysandre\/wp-json\/wp\/v2\/product_cat?post=3823"},{"taxonomy":"product_tag","embeddable":true,"href":"https:\/\/anegocios.com.br\/aprovacao\/lysandre\/wp-json\/wp\/v2\/product_tag?post=3823"}],"curies":[{"name":"wp","href":"https:\/\/api.w.org\/{rel}","templated":true}]}}