{"id":546,"date":"2025-04-11T11:38:39","date_gmt":"2025-04-11T14:38:39","guid":{"rendered":"https:\/\/anegocios.com.br\/aprovacao\/lysandre\/?post_type=product&#038;p=546"},"modified":"2025-04-11T11:44:35","modified_gmt":"2025-04-11T14:44:35","slug":"camisa-helena-em-tricoline","status":"publish","type":"product","link":"https:\/\/anegocios.com.br\/aprovacao\/lysandre\/produto\/camisa-helena-em-tricoline\/","title":{"rendered":"Camisa Helena em tricoline"},"content":{"rendered":"<p><iframe title=\"LYSANDRE.COM.BR look lindo pura eleg\u00e2ncia! #lysandremodas\" width=\"800\" height=\"450\" src=\"https:\/\/www.youtube.com\/embed\/8AJKxa6m7ZA?feature=oembed\" frameborder=\"0\" allow=\"accelerometer; autoplay; clipboard-write; encrypted-media; gyroscope; picture-in-picture; web-share\" referrerpolicy=\"strict-origin-when-cross-origin\" allowfullscreen><\/iframe><\/p>\n<h2>Qual a composi\u00e7\u00e3o do tecido tricoline?<\/h2>\n<p>O tecido tricoline \u00e9 composto em fibras 100% algod\u00e3o! Sua composi\u00e7\u00e3o completamente natural \u00e9 o que garante a maioria de suas caracter\u00edsticas e qualidades, por isso \u00e9 importante conferir na etiqueta se seu tecido possui composi\u00e7\u00e3o em algod\u00e3o ou se existem mesclas na fabrica\u00e7\u00e3o!<\/p>\n<p>Outra dica importante para conferir a\u00a0composi\u00e7\u00e3o do tecido tricoline\u00a0\u00e9 verificar a descri\u00e7\u00e3o completa do tecido no site da loja, verificando se existem fibras mistas.<\/p>\n<p>O tricoline surgiu como forma de substituir a seda no s\u00e9culo passado, no per\u00edodo p\u00f3s-guerra. Dessa forma, fabricantes de tecido buscaram alcan\u00e7ar um tecido nobre de pre\u00e7o mais baixo, garantindo pe\u00e7as sofisticadas feitas com tecido natural, por\u00e9m feito em algod\u00e3o!<\/p>\n<p>Isso garantiu que as pe\u00e7as femininas e masculinas passassem a ser confeccionadas com resist\u00eancia e pre\u00e7os mais baixos, aumentando o acesso de roupas \u00e0 popula\u00e7\u00e3o que estava em crise financeira.<\/p>\n<h2>Tricoline na atualidade<\/h2>\n<p>Ainda hoje o tricoline continua no gosto da popula\u00e7\u00e3o, isso porque sua nobreza garante a confec\u00e7\u00e3o de pe\u00e7as sofisticadas, leves e muito resistentes com um pre\u00e7o relativamente baixo se comparado ao de outros tecidos feitos com fibras naturais como o linho ou a seda.<\/p>\n<p>Para saber mais sobre a\u00a0composi\u00e7\u00e3o do tecido tricoline, saiba que a principal diferen\u00e7a entre o tricoline e o tecido de algod\u00e3o cru \u00e9 que o tricoline \u00e9 feito de forma a ser mais leve e fino. J\u00e1 o algod\u00e3o cru \u00e9 bastante grosso e pesado e n\u00e3o pode ser usado em blusas finas ou vestidos com caimento leve.<\/p>\n<p>Em geral o algod\u00e3o cru \u00e9 mais utilizado para confec\u00e7\u00e3o de pe\u00e7as r\u00fasticas como batas, cal\u00e7as em estilo jogger, bolsas de algod\u00e3o e vestidos em estilo hippie!<\/p>\n<p>J\u00e1 o tricoline pode ser usado para confec\u00e7\u00e3o de camisas, blusas de diversos estilos, saias, vestidos e praticamente todos os tipos de roupas!<\/p>\n<h2>Outras composi\u00e7\u00f5es do tricoline<\/h2>\n<p>Se voc\u00ea j\u00e1 conheceu a\u00a0composi\u00e7\u00e3o do tecido tricoline, sabe que sua fabrica\u00e7\u00e3o original \u00e9 feita em fibra completamente natural, 100% algod\u00e3o! No entanto, j\u00e1 existem no mercado outras composi\u00e7\u00f5es de tecidos mistos.<\/p>\n<p>Isso porque o mercado buscou baratear o pre\u00e7o do tricoline, adicionando \u00e0 sua composi\u00e7\u00e3o original fibras sint\u00e9ticas. Veja as principais diferen\u00e7as entre o tecido puramente natural e o misto:<\/p>\n<h3>O tricoline natural permite a passagem do ar<\/h3>\n<p>Essa \u00e9 uma caracter\u00edstica herdada do algod\u00e3o! Os tecidos puros permitem que o corpo respire e raramente provocam irrita\u00e7\u00e3o ou alergia em quem est\u00e1 usando a roupa!<\/p>\n<p style=\"font-weight: 400\"><u>Composi\u00e7\u00e3o:<\/u>\u00a0100% algod\u00e3o.<\/p>\n<p style=\"font-weight: 400\"><u>Descri\u00e7\u00e3o:<\/u>\u00a0Tecido leve produzido com fio fino e suave de algod\u00e3o.<\/p>\n<p>tabela de medidas :<\/p>\n<p>p36-m38-g40-gg 42-g1 44- g2 46 -g3 48- g4 50-g5-56-g6 58-g7 60-g8 62<\/p>\n<p style=\"font-weight: 400\">\n","protected":false},"excerpt":{"rendered":"<p>Qual a composi\u00e7\u00e3o do tecido tricoline? O tecido tricoline \u00e9 composto em fibras 100% algod\u00e3o! Sua composi\u00e7\u00e3o completamente natural \u00e9 o que garante a maioria de suas caracter\u00edsticas e qualidades, por isso \u00e9 importante conferir na etiqueta se seu tecido possui composi\u00e7\u00e3o em algod\u00e3o ou se existem mesclas na fabrica\u00e7\u00e3o! Outra dica importante para conferir [&hellip;]<\/p>\n","protected":false},"featured_media":563,"comment_status":"open","ping_status":"closed","template":"","meta":{"_acf_changed":false},"product_brand":[],"product_cat":[84,22,87,26],"product_tag":[],"class_list":{"0":"post-546","1":"product","2":"type-product","3":"status-publish","4":"has-post-thumbnail","6":"product_cat-blusa-manga-longa","7":"product_cat-blusas","8":"product_cat-blusas-lisa","9":"product_cat-camisas","11":"first","12":"instock","13":"sale","14":"shipping-taxable","15":"purchasable","16":"product-type-variable"},"acf":[],"yoast_head":"<!-- This site is optimized with the Yoast SEO plugin v27.5 - https:\/\/yoast.com\/product\/yoast-seo-wordpress\/ -->\n<title>Camisa Helena em tricoline - Lysandre Modas<\/title>\n<meta name=\"robots\" content=\"noindex, follow, max-snippet:-1, max-image-preview:large, max-video-preview:-1\" \/>\n<meta property=\"og:locale\" content=\"pt_BR\" \/>\n<meta property=\"og:type\" content=\"article\" \/>\n<meta property=\"og:title\" content=\"Camisa Helena em tricoline - Lysandre Modas\" \/>\n<meta property=\"og:description\" content=\"Qual a composi\u00e7\u00e3o do tecido tricoline? O tecido tricoline \u00e9 composto em fibras 100% algod\u00e3o! Sua composi\u00e7\u00e3o completamente natural \u00e9 o que garante a maioria de suas caracter\u00edsticas e qualidades, por isso \u00e9 importante conferir na etiqueta se seu tecido possui composi\u00e7\u00e3o em algod\u00e3o ou se existem mesclas na fabrica\u00e7\u00e3o! Outra dica importante para conferir [&hellip;]\" \/>\n<meta property=\"og:url\" content=\"https:\/\/anegocios.com.br\/aprovacao\/lysandre\/produto\/camisa-helena-em-tricoline\/\" \/>\n<meta property=\"og:site_name\" content=\"Lysandre Modas\" \/>\n<meta property=\"article:modified_time\" content=\"2025-04-11T14:44:35+00:00\" \/>\n<meta property=\"og:image\" content=\"https:\/\/anegocios.com.br\/aprovacao\/lysandre\/wp-content\/uploads\/2025\/04\/IMG_8262_Facetune_29-07-2021-08-30-47-otimizadas.jpg\" \/>\n\t<meta property=\"og:image:width\" content=\"700\" \/>\n\t<meta property=\"og:image:height\" content=\"993\" \/>\n\t<meta property=\"og:image:type\" content=\"image\/jpeg\" \/>\n<meta name=\"twitter:card\" content=\"summary_large_image\" \/>\n<meta name=\"twitter:label1\" content=\"Est. tempo de leitura\" \/>\n\t<meta name=\"twitter:data1\" content=\"2 minutos\" \/>\n<script type=\"application\/ld+json\" class=\"yoast-schema-graph\">{\"@context\":\"https:\\\/\\\/schema.org\",\"@graph\":[{\"@type\":\"WebPage\",\"@id\":\"https:\\\/\\\/anegocios.com.br\\\/aprovacao\\\/lysandre\\\/produto\\\/camisa-helena-em-tricoline\\\/\",\"url\":\"https:\\\/\\\/anegocios.com.br\\\/aprovacao\\\/lysandre\\\/produto\\\/camisa-helena-em-tricoline\\\/\",\"name\":\"Camisa Helena em tricoline - Lysandre Modas\",\"isPartOf\":{\"@id\":\"https:\\\/\\\/anegocios.com.br\\\/aprovacao\\\/lysandre\\\/#website\"},\"primaryImageOfPage\":{\"@id\":\"https:\\\/\\\/anegocios.com.br\\\/aprovacao\\\/lysandre\\\/produto\\\/camisa-helena-em-tricoline\\\/#primaryimage\"},\"image\":{\"@id\":\"https:\\\/\\\/anegocios.com.br\\\/aprovacao\\\/lysandre\\\/produto\\\/camisa-helena-em-tricoline\\\/#primaryimage\"},\"thumbnailUrl\":\"https:\\\/\\\/anegocios.com.br\\\/aprovacao\\\/lysandre\\\/wp-content\\\/uploads\\\/2025\\\/04\\\/IMG_8262_Facetune_29-07-2021-08-30-47-otimizadas.jpg\",\"datePublished\":\"2025-04-11T14:38:39+00:00\",\"dateModified\":\"2025-04-11T14:44:35+00:00\",\"breadcrumb\":{\"@id\":\"https:\\\/\\\/anegocios.com.br\\\/aprovacao\\\/lysandre\\\/produto\\\/camisa-helena-em-tricoline\\\/#breadcrumb\"},\"inLanguage\":\"pt-BR\",\"potentialAction\":[{\"@type\":\"ReadAction\",\"target\":[\"https:\\\/\\\/anegocios.com.br\\\/aprovacao\\\/lysandre\\\/produto\\\/camisa-helena-em-tricoline\\\/\"]}]},{\"@type\":\"ImageObject\",\"inLanguage\":\"pt-BR\",\"@id\":\"https:\\\/\\\/anegocios.com.br\\\/aprovacao\\\/lysandre\\\/produto\\\/camisa-helena-em-tricoline\\\/#primaryimage\",\"url\":\"https:\\\/\\\/anegocios.com.br\\\/aprovacao\\\/lysandre\\\/wp-content\\\/uploads\\\/2025\\\/04\\\/IMG_8262_Facetune_29-07-2021-08-30-47-otimizadas.jpg\",\"contentUrl\":\"https:\\\/\\\/anegocios.com.br\\\/aprovacao\\\/lysandre\\\/wp-content\\\/uploads\\\/2025\\\/04\\\/IMG_8262_Facetune_29-07-2021-08-30-47-otimizadas.jpg\",\"width\":700,\"height\":993},{\"@type\":\"BreadcrumbList\",\"@id\":\"https:\\\/\\\/anegocios.com.br\\\/aprovacao\\\/lysandre\\\/produto\\\/camisa-helena-em-tricoline\\\/#breadcrumb\",\"itemListElement\":[{\"@type\":\"ListItem\",\"position\":1,\"name\":\"In\u00edcio\",\"item\":\"https:\\\/\\\/anegocios.com.br\\\/aprovacao\\\/lysandre\\\/\"},{\"@type\":\"ListItem\",\"position\":2,\"name\":\"Todos os produtos\",\"item\":\"https:\\\/\\\/anegocios.com.br\\\/aprovacao\\\/lysandre\\\/todos-os-produtos\\\/\"},{\"@type\":\"ListItem\",\"position\":3,\"name\":\"Camisa Helena em tricoline\"}]},{\"@type\":\"WebSite\",\"@id\":\"https:\\\/\\\/anegocios.com.br\\\/aprovacao\\\/lysandre\\\/#website\",\"url\":\"https:\\\/\\\/anegocios.com.br\\\/aprovacao\\\/lysandre\\\/\",\"name\":\"Lysandre Modas\",\"description\":\"\",\"potentialAction\":[{\"@type\":\"SearchAction\",\"target\":{\"@type\":\"EntryPoint\",\"urlTemplate\":\"https:\\\/\\\/anegocios.com.br\\\/aprovacao\\\/lysandre\\\/?s={search_term_string}\"},\"query-input\":{\"@type\":\"PropertyValueSpecification\",\"valueRequired\":true,\"valueName\":\"search_term_string\"}}],\"inLanguage\":\"pt-BR\"}]}<\/script>\n<!-- \/ Yoast SEO plugin. -->","yoast_head_json":{"title":"Camisa Helena em tricoline - Lysandre Modas","robots":{"index":"noindex","follow":"follow","max-snippet":"max-snippet:-1","max-image-preview":"max-image-preview:large","max-video-preview":"max-video-preview:-1"},"og_locale":"pt_BR","og_type":"article","og_title":"Camisa Helena em tricoline - Lysandre Modas","og_description":"Qual a composi\u00e7\u00e3o do tecido tricoline? O tecido tricoline \u00e9 composto em fibras 100% algod\u00e3o! Sua composi\u00e7\u00e3o completamente natural \u00e9 o que garante a maioria de suas caracter\u00edsticas e qualidades, por isso \u00e9 importante conferir na etiqueta se seu tecido possui composi\u00e7\u00e3o em algod\u00e3o ou se existem mesclas na fabrica\u00e7\u00e3o! Outra dica importante para conferir [&hellip;]","og_url":"https:\/\/anegocios.com.br\/aprovacao\/lysandre\/produto\/camisa-helena-em-tricoline\/","og_site_name":"Lysandre Modas","article_modified_time":"2025-04-11T14:44:35+00:00","og_image":[{"width":700,"height":993,"url":"https:\/\/anegocios.com.br\/aprovacao\/lysandre\/wp-content\/uploads\/2025\/04\/IMG_8262_Facetune_29-07-2021-08-30-47-otimizadas.jpg","type":"image\/jpeg"}],"twitter_card":"summary_large_image","twitter_misc":{"Est. tempo de leitura":"2 minutos"},"schema":{"@context":"https:\/\/schema.org","@graph":[{"@type":"WebPage","@id":"https:\/\/anegocios.com.br\/aprovacao\/lysandre\/produto\/camisa-helena-em-tricoline\/","url":"https:\/\/anegocios.com.br\/aprovacao\/lysandre\/produto\/camisa-helena-em-tricoline\/","name":"Camisa Helena em tricoline - Lysandre Modas","isPartOf":{"@id":"https:\/\/anegocios.com.br\/aprovacao\/lysandre\/#website"},"primaryImageOfPage":{"@id":"https:\/\/anegocios.com.br\/aprovacao\/lysandre\/produto\/camisa-helena-em-tricoline\/#primaryimage"},"image":{"@id":"https:\/\/anegocios.com.br\/aprovacao\/lysandre\/produto\/camisa-helena-em-tricoline\/#primaryimage"},"thumbnailUrl":"https:\/\/anegocios.com.br\/aprovacao\/lysandre\/wp-content\/uploads\/2025\/04\/IMG_8262_Facetune_29-07-2021-08-30-47-otimizadas.jpg","datePublished":"2025-04-11T14:38:39+00:00","dateModified":"2025-04-11T14:44:35+00:00","breadcrumb":{"@id":"https:\/\/anegocios.com.br\/aprovacao\/lysandre\/produto\/camisa-helena-em-tricoline\/#breadcrumb"},"inLanguage":"pt-BR","potentialAction":[{"@type":"ReadAction","target":["https:\/\/anegocios.com.br\/aprovacao\/lysandre\/produto\/camisa-helena-em-tricoline\/"]}]},{"@type":"ImageObject","inLanguage":"pt-BR","@id":"https:\/\/anegocios.com.br\/aprovacao\/lysandre\/produto\/camisa-helena-em-tricoline\/#primaryimage","url":"https:\/\/anegocios.com.br\/aprovacao\/lysandre\/wp-content\/uploads\/2025\/04\/IMG_8262_Facetune_29-07-2021-08-30-47-otimizadas.jpg","contentUrl":"https:\/\/anegocios.com.br\/aprovacao\/lysandre\/wp-content\/uploads\/2025\/04\/IMG_8262_Facetune_29-07-2021-08-30-47-otimizadas.jpg","width":700,"height":993},{"@type":"BreadcrumbList","@id":"https:\/\/anegocios.com.br\/aprovacao\/lysandre\/produto\/camisa-helena-em-tricoline\/#breadcrumb","itemListElement":[{"@type":"ListItem","position":1,"name":"In\u00edcio","item":"https:\/\/anegocios.com.br\/aprovacao\/lysandre\/"},{"@type":"ListItem","position":2,"name":"Todos os produtos","item":"https:\/\/anegocios.com.br\/aprovacao\/lysandre\/todos-os-produtos\/"},{"@type":"ListItem","position":3,"name":"Camisa Helena em tricoline"}]},{"@type":"WebSite","@id":"https:\/\/anegocios.com.br\/aprovacao\/lysandre\/#website","url":"https:\/\/anegocios.com.br\/aprovacao\/lysandre\/","name":"Lysandre Modas","description":"","potentialAction":[{"@type":"SearchAction","target":{"@type":"EntryPoint","urlTemplate":"https:\/\/anegocios.com.br\/aprovacao\/lysandre\/?s={search_term_string}"},"query-input":{"@type":"PropertyValueSpecification","valueRequired":true,"valueName":"search_term_string"}}],"inLanguage":"pt-BR"}]}},"_links":{"self":[{"href":"https:\/\/anegocios.com.br\/aprovacao\/lysandre\/wp-json\/wp\/v2\/product\/546","targetHints":{"allow":["GET"]}}],"collection":[{"href":"https:\/\/anegocios.com.br\/aprovacao\/lysandre\/wp-json\/wp\/v2\/product"}],"about":[{"href":"https:\/\/anegocios.com.br\/aprovacao\/lysandre\/wp-json\/wp\/v2\/types\/product"}],"replies":[{"embeddable":true,"href":"https:\/\/anegocios.com.br\/aprovacao\/lysandre\/wp-json\/wp\/v2\/comments?post=546"}],"wp:featuredmedia":[{"embeddable":true,"href":"https:\/\/anegocios.com.br\/aprovacao\/lysandre\/wp-json\/wp\/v2\/media\/563"}],"wp:attachment":[{"href":"https:\/\/anegocios.com.br\/aprovacao\/lysandre\/wp-json\/wp\/v2\/media?parent=546"}],"wp:term":[{"taxonomy":"product_brand","embeddable":true,"href":"https:\/\/anegocios.com.br\/aprovacao\/lysandre\/wp-json\/wp\/v2\/product_brand?post=546"},{"taxonomy":"product_cat","embeddable":true,"href":"https:\/\/anegocios.com.br\/aprovacao\/lysandre\/wp-json\/wp\/v2\/product_cat?post=546"},{"taxonomy":"product_tag","embeddable":true,"href":"https:\/\/anegocios.com.br\/aprovacao\/lysandre\/wp-json\/wp\/v2\/product_tag?post=546"}],"curies":[{"name":"wp","href":"https:\/\/api.w.org\/{rel}","templated":true}]}}