{"id":560,"date":"2025-04-11T11:38:40","date_gmt":"2025-04-11T14:38:40","guid":{"rendered":"https:\/\/anegocios.com.br\/aprovacao\/lysandre\/?post_type=product&#038;p=560"},"modified":"2025-04-11T11:44:35","modified_gmt":"2025-04-11T14:44:35","slug":"camisa-helena-em-viscolinho-preta","status":"publish","type":"product","link":"https:\/\/anegocios.com.br\/aprovacao\/lysandre\/produto\/camisa-helena-em-viscolinho-preta\/","title":{"rendered":"Camisa Helena em Viscolinho Preta"},"content":{"rendered":"<p>O viscolinho \u00e9 um tecido que mistura\u00a0linho misto com algod\u00e3o ou viscose. N\u00e3o amassa tanto como o linho puro, mas mant\u00e9m o aspecto r\u00fastico. Com ele \u00e9 poss\u00edvel criar um visual arrumadinho e ao mesmo tempo despojado. O linho \u00e9 caracterizado como um tecido que simboliza conforto e eleg\u00e2ncia.<\/p>\n<p>Composi\u00e7\u00e3o:<\/p>\n<div class=\"info-description\">48% POLI\u00c9STER, 27% ALGOD\u00c3O, 14% VISCOSE e 11% LINHO<\/div>\n","protected":false},"excerpt":{"rendered":"<p>O viscolinho \u00e9 um tecido que mistura\u00a0linho misto com algod\u00e3o ou viscose. N\u00e3o amassa tanto como o linho puro, mas mant\u00e9m o aspecto r\u00fastico. Com ele \u00e9 poss\u00edvel criar um visual arrumadinho e ao mesmo tempo despojado. O linho \u00e9 caracterizado como um tecido que simboliza conforto e eleg\u00e2ncia. Composi\u00e7\u00e3o: 48% POLI\u00c9STER, 27% ALGOD\u00c3O, 14% [&hellip;]<\/p>\n","protected":false},"featured_media":572,"comment_status":"open","ping_status":"closed","template":"","meta":{"_acf_changed":false},"product_brand":[],"product_cat":[84,22,87,26],"product_tag":[],"class_list":{"0":"post-560","1":"product","2":"type-product","3":"status-publish","4":"has-post-thumbnail","6":"product_cat-blusa-manga-longa","7":"product_cat-blusas","8":"product_cat-blusas-lisa","9":"product_cat-camisas","11":"first","12":"instock","13":"sale","14":"shipping-taxable","15":"purchasable","16":"product-type-variable"},"acf":[],"yoast_head":"<!-- This site is optimized with the Yoast SEO plugin v27.5 - https:\/\/yoast.com\/product\/yoast-seo-wordpress\/ -->\n<title>Camisa Helena em Viscolinho Preta - Lysandre Modas<\/title>\n<meta name=\"robots\" content=\"noindex, follow, max-snippet:-1, max-image-preview:large, max-video-preview:-1\" \/>\n<meta property=\"og:locale\" content=\"pt_BR\" \/>\n<meta property=\"og:type\" content=\"article\" \/>\n<meta property=\"og:title\" content=\"Camisa Helena em Viscolinho Preta - Lysandre Modas\" \/>\n<meta property=\"og:description\" content=\"O viscolinho \u00e9 um tecido que mistura\u00a0linho misto com algod\u00e3o ou viscose. N\u00e3o amassa tanto como o linho puro, mas mant\u00e9m o aspecto r\u00fastico. Com ele \u00e9 poss\u00edvel criar um visual arrumadinho e ao mesmo tempo despojado. O linho \u00e9 caracterizado como um tecido que simboliza conforto e eleg\u00e2ncia. Composi\u00e7\u00e3o: 48% POLI\u00c9STER, 27% ALGOD\u00c3O, 14% [&hellip;]\" \/>\n<meta property=\"og:url\" content=\"https:\/\/anegocios.com.br\/aprovacao\/lysandre\/produto\/camisa-helena-em-viscolinho-preta\/\" \/>\n<meta property=\"og:site_name\" content=\"Lysandre Modas\" \/>\n<meta property=\"article:modified_time\" content=\"2025-04-11T14:44:35+00:00\" \/>\n<meta property=\"og:image\" content=\"https:\/\/anegocios.com.br\/aprovacao\/lysandre\/wp-content\/uploads\/2025\/04\/IMG_8253_Facetune_29-07-2021-08-28-18-otimizadas.jpg\" \/>\n\t<meta property=\"og:image:width\" content=\"700\" \/>\n\t<meta property=\"og:image:height\" content=\"993\" \/>\n\t<meta property=\"og:image:type\" content=\"image\/jpeg\" \/>\n<meta name=\"twitter:card\" content=\"summary_large_image\" \/>\n<script type=\"application\/ld+json\" class=\"yoast-schema-graph\">{\"@context\":\"https:\\\/\\\/schema.org\",\"@graph\":[{\"@type\":\"WebPage\",\"@id\":\"https:\\\/\\\/anegocios.com.br\\\/aprovacao\\\/lysandre\\\/produto\\\/camisa-helena-em-viscolinho-preta\\\/\",\"url\":\"https:\\\/\\\/anegocios.com.br\\\/aprovacao\\\/lysandre\\\/produto\\\/camisa-helena-em-viscolinho-preta\\\/\",\"name\":\"Camisa Helena em Viscolinho Preta - Lysandre Modas\",\"isPartOf\":{\"@id\":\"https:\\\/\\\/anegocios.com.br\\\/aprovacao\\\/lysandre\\\/#website\"},\"primaryImageOfPage\":{\"@id\":\"https:\\\/\\\/anegocios.com.br\\\/aprovacao\\\/lysandre\\\/produto\\\/camisa-helena-em-viscolinho-preta\\\/#primaryimage\"},\"image\":{\"@id\":\"https:\\\/\\\/anegocios.com.br\\\/aprovacao\\\/lysandre\\\/produto\\\/camisa-helena-em-viscolinho-preta\\\/#primaryimage\"},\"thumbnailUrl\":\"https:\\\/\\\/anegocios.com.br\\\/aprovacao\\\/lysandre\\\/wp-content\\\/uploads\\\/2025\\\/04\\\/IMG_8253_Facetune_29-07-2021-08-28-18-otimizadas.jpg\",\"datePublished\":\"2025-04-11T14:38:40+00:00\",\"dateModified\":\"2025-04-11T14:44:35+00:00\",\"breadcrumb\":{\"@id\":\"https:\\\/\\\/anegocios.com.br\\\/aprovacao\\\/lysandre\\\/produto\\\/camisa-helena-em-viscolinho-preta\\\/#breadcrumb\"},\"inLanguage\":\"pt-BR\",\"potentialAction\":[{\"@type\":\"ReadAction\",\"target\":[\"https:\\\/\\\/anegocios.com.br\\\/aprovacao\\\/lysandre\\\/produto\\\/camisa-helena-em-viscolinho-preta\\\/\"]}]},{\"@type\":\"ImageObject\",\"inLanguage\":\"pt-BR\",\"@id\":\"https:\\\/\\\/anegocios.com.br\\\/aprovacao\\\/lysandre\\\/produto\\\/camisa-helena-em-viscolinho-preta\\\/#primaryimage\",\"url\":\"https:\\\/\\\/anegocios.com.br\\\/aprovacao\\\/lysandre\\\/wp-content\\\/uploads\\\/2025\\\/04\\\/IMG_8253_Facetune_29-07-2021-08-28-18-otimizadas.jpg\",\"contentUrl\":\"https:\\\/\\\/anegocios.com.br\\\/aprovacao\\\/lysandre\\\/wp-content\\\/uploads\\\/2025\\\/04\\\/IMG_8253_Facetune_29-07-2021-08-28-18-otimizadas.jpg\",\"width\":700,\"height\":993},{\"@type\":\"BreadcrumbList\",\"@id\":\"https:\\\/\\\/anegocios.com.br\\\/aprovacao\\\/lysandre\\\/produto\\\/camisa-helena-em-viscolinho-preta\\\/#breadcrumb\",\"itemListElement\":[{\"@type\":\"ListItem\",\"position\":1,\"name\":\"In\u00edcio\",\"item\":\"https:\\\/\\\/anegocios.com.br\\\/aprovacao\\\/lysandre\\\/\"},{\"@type\":\"ListItem\",\"position\":2,\"name\":\"Todos os produtos\",\"item\":\"https:\\\/\\\/anegocios.com.br\\\/aprovacao\\\/lysandre\\\/todos-os-produtos\\\/\"},{\"@type\":\"ListItem\",\"position\":3,\"name\":\"Camisa Helena em Viscolinho Preta\"}]},{\"@type\":\"WebSite\",\"@id\":\"https:\\\/\\\/anegocios.com.br\\\/aprovacao\\\/lysandre\\\/#website\",\"url\":\"https:\\\/\\\/anegocios.com.br\\\/aprovacao\\\/lysandre\\\/\",\"name\":\"Lysandre Modas\",\"description\":\"\",\"potentialAction\":[{\"@type\":\"SearchAction\",\"target\":{\"@type\":\"EntryPoint\",\"urlTemplate\":\"https:\\\/\\\/anegocios.com.br\\\/aprovacao\\\/lysandre\\\/?s={search_term_string}\"},\"query-input\":{\"@type\":\"PropertyValueSpecification\",\"valueRequired\":true,\"valueName\":\"search_term_string\"}}],\"inLanguage\":\"pt-BR\"}]}<\/script>\n<!-- \/ Yoast SEO plugin. -->","yoast_head_json":{"title":"Camisa Helena em Viscolinho Preta - Lysandre Modas","robots":{"index":"noindex","follow":"follow","max-snippet":"max-snippet:-1","max-image-preview":"max-image-preview:large","max-video-preview":"max-video-preview:-1"},"og_locale":"pt_BR","og_type":"article","og_title":"Camisa Helena em Viscolinho Preta - Lysandre Modas","og_description":"O viscolinho \u00e9 um tecido que mistura\u00a0linho misto com algod\u00e3o ou viscose. N\u00e3o amassa tanto como o linho puro, mas mant\u00e9m o aspecto r\u00fastico. Com ele \u00e9 poss\u00edvel criar um visual arrumadinho e ao mesmo tempo despojado. O linho \u00e9 caracterizado como um tecido que simboliza conforto e eleg\u00e2ncia. Composi\u00e7\u00e3o: 48% POLI\u00c9STER, 27% ALGOD\u00c3O, 14% [&hellip;]","og_url":"https:\/\/anegocios.com.br\/aprovacao\/lysandre\/produto\/camisa-helena-em-viscolinho-preta\/","og_site_name":"Lysandre Modas","article_modified_time":"2025-04-11T14:44:35+00:00","og_image":[{"width":700,"height":993,"url":"https:\/\/anegocios.com.br\/aprovacao\/lysandre\/wp-content\/uploads\/2025\/04\/IMG_8253_Facetune_29-07-2021-08-28-18-otimizadas.jpg","type":"image\/jpeg"}],"twitter_card":"summary_large_image","schema":{"@context":"https:\/\/schema.org","@graph":[{"@type":"WebPage","@id":"https:\/\/anegocios.com.br\/aprovacao\/lysandre\/produto\/camisa-helena-em-viscolinho-preta\/","url":"https:\/\/anegocios.com.br\/aprovacao\/lysandre\/produto\/camisa-helena-em-viscolinho-preta\/","name":"Camisa Helena em Viscolinho Preta - Lysandre Modas","isPartOf":{"@id":"https:\/\/anegocios.com.br\/aprovacao\/lysandre\/#website"},"primaryImageOfPage":{"@id":"https:\/\/anegocios.com.br\/aprovacao\/lysandre\/produto\/camisa-helena-em-viscolinho-preta\/#primaryimage"},"image":{"@id":"https:\/\/anegocios.com.br\/aprovacao\/lysandre\/produto\/camisa-helena-em-viscolinho-preta\/#primaryimage"},"thumbnailUrl":"https:\/\/anegocios.com.br\/aprovacao\/lysandre\/wp-content\/uploads\/2025\/04\/IMG_8253_Facetune_29-07-2021-08-28-18-otimizadas.jpg","datePublished":"2025-04-11T14:38:40+00:00","dateModified":"2025-04-11T14:44:35+00:00","breadcrumb":{"@id":"https:\/\/anegocios.com.br\/aprovacao\/lysandre\/produto\/camisa-helena-em-viscolinho-preta\/#breadcrumb"},"inLanguage":"pt-BR","potentialAction":[{"@type":"ReadAction","target":["https:\/\/anegocios.com.br\/aprovacao\/lysandre\/produto\/camisa-helena-em-viscolinho-preta\/"]}]},{"@type":"ImageObject","inLanguage":"pt-BR","@id":"https:\/\/anegocios.com.br\/aprovacao\/lysandre\/produto\/camisa-helena-em-viscolinho-preta\/#primaryimage","url":"https:\/\/anegocios.com.br\/aprovacao\/lysandre\/wp-content\/uploads\/2025\/04\/IMG_8253_Facetune_29-07-2021-08-28-18-otimizadas.jpg","contentUrl":"https:\/\/anegocios.com.br\/aprovacao\/lysandre\/wp-content\/uploads\/2025\/04\/IMG_8253_Facetune_29-07-2021-08-28-18-otimizadas.jpg","width":700,"height":993},{"@type":"BreadcrumbList","@id":"https:\/\/anegocios.com.br\/aprovacao\/lysandre\/produto\/camisa-helena-em-viscolinho-preta\/#breadcrumb","itemListElement":[{"@type":"ListItem","position":1,"name":"In\u00edcio","item":"https:\/\/anegocios.com.br\/aprovacao\/lysandre\/"},{"@type":"ListItem","position":2,"name":"Todos os produtos","item":"https:\/\/anegocios.com.br\/aprovacao\/lysandre\/todos-os-produtos\/"},{"@type":"ListItem","position":3,"name":"Camisa Helena em Viscolinho Preta"}]},{"@type":"WebSite","@id":"https:\/\/anegocios.com.br\/aprovacao\/lysandre\/#website","url":"https:\/\/anegocios.com.br\/aprovacao\/lysandre\/","name":"Lysandre Modas","description":"","potentialAction":[{"@type":"SearchAction","target":{"@type":"EntryPoint","urlTemplate":"https:\/\/anegocios.com.br\/aprovacao\/lysandre\/?s={search_term_string}"},"query-input":{"@type":"PropertyValueSpecification","valueRequired":true,"valueName":"search_term_string"}}],"inLanguage":"pt-BR"}]}},"_links":{"self":[{"href":"https:\/\/anegocios.com.br\/aprovacao\/lysandre\/wp-json\/wp\/v2\/product\/560","targetHints":{"allow":["GET"]}}],"collection":[{"href":"https:\/\/anegocios.com.br\/aprovacao\/lysandre\/wp-json\/wp\/v2\/product"}],"about":[{"href":"https:\/\/anegocios.com.br\/aprovacao\/lysandre\/wp-json\/wp\/v2\/types\/product"}],"replies":[{"embeddable":true,"href":"https:\/\/anegocios.com.br\/aprovacao\/lysandre\/wp-json\/wp\/v2\/comments?post=560"}],"wp:featuredmedia":[{"embeddable":true,"href":"https:\/\/anegocios.com.br\/aprovacao\/lysandre\/wp-json\/wp\/v2\/media\/572"}],"wp:attachment":[{"href":"https:\/\/anegocios.com.br\/aprovacao\/lysandre\/wp-json\/wp\/v2\/media?parent=560"}],"wp:term":[{"taxonomy":"product_brand","embeddable":true,"href":"https:\/\/anegocios.com.br\/aprovacao\/lysandre\/wp-json\/wp\/v2\/product_brand?post=560"},{"taxonomy":"product_cat","embeddable":true,"href":"https:\/\/anegocios.com.br\/aprovacao\/lysandre\/wp-json\/wp\/v2\/product_cat?post=560"},{"taxonomy":"product_tag","embeddable":true,"href":"https:\/\/anegocios.com.br\/aprovacao\/lysandre\/wp-json\/wp\/v2\/product_tag?post=560"}],"curies":[{"name":"wp","href":"https:\/\/api.w.org\/{rel}","templated":true}]}}