{"id":4896,"date":"2023-03-07T15:50:26","date_gmt":"2023-03-07T18:50:26","guid":{"rendered":"https:\/\/k1digital.com.br\/aprovacao\/anegocios\/?page_id=4896"},"modified":"2024-07-30T11:18:16","modified_gmt":"2024-07-30T14:18:16","slug":"contato","status":"publish","type":"page","link":"https:\/\/anegocios.com.br\/en\/contato\/","title":{"rendered":"Contato"},"content":{"rendered":"\t\t<div data-elementor-type=\"wp-page\" data-elementor-id=\"4896\" class=\"elementor elementor-4896\" data-elementor-post-type=\"page\">\n\t\t\t\t\t\t<section class=\"elementor-section elementor-top-section elementor-element elementor-element-9238fe8 elementor-section-height-min-height elementor-section-boxed elementor-section-height-default elementor-section-items-middle\" data-id=\"9238fe8\" data-element_type=\"section\" data-e-type=\"section\" data-settings=\"{&quot;background_background&quot;:&quot;gradient&quot;}\">\n\t\t\t\t\t\t<div class=\"elementor-container elementor-column-gap-default\">\n\t\t\t\t\t<div class=\"elementor-column elementor-col-100 elementor-top-column elementor-element elementor-element-f951ed1\" data-id=\"f951ed1\" data-element_type=\"column\" data-e-type=\"column\">\n\t\t\t<div class=\"elementor-widget-wrap elementor-element-populated\">\n\t\t\t\t\t\t\t<\/div>\n\t\t<\/div>\n\t\t\t\t\t<\/div>\n\t\t<\/section>\n\t\t\t\t<section class=\"elementor-section elementor-top-section elementor-element elementor-element-1abcf15 elementor-section-boxed elementor-section-height-default elementor-section-height-default\" data-id=\"1abcf15\" data-element_type=\"section\" data-e-type=\"section\">\n\t\t\t\t\t\t<div class=\"elementor-container elementor-column-gap-default\">\n\t\t\t\t\t<div class=\"elementor-column elementor-col-100 elementor-top-column elementor-element elementor-element-3b2d1fc\" data-id=\"3b2d1fc\" data-element_type=\"column\" data-e-type=\"column\">\n\t\t\t<div class=\"elementor-widget-wrap elementor-element-populated\">\n\t\t\t\t\t\t<div class=\"elementor-element elementor-element-99787bd elementor-widget elementor-widget-heading\" data-id=\"99787bd\" data-element_type=\"widget\" data-e-type=\"widget\" data-widget_type=\"heading.default\">\n\t\t\t\t<div class=\"elementor-widget-container\">\n\t\t\t\t\t<h2 class=\"elementor-heading-title elementor-size-default\">Transforme seu projeto em uma<br>\n<label class=\"fundo\">hist\u00f3ria de sucesso<\/label> com a <b>A Neg\u00f3cios<\/b>.<\/h2>\t\t\t\t<\/div>\n\t\t\t\t<\/div>\n\t\t\t\t<div class=\"elementor-element elementor-element-1f4f391 elementor-widget elementor-widget-text-editor\" data-id=\"1f4f391\" data-element_type=\"widget\" data-e-type=\"widget\" data-widget_type=\"text-editor.default\">\n\t\t\t\t<div class=\"elementor-widget-container\">\n\t\t\t\t\t\t\t\t\t<p>Nossos\u00a0<strong>especialistas<\/strong>\u00a0est\u00e3o prontos para receber sua solicita\u00e7\u00e3o de contato, conhecer seu neg\u00f3cio, entender suas necessidades, apresentar nossas\u00a0<span class=\"bg-primary font-weight-900 line-height-menor text-uppercase px-1\">SOLU\u00c7\u00d5ES<\/span>, estudar possibilidades e, com base em um planejamento s\u00f3lido, desenvolver estrat\u00e9gias que promovam\u00a0<strong>resultados reais.<\/strong><\/p>\t\t\t\t\t\t\t\t<\/div>\n\t\t\t\t<\/div>\n\t\t\t\t<div class=\"elementor-element elementor-element-c1a9641 elementor-button-align-center elementor-widget elementor-widget-form\" data-id=\"c1a9641\" data-element_type=\"widget\" data-e-type=\"widget\" data-settings=\"{&quot;step_next_label&quot;:&quot;Next&quot;,&quot;step_previous_label&quot;:&quot;Previous&quot;,&quot;button_width&quot;:&quot;100&quot;,&quot;step_type&quot;:&quot;number_text&quot;,&quot;step_icon_shape&quot;:&quot;circle&quot;}\" data-widget_type=\"form.default\">\n\t\t\t\t<div class=\"elementor-widget-container\">\n\t\t\t\t\t\t\t<form class=\"elementor-form\" method=\"post\" name=\"Contato\" aria-label=\"Contato\">\n\t\t\t<input type=\"hidden\" name=\"post_id\" value=\"4896\"\/>\n\t\t\t<input type=\"hidden\" name=\"form_id\" value=\"c1a9641\"\/>\n\t\t\t<input type=\"hidden\" name=\"referer_title\" value=\"Contato - @Neg\u00f3cios\" \/>\n\n\t\t\t\t\t\t\t<input type=\"hidden\" name=\"queried_id\" value=\"4896\"\/>\n\t\t\t\n\t\t\t<div class=\"elementor-form-fields-wrapper elementor-labels-\">\n\t\t\t\t\t\t\t\t<div class=\"elementor-field-type-text elementor-field-group elementor-column elementor-field-group-nome_contato elementor-col-100\">\n\t\t\t\t\t\t\t\t\t\t\t\t<label for=\"form-field-nome_contato\" class=\"elementor-field-label elementor-screen-only\">\n\t\t\t\t\t\t\t\tNome\t\t\t\t\t\t\t<\/label>\n\t\t\t\t\t\t\t\t\t\t\t\t\t\t<input size=\"1\" type=\"text\" name=\"form_fields[nome_contato]\" id=\"form-field-nome_contato\" class=\"elementor-field elementor-size-md  elementor-field-textual\" placeholder=\"Nome\">\n\t\t\t\t\t\t\t\t\t\t\t<\/div>\n\t\t\t\t\t\t\t\t<div class=\"elementor-field-type-email elementor-field-group elementor-column elementor-field-group-email_contato elementor-col-100 elementor-field-required\">\n\t\t\t\t\t\t\t\t\t\t\t\t<label for=\"form-field-email_contato\" class=\"elementor-field-label elementor-screen-only\">\n\t\t\t\t\t\t\t\tEmail\t\t\t\t\t\t\t<\/label>\n\t\t\t\t\t\t\t\t\t\t\t\t\t\t<input size=\"1\" type=\"email\" name=\"form_fields[email_contato]\" id=\"form-field-email_contato\" class=\"elementor-field elementor-size-md  elementor-field-textual\" placeholder=\"E-mail\" required=\"required\">\n\t\t\t\t\t\t\t\t\t\t\t<\/div>\n\t\t\t\t\t\t\t\t<div class=\"elementor-field-type-text elementor-field-group elementor-column elementor-field-group-telefone_contato elementor-col-100\">\n\t\t\t\t\t\t\t\t\t\t\t\t<label for=\"form-field-telefone_contato\" class=\"elementor-field-label elementor-screen-only\">\n\t\t\t\t\t\t\t\tTelefone\t\t\t\t\t\t\t<\/label>\n\t\t\t\t\t\t\t\t\t\t\t\t\t\t<input size=\"1\" type=\"text\" name=\"form_fields[telefone_contato]\" id=\"form-field-telefone_contato\" class=\"elementor-field elementor-size-md  elementor-field-textual\" placeholder=\"Telefone\">\n\t\t\t\t\t\t\t\t\t\t\t<\/div>\n\t\t\t\t\t\t\t\t<div class=\"elementor-field-type-text elementor-field-group elementor-column elementor-field-group-empresa_contato elementor-col-100\">\n\t\t\t\t\t\t\t\t\t\t\t\t<label for=\"form-field-empresa_contato\" class=\"elementor-field-label elementor-screen-only\">\n\t\t\t\t\t\t\t\tEmpresa\t\t\t\t\t\t\t<\/label>\n\t\t\t\t\t\t\t\t\t\t\t\t\t\t<input size=\"1\" type=\"text\" name=\"form_fields[empresa_contato]\" id=\"form-field-empresa_contato\" class=\"elementor-field elementor-size-md  elementor-field-textual\" placeholder=\"Empresa\">\n\t\t\t\t\t\t\t\t\t\t\t<\/div>\n\t\t\t\t\t\t\t\t<div class=\"elementor-field-type-textarea elementor-field-group elementor-column elementor-field-group-mensagem_contato elementor-col-100\">\n\t\t\t\t\t\t\t\t\t\t\t\t<label for=\"form-field-mensagem_contato\" class=\"elementor-field-label elementor-screen-only\">\n\t\t\t\t\t\t\t\tMensagem\t\t\t\t\t\t\t<\/label>\n\t\t\t\t\t\t<textarea class=\"elementor-field-textual elementor-field  elementor-size-md\" name=\"form_fields[mensagem_contato]\" id=\"form-field-mensagem_contato\" rows=\"4\" placeholder=\"Mensagem\"><\/textarea>\t\t\t\t<\/div>\n\t\t\t\t\t\t\t\t<div class=\"elementor-field-type-hcaptcha elementor-field-group elementor-column elementor-field-group-captcha_contato elementor-col-100\">\n\t\t\t\t\t\t\t\t\t<\/div>\n\t\t\t\t\t\t\t\t<div class=\"elementor-field-group elementor-column elementor-field-type-submit elementor-col-100 e-form__buttons\">\n\t\t\t\t\t<button class=\"elementor-button elementor-size-md\" type=\"submit\">\n\t\t\t\t\t\t<span class=\"elementor-button-content-wrapper\">\n\t\t\t\t\t\t\t\t\t\t\t\t\t\t\t\t\t\t\t\t\t\t<span class=\"elementor-button-text\">Enviar mensagem<\/span>\n\t\t\t\t\t\t\t\t\t\t\t\t\t<\/span>\n\t\t\t\t\t<\/button>\n\t\t\t\t<\/div>\n\t\t\t<\/div>\n\t\t<\/form>\n\t\t\t\t\t\t<\/div>\n\t\t\t\t<\/div>\n\t\t\t\t\t<\/div>\n\t\t<\/div>\n\t\t\t\t\t<\/div>\n\t\t<\/section>\n\t\t\t\t<section class=\"elementor-section elementor-top-section elementor-element elementor-element-5402d29 elementor-section-boxed elementor-section-height-default elementor-section-height-default\" data-id=\"5402d29\" data-element_type=\"section\" data-e-type=\"section\" data-settings=\"{&quot;background_background&quot;:&quot;classic&quot;}\">\n\t\t\t\t\t\t<div class=\"elementor-container elementor-column-gap-default\">\n\t\t\t\t\t<div class=\"elementor-column elementor-col-100 elementor-top-column elementor-element elementor-element-f3d382e\" data-id=\"f3d382e\" data-element_type=\"column\" data-e-type=\"column\">\n\t\t\t<div class=\"elementor-widget-wrap elementor-element-populated\">\n\t\t\t\t\t\t<div class=\"elementor-element elementor-element-be1c998 elementor-widget elementor-widget-heading\" data-id=\"be1c998\" data-element_type=\"widget\" data-e-type=\"widget\" data-widget_type=\"heading.default\">\n\t\t\t\t<div class=\"elementor-widget-container\">\n\t\t\t\t\t<h2 class=\"elementor-heading-title elementor-size-default\">Temos <label class=\"fundo\">autoridade comprovada<\/label>, <br>conhe\u00e7a nossa case<\/h2>\t\t\t\t<\/div>\n\t\t\t\t<\/div>\n\t\t\t\t<div class=\"elementor-element elementor-element-06b6921 elementor-align-center elementor-widget elementor-widget-button\" data-id=\"06b6921\" data-element_type=\"widget\" data-e-type=\"widget\" data-widget_type=\"button.default\">\n\t\t\t\t<div class=\"elementor-widget-container\">\n\t\t\t\t\t\t\t\t\t<div class=\"elementor-button-wrapper\">\n\t\t\t\t\t<a class=\"elementor-button elementor-button-link elementor-size-sm elementor-animation-grow\" href=\"https:\/\/anegocios.com.br\/projetos\/\">\n\t\t\t\t\t\t<span class=\"elementor-button-content-wrapper\">\n\t\t\t\t\t\t\t\t\t<span class=\"elementor-button-text\">Ver case completa<\/span>\n\t\t\t\t\t<\/span>\n\t\t\t\t\t<\/a>\n\t\t\t\t<\/div>\n\t\t\t\t\t\t\t\t<\/div>\n\t\t\t\t<\/div>\n\t\t\t\t\t<\/div>\n\t\t<\/div>\n\t\t\t\t\t<\/div>\n\t\t<\/section>\n\t\t\t\t<\/div>\n\t\t","protected":false},"excerpt":{"rendered":"<p>Transforme seu projeto em uma hist\u00f3ria de sucesso com a A Neg\u00f3cios. Nossos\u00a0especialistas\u00a0est\u00e3o prontos para receber sua solicita\u00e7\u00e3o de contato, conhecer seu neg\u00f3cio, entender suas necessidades, apresentar nossas\u00a0SOLU\u00c7\u00d5ES, estudar possibilidades e, com base em um planejamento s\u00f3lido, desenvolver estrat\u00e9gias que promovam\u00a0resultados reais. Temos autoridade comprovada, conhe\u00e7a nossa case Ver case completa<\/p>","protected":false},"author":1,"featured_media":0,"parent":0,"menu_order":0,"comment_status":"closed","ping_status":"closed","template":"","meta":{"_acf_changed":false,"_monsterinsights_skip_tracking":false,"_monsterinsights_sitenote_active":false,"_monsterinsights_sitenote_note":"","_monsterinsights_sitenote_category":0,"_mbp_gutenberg_autopost":false,"footnotes":""},"class_list":["post-4896","page","type-page","status-publish","hentry"],"acf":[],"yoast_head":"<!-- This site is optimized with the Yoast SEO plugin v27.3 - https:\/\/yoast.com\/product\/yoast-seo-wordpress\/ -->\n<title>Contato - @Neg\u00f3cios<\/title>\n<meta name=\"robots\" content=\"index, follow, max-snippet:-1, max-image-preview:large, max-video-preview:-1\" \/>\n<link rel=\"canonical\" href=\"https:\/\/anegocios.com.br\/en\/contato\/\" \/>\n<meta property=\"og:locale\" content=\"en_US\" \/>\n<meta property=\"og:type\" content=\"article\" \/>\n<meta property=\"og:title\" content=\"Contato - @Neg\u00f3cios\" \/>\n<meta property=\"og:description\" content=\"Transforme seu projeto em uma hist\u00f3ria de sucesso com a A Neg\u00f3cios. Nossos\u00a0especialistas\u00a0est\u00e3o prontos para receber sua solicita\u00e7\u00e3o de contato, conhecer seu neg\u00f3cio, entender suas necessidades, apresentar nossas\u00a0SOLU\u00c7\u00d5ES, estudar possibilidades e, com base em um planejamento s\u00f3lido, desenvolver estrat\u00e9gias que promovam\u00a0resultados reais. Temos autoridade comprovada, conhe\u00e7a nossa case Ver case completa\" \/>\n<meta property=\"og:url\" content=\"https:\/\/anegocios.com.br\/en\/contato\/\" \/>\n<meta property=\"og:site_name\" content=\"@Neg\u00f3cios\" \/>\n<meta property=\"article:modified_time\" content=\"2024-07-30T14:18:16+00:00\" \/>\n<meta name=\"twitter:card\" content=\"summary_large_image\" \/>\n<meta name=\"twitter:label1\" content=\"Est. reading time\" \/>\n\t<meta name=\"twitter:data1\" content=\"1 minute\" \/>\n<script type=\"application\/ld+json\" class=\"yoast-schema-graph\">{\"@context\":\"https:\\\/\\\/schema.org\",\"@graph\":[{\"@type\":\"WebPage\",\"@id\":\"https:\\\/\\\/anegocios.com.br\\\/contato\\\/\",\"url\":\"https:\\\/\\\/anegocios.com.br\\\/contato\\\/\",\"name\":\"Contato - @Neg\u00f3cios\",\"isPartOf\":{\"@id\":\"https:\\\/\\\/anegocios.com.br\\\/#website\"},\"datePublished\":\"2023-03-07T18:50:26+00:00\",\"dateModified\":\"2024-07-30T14:18:16+00:00\",\"breadcrumb\":{\"@id\":\"https:\\\/\\\/anegocios.com.br\\\/contato\\\/#breadcrumb\"},\"inLanguage\":\"en-US\",\"potentialAction\":[{\"@type\":\"ReadAction\",\"target\":[\"https:\\\/\\\/anegocios.com.br\\\/contato\\\/\"]}]},{\"@type\":\"BreadcrumbList\",\"@id\":\"https:\\\/\\\/anegocios.com.br\\\/contato\\\/#breadcrumb\",\"itemListElement\":[{\"@type\":\"ListItem\",\"position\":1,\"name\":\"In\u00edcio\",\"item\":\"https:\\\/\\\/anegocios.com.br\\\/\"},{\"@type\":\"ListItem\",\"position\":2,\"name\":\"Contato\"}]},{\"@type\":\"WebSite\",\"@id\":\"https:\\\/\\\/anegocios.com.br\\\/#website\",\"url\":\"https:\\\/\\\/anegocios.com.br\\\/\",\"name\":\"@Neg\u00f3cios\",\"description\":\"Ag\u00eancia Digital: Websites, Lojas Virtuais, Marketing, Aplicativos Mobile, Comunica\u00e7\u00e3o Visual, Registro de Marca, Patentes\",\"publisher\":{\"@id\":\"https:\\\/\\\/anegocios.com.br\\\/#organization\"},\"potentialAction\":[{\"@type\":\"SearchAction\",\"target\":{\"@type\":\"EntryPoint\",\"urlTemplate\":\"https:\\\/\\\/anegocios.com.br\\\/?s={search_term_string}\"},\"query-input\":{\"@type\":\"PropertyValueSpecification\",\"valueRequired\":true,\"valueName\":\"search_term_string\"}}],\"inLanguage\":\"en-US\"},{\"@type\":\"Organization\",\"@id\":\"https:\\\/\\\/anegocios.com.br\\\/#organization\",\"name\":\"@Neg\u00f3cios\",\"url\":\"https:\\\/\\\/anegocios.com.br\\\/\",\"logo\":{\"@type\":\"ImageObject\",\"inLanguage\":\"en-US\",\"@id\":\"https:\\\/\\\/anegocios.com.br\\\/#\\\/schema\\\/logo\\\/image\\\/\",\"url\":\"https:\\\/\\\/anegocios.com.br\\\/wp-content\\\/uploads\\\/2023\\\/03\\\/logo-site.png\",\"contentUrl\":\"https:\\\/\\\/anegocios.com.br\\\/wp-content\\\/uploads\\\/2023\\\/03\\\/logo-site.png\",\"width\":250,\"height\":53,\"caption\":\"@Neg\u00f3cios\"},\"image\":{\"@id\":\"https:\\\/\\\/anegocios.com.br\\\/#\\\/schema\\\/logo\\\/image\\\/\"}}]}<\/script>\n<!-- \/ Yoast SEO plugin. -->","yoast_head_json":{"title":"Contato - @Neg\u00f3cios","robots":{"index":"index","follow":"follow","max-snippet":"max-snippet:-1","max-image-preview":"max-image-preview:large","max-video-preview":"max-video-preview:-1"},"canonical":"https:\/\/anegocios.com.br\/en\/contato\/","og_locale":"en_US","og_type":"article","og_title":"Contato - @Neg\u00f3cios","og_description":"Transforme seu projeto em uma hist\u00f3ria de sucesso com a A Neg\u00f3cios. Nossos\u00a0especialistas\u00a0est\u00e3o prontos para receber sua solicita\u00e7\u00e3o de contato, conhecer seu neg\u00f3cio, entender suas necessidades, apresentar nossas\u00a0SOLU\u00c7\u00d5ES, estudar possibilidades e, com base em um planejamento s\u00f3lido, desenvolver estrat\u00e9gias que promovam\u00a0resultados reais. Temos autoridade comprovada, conhe\u00e7a nossa case Ver case completa","og_url":"https:\/\/anegocios.com.br\/en\/contato\/","og_site_name":"@Neg\u00f3cios","article_modified_time":"2024-07-30T14:18:16+00:00","twitter_card":"summary_large_image","twitter_misc":{"Est. reading time":"1 minute"},"schema":{"@context":"https:\/\/schema.org","@graph":[{"@type":"WebPage","@id":"https:\/\/anegocios.com.br\/contato\/","url":"https:\/\/anegocios.com.br\/contato\/","name":"Contato - @Neg\u00f3cios","isPartOf":{"@id":"https:\/\/anegocios.com.br\/#website"},"datePublished":"2023-03-07T18:50:26+00:00","dateModified":"2024-07-30T14:18:16+00:00","breadcrumb":{"@id":"https:\/\/anegocios.com.br\/contato\/#breadcrumb"},"inLanguage":"en-US","potentialAction":[{"@type":"ReadAction","target":["https:\/\/anegocios.com.br\/contato\/"]}]},{"@type":"BreadcrumbList","@id":"https:\/\/anegocios.com.br\/contato\/#breadcrumb","itemListElement":[{"@type":"ListItem","position":1,"name":"In\u00edcio","item":"https:\/\/anegocios.com.br\/"},{"@type":"ListItem","position":2,"name":"Contato"}]},{"@type":"WebSite","@id":"https:\/\/anegocios.com.br\/#website","url":"https:\/\/anegocios.com.br\/","name":"@Neg\u00f3cios","description":"Ag\u00eancia Digital: Websites, Lojas Virtuais, Marketing, Aplicativos Mobile, Comunica\u00e7\u00e3o Visual, Registro de Marca, Patentes","publisher":{"@id":"https:\/\/anegocios.com.br\/#organization"},"potentialAction":[{"@type":"SearchAction","target":{"@type":"EntryPoint","urlTemplate":"https:\/\/anegocios.com.br\/?s={search_term_string}"},"query-input":{"@type":"PropertyValueSpecification","valueRequired":true,"valueName":"search_term_string"}}],"inLanguage":"en-US"},{"@type":"Organization","@id":"https:\/\/anegocios.com.br\/#organization","name":"@Neg\u00f3cios","url":"https:\/\/anegocios.com.br\/","logo":{"@type":"ImageObject","inLanguage":"en-US","@id":"https:\/\/anegocios.com.br\/#\/schema\/logo\/image\/","url":"https:\/\/anegocios.com.br\/wp-content\/uploads\/2023\/03\/logo-site.png","contentUrl":"https:\/\/anegocios.com.br\/wp-content\/uploads\/2023\/03\/logo-site.png","width":250,"height":53,"caption":"@Neg\u00f3cios"},"image":{"@id":"https:\/\/anegocios.com.br\/#\/schema\/logo\/image\/"}}]}},"_links":{"self":[{"href":"https:\/\/anegocios.com.br\/en\/wp-json\/wp\/v2\/pages\/4896","targetHints":{"allow":["GET"]}}],"collection":[{"href":"https:\/\/anegocios.com.br\/en\/wp-json\/wp\/v2\/pages"}],"about":[{"href":"https:\/\/anegocios.com.br\/en\/wp-json\/wp\/v2\/types\/page"}],"author":[{"embeddable":true,"href":"https:\/\/anegocios.com.br\/en\/wp-json\/wp\/v2\/users\/1"}],"replies":[{"embeddable":true,"href":"https:\/\/anegocios.com.br\/en\/wp-json\/wp\/v2\/comments?post=4896"}],"version-history":[{"count":3,"href":"https:\/\/anegocios.com.br\/en\/wp-json\/wp\/v2\/pages\/4896\/revisions"}],"predecessor-version":[{"id":5973,"href":"https:\/\/anegocios.com.br\/en\/wp-json\/wp\/v2\/pages\/4896\/revisions\/5973"}],"wp:attachment":[{"href":"https:\/\/anegocios.com.br\/en\/wp-json\/wp\/v2\/media?parent=4896"}],"curies":[{"name":"wp","href":"https:\/\/api.w.org\/{rel}","templated":true}]}}