{"id":6596,"date":"2026-02-26T13:32:47","date_gmt":"2026-02-26T16:32:47","guid":{"rendered":"https:\/\/anegocios.com.br\/?page_id=6596"},"modified":"2026-02-26T14:29:01","modified_gmt":"2026-02-26T17:29:01","slug":"sc-modelo-01","status":"publish","type":"page","link":"https:\/\/anegocios.com.br\/en\/sc-modelo-01\/","title":{"rendered":"SC &#8211; Modelo 01"},"content":{"rendered":"\t\t<div data-elementor-type=\"wp-page\" data-elementor-id=\"6596\" class=\"elementor elementor-6596\" data-elementor-post-type=\"page\">\n\t\t\t\t<div class=\"elementor-element elementor-element-b687381 e-flex e-con-boxed e-con e-parent\" data-id=\"b687381\" data-element_type=\"container\" data-e-type=\"container\" data-settings=\"{&quot;background_background&quot;:&quot;classic&quot;}\">\n\t\t\t\t\t<div class=\"e-con-inner\">\n\t\t<div class=\"elementor-element elementor-element-2091c5f e-con-full e-flex e-con e-child\" data-id=\"2091c5f\" data-element_type=\"container\" data-e-type=\"container\">\n\t\t\t\t<div class=\"elementor-element elementor-element-2a8dc5b elementor-widget elementor-widget-heading\" data-id=\"2a8dc5b\" data-element_type=\"widget\" data-e-type=\"widget\" data-widget_type=\"heading.default\">\n\t\t\t\t<div class=\"elementor-widget-container\">\n\t\t\t\t\t<h2 class=\"elementor-heading-title elementor-size-default\">Lucas D.<\/h2>\t\t\t\t<\/div>\n\t\t\t\t<\/div>\n\t\t\t\t<div class=\"elementor-element elementor-element-65c7cb5 elementor-widget elementor-widget-heading\" data-id=\"65c7cb5\" data-element_type=\"widget\" data-e-type=\"widget\" data-widget_type=\"heading.default\">\n\t\t\t\t<div class=\"elementor-widget-container\">\n\t\t\t\t\t<h2 class=\"elementor-heading-title elementor-size-default\">&amp;<\/h2>\t\t\t\t<\/div>\n\t\t\t\t<\/div>\n\t\t\t\t<div class=\"elementor-element elementor-element-1f6c741 elementor-widget elementor-widget-heading\" data-id=\"1f6c741\" data-element_type=\"widget\" data-e-type=\"widget\" data-widget_type=\"heading.default\">\n\t\t\t\t<div class=\"elementor-widget-container\">\n\t\t\t\t\t<h2 class=\"elementor-heading-title elementor-size-default\">Sivia T.<\/h2>\t\t\t\t<\/div>\n\t\t\t\t<\/div>\n\t\t<div class=\"elementor-element elementor-element-39f7bb2 e-con-full e-flex e-con e-child\" data-id=\"39f7bb2\" data-element_type=\"container\" data-e-type=\"container\">\n\t\t\t\t<div class=\"elementor-element elementor-element-655b619 elementor-countdown--label-block elementor-widget elementor-widget-countdown\" data-id=\"655b619\" data-element_type=\"widget\" data-e-type=\"widget\" data-widget_type=\"countdown.default\">\n\t\t\t\t<div class=\"elementor-widget-container\">\n\t\t\t\t\t\t\t<div data-expire-actions=\"[{&quot;type&quot;:&quot;hide&quot;}]\" class=\"elementor-countdown-wrapper\" data-date=\"1901205180\">\n\t\t\t<div class=\"elementor-countdown-item\"><span class=\"elementor-countdown-digits elementor-countdown-days\"><\/span> <span class=\"elementor-countdown-label\">Dias<\/span><\/div><div class=\"elementor-countdown-item\"><span class=\"elementor-countdown-digits elementor-countdown-hours\"><\/span> <span class=\"elementor-countdown-label\">Horas<\/span><\/div><div class=\"elementor-countdown-item\"><span class=\"elementor-countdown-digits elementor-countdown-minutes\"><\/span> <span class=\"elementor-countdown-label\">minutos<\/span><\/div><div class=\"elementor-countdown-item\"><span class=\"elementor-countdown-digits elementor-countdown-seconds\"><\/span> <span class=\"elementor-countdown-label\">Segundos<\/span><\/div>\t\t<\/div>\n\t\t\t\t\t\t<\/div>\n\t\t\t\t<\/div>\n\t\t\t\t<\/div>\n\t\t\t\t<\/div>\n\t\t<div class=\"elementor-element elementor-element-022ee5b e-con-full e-flex e-con e-child\" data-id=\"022ee5b\" data-element_type=\"container\" data-e-type=\"container\">\n\t\t\t\t<div class=\"elementor-element elementor-element-b8d3765 elementor-view-framed elementor-shape-circle elementor-widget elementor-widget-icon\" data-id=\"b8d3765\" data-element_type=\"widget\" data-e-type=\"widget\" data-widget_type=\"icon.default\">\n\t\t\t\t<div class=\"elementor-widget-container\">\n\t\t\t\t\t\t\t<div class=\"elementor-icon-wrapper\">\n\t\t\t<div class=\"elementor-icon\">\n\t\t\t<svg aria-hidden=\"true\" class=\"e-font-icon-svg e-fas-angle-double-down\" viewBox=\"0 0 320 512\" xmlns=\"http:\/\/www.w3.org\/2000\/svg\"><path d=\"M143 256.3L7 120.3c-9.4-9.4-9.4-24.6 0-33.9l22.6-22.6c9.4-9.4 24.6-9.4 33.9 0l96.4 96.4 96.4-96.4c9.4-9.4 24.6-9.4 33.9 0L313 86.3c9.4 9.4 9.4 24.6 0 33.9l-136 136c-9.4 9.5-24.6 9.5-34 .1zm34 192l136-136c9.4-9.4 9.4-24.6 0-33.9l-22.6-22.6c-9.4-9.4-24.6-9.4-33.9 0L160 352.1l-96.4-96.4c-9.4-9.4-24.6-9.4-33.9 0L7 278.3c-9.4 9.4-9.4 24.6 0 33.9l136 136c9.4 9.5 24.6 9.5 34 .1z\"><\/path><\/svg>\t\t\t<\/div>\n\t\t<\/div>\n\t\t\t\t\t\t<\/div>\n\t\t\t\t<\/div>\n\t\t\t\t<\/div>\n\t\t\t\t\t<\/div>\n\t\t\t\t<\/div>\n\t\t\t\t<\/div>\n\t\t","protected":false},"excerpt":{"rendered":"<p>Lucas D. &amp; Sivia T. Dias Horas minutos Segundos<\/p>","protected":false},"author":1,"featured_media":0,"parent":0,"menu_order":0,"comment_status":"closed","ping_status":"closed","template":"elementor_canvas","meta":{"_acf_changed":false,"_monsterinsights_skip_tracking":false,"_monsterinsights_sitenote_active":false,"_monsterinsights_sitenote_note":"","_monsterinsights_sitenote_category":0,"_mbp_gutenberg_autopost":false,"footnotes":""},"class_list":["post-6596","page","type-page","status-publish","hentry"],"acf":[],"yoast_head":"<!-- This site is optimized with the Yoast SEO plugin v27.4 - https:\/\/yoast.com\/product\/yoast-seo-wordpress\/ -->\n<title>SC - Modelo 01 - @Neg\u00f3cios<\/title>\n<meta name=\"robots\" content=\"index, follow, max-snippet:-1, max-image-preview:large, max-video-preview:-1\" \/>\n<link rel=\"canonical\" href=\"https:\/\/anegocios.com.br\/en\/sc-modelo-01\/\" \/>\n<meta property=\"og:locale\" content=\"en_US\" \/>\n<meta property=\"og:type\" content=\"article\" \/>\n<meta property=\"og:title\" content=\"SC - Modelo 01 - @Neg\u00f3cios\" \/>\n<meta property=\"og:description\" content=\"Lucas D. &amp; Sivia T. Dias Horas minutos Segundos\" \/>\n<meta property=\"og:url\" content=\"https:\/\/anegocios.com.br\/en\/sc-modelo-01\/\" \/>\n<meta property=\"og:site_name\" content=\"@Neg\u00f3cios\" \/>\n<meta property=\"article:modified_time\" content=\"2026-02-26T17:29:01+00:00\" \/>\n<meta name=\"twitter:card\" content=\"summary_large_image\" \/>\n<meta name=\"twitter:label1\" content=\"Est. reading time\" \/>\n\t<meta name=\"twitter:data1\" content=\"1 minute\" \/>\n<script type=\"application\/ld+json\" class=\"yoast-schema-graph\">{\"@context\":\"https:\\\/\\\/schema.org\",\"@graph\":[{\"@type\":\"WebPage\",\"@id\":\"https:\\\/\\\/anegocios.com.br\\\/sc-modelo-01\\\/\",\"url\":\"https:\\\/\\\/anegocios.com.br\\\/sc-modelo-01\\\/\",\"name\":\"SC - Modelo 01 - @Neg\u00f3cios\",\"isPartOf\":{\"@id\":\"https:\\\/\\\/anegocios.com.br\\\/#website\"},\"datePublished\":\"2026-02-26T16:32:47+00:00\",\"dateModified\":\"2026-02-26T17:29:01+00:00\",\"breadcrumb\":{\"@id\":\"https:\\\/\\\/anegocios.com.br\\\/sc-modelo-01\\\/#breadcrumb\"},\"inLanguage\":\"en-US\",\"potentialAction\":[{\"@type\":\"ReadAction\",\"target\":[\"https:\\\/\\\/anegocios.com.br\\\/sc-modelo-01\\\/\"]}]},{\"@type\":\"BreadcrumbList\",\"@id\":\"https:\\\/\\\/anegocios.com.br\\\/sc-modelo-01\\\/#breadcrumb\",\"itemListElement\":[{\"@type\":\"ListItem\",\"position\":1,\"name\":\"In\u00edcio\",\"item\":\"https:\\\/\\\/anegocios.com.br\\\/\"},{\"@type\":\"ListItem\",\"position\":2,\"name\":\"SC &#8211; Modelo 01\"}]},{\"@type\":\"WebSite\",\"@id\":\"https:\\\/\\\/anegocios.com.br\\\/#website\",\"url\":\"https:\\\/\\\/anegocios.com.br\\\/\",\"name\":\"@Neg\u00f3cios\",\"description\":\"Ag\u00eancia Digital: Websites, Lojas Virtuais, Marketing, Aplicativos Mobile, Comunica\u00e7\u00e3o Visual, Registro de Marca, Patentes\",\"publisher\":{\"@id\":\"https:\\\/\\\/anegocios.com.br\\\/#organization\"},\"potentialAction\":[{\"@type\":\"SearchAction\",\"target\":{\"@type\":\"EntryPoint\",\"urlTemplate\":\"https:\\\/\\\/anegocios.com.br\\\/?s={search_term_string}\"},\"query-input\":{\"@type\":\"PropertyValueSpecification\",\"valueRequired\":true,\"valueName\":\"search_term_string\"}}],\"inLanguage\":\"en-US\"},{\"@type\":\"Organization\",\"@id\":\"https:\\\/\\\/anegocios.com.br\\\/#organization\",\"name\":\"@Neg\u00f3cios\",\"url\":\"https:\\\/\\\/anegocios.com.br\\\/\",\"logo\":{\"@type\":\"ImageObject\",\"inLanguage\":\"en-US\",\"@id\":\"https:\\\/\\\/anegocios.com.br\\\/#\\\/schema\\\/logo\\\/image\\\/\",\"url\":\"https:\\\/\\\/anegocios.com.br\\\/wp-content\\\/uploads\\\/2023\\\/03\\\/logo-site.png\",\"contentUrl\":\"https:\\\/\\\/anegocios.com.br\\\/wp-content\\\/uploads\\\/2023\\\/03\\\/logo-site.png\",\"width\":250,\"height\":53,\"caption\":\"@Neg\u00f3cios\"},\"image\":{\"@id\":\"https:\\\/\\\/anegocios.com.br\\\/#\\\/schema\\\/logo\\\/image\\\/\"}}]}<\/script>\n<!-- \/ Yoast SEO plugin. -->","yoast_head_json":{"title":"SC - Modelo 01 - @Neg\u00f3cios","robots":{"index":"index","follow":"follow","max-snippet":"max-snippet:-1","max-image-preview":"max-image-preview:large","max-video-preview":"max-video-preview:-1"},"canonical":"https:\/\/anegocios.com.br\/en\/sc-modelo-01\/","og_locale":"en_US","og_type":"article","og_title":"SC - Modelo 01 - @Neg\u00f3cios","og_description":"Lucas D. &amp; Sivia T. Dias Horas minutos Segundos","og_url":"https:\/\/anegocios.com.br\/en\/sc-modelo-01\/","og_site_name":"@Neg\u00f3cios","article_modified_time":"2026-02-26T17:29:01+00:00","twitter_card":"summary_large_image","twitter_misc":{"Est. reading time":"1 minute"},"schema":{"@context":"https:\/\/schema.org","@graph":[{"@type":"WebPage","@id":"https:\/\/anegocios.com.br\/sc-modelo-01\/","url":"https:\/\/anegocios.com.br\/sc-modelo-01\/","name":"SC - Modelo 01 - @Neg\u00f3cios","isPartOf":{"@id":"https:\/\/anegocios.com.br\/#website"},"datePublished":"2026-02-26T16:32:47+00:00","dateModified":"2026-02-26T17:29:01+00:00","breadcrumb":{"@id":"https:\/\/anegocios.com.br\/sc-modelo-01\/#breadcrumb"},"inLanguage":"en-US","potentialAction":[{"@type":"ReadAction","target":["https:\/\/anegocios.com.br\/sc-modelo-01\/"]}]},{"@type":"BreadcrumbList","@id":"https:\/\/anegocios.com.br\/sc-modelo-01\/#breadcrumb","itemListElement":[{"@type":"ListItem","position":1,"name":"In\u00edcio","item":"https:\/\/anegocios.com.br\/"},{"@type":"ListItem","position":2,"name":"SC &#8211; Modelo 01"}]},{"@type":"WebSite","@id":"https:\/\/anegocios.com.br\/#website","url":"https:\/\/anegocios.com.br\/","name":"@Neg\u00f3cios","description":"Ag\u00eancia Digital: Websites, Lojas Virtuais, Marketing, Aplicativos Mobile, Comunica\u00e7\u00e3o Visual, Registro de Marca, Patentes","publisher":{"@id":"https:\/\/anegocios.com.br\/#organization"},"potentialAction":[{"@type":"SearchAction","target":{"@type":"EntryPoint","urlTemplate":"https:\/\/anegocios.com.br\/?s={search_term_string}"},"query-input":{"@type":"PropertyValueSpecification","valueRequired":true,"valueName":"search_term_string"}}],"inLanguage":"en-US"},{"@type":"Organization","@id":"https:\/\/anegocios.com.br\/#organization","name":"@Neg\u00f3cios","url":"https:\/\/anegocios.com.br\/","logo":{"@type":"ImageObject","inLanguage":"en-US","@id":"https:\/\/anegocios.com.br\/#\/schema\/logo\/image\/","url":"https:\/\/anegocios.com.br\/wp-content\/uploads\/2023\/03\/logo-site.png","contentUrl":"https:\/\/anegocios.com.br\/wp-content\/uploads\/2023\/03\/logo-site.png","width":250,"height":53,"caption":"@Neg\u00f3cios"},"image":{"@id":"https:\/\/anegocios.com.br\/#\/schema\/logo\/image\/"}}]}},"_links":{"self":[{"href":"https:\/\/anegocios.com.br\/en\/wp-json\/wp\/v2\/pages\/6596","targetHints":{"allow":["GET"]}}],"collection":[{"href":"https:\/\/anegocios.com.br\/en\/wp-json\/wp\/v2\/pages"}],"about":[{"href":"https:\/\/anegocios.com.br\/en\/wp-json\/wp\/v2\/types\/page"}],"author":[{"embeddable":true,"href":"https:\/\/anegocios.com.br\/en\/wp-json\/wp\/v2\/users\/1"}],"replies":[{"embeddable":true,"href":"https:\/\/anegocios.com.br\/en\/wp-json\/wp\/v2\/comments?post=6596"}],"version-history":[{"count":4,"href":"https:\/\/anegocios.com.br\/en\/wp-json\/wp\/v2\/pages\/6596\/revisions"}],"predecessor-version":[{"id":6602,"href":"https:\/\/anegocios.com.br\/en\/wp-json\/wp\/v2\/pages\/6596\/revisions\/6602"}],"wp:attachment":[{"href":"https:\/\/anegocios.com.br\/en\/wp-json\/wp\/v2\/media?parent=6596"}],"curies":[{"name":"wp","href":"https:\/\/api.w.org\/{rel}","templated":true}]}}